{"id":89418,"date":"2018-04-20T07:28:56","date_gmt":"2022-11-04T16:06:05","guid":{"rendered":"https:\/\/staging.agrovin.com\/fara-categorie\/hidroxid-de-sodiu-50\/"},"modified":"2025-10-06T16:31:07","modified_gmt":"2025-10-06T14:31:07","slug":"hidroxido-sodico-50","status":"publish","type":"product","link":"https:\/\/agrovin.com\/ro\/produse-oenologice\/altele\/hidroxido-sodico-50\/","title":{"rendered":"HIDR\u00d3XIDO S\u00d3DICO 50%"},"content":{"rendered":"<h3>CARACTERISTICI<\/h3>\n<ul>\n<li>Lichid incolor.<\/li>\n<li>Solubil \u00een ap\u0103.<\/li>\n<li>Detergent lichid puternic alcalin.<\/li>\n<li>Capacitate bun\u0103 de umezire, ceea ce spore\u0219te penetrarea \u0219i dizolvarea murd\u0103riei.<\/li>\n<li>Nu produce spum\u0103, ceea ce faciliteaz\u0103 cl\u0103tirea ulterioar\u0103. -Poate fi dozat automat.<\/li>\n<li>Compatibil cu o\u021belul inoxidabil, fierul, sticla, \u021bigla \u0219i acoperiri epoxidice rezistente la alcalii.<\/li>\n<\/ul>\n<h3>APLICA\u021aII<\/h3>\n<ul>\n<li>Cur\u0103\u021barea interioar\u0103 a diferitelor containere: rezervoare, butoaie \u0219i alte containere.<\/li>\n<li>Cur\u0103\u021barea pardoselilor puternic unse cu ulei.<\/li>\n<li>Tuneluri automate de sp\u0103lare pentru l\u0103zi, t\u0103vi\u021be etc.<\/li>\n<li>Cur\u0103\u021barea utilajelor (centrifuge).<\/li>\n<li>Sp\u0103larea sticlelor.<\/li>\n<li>Solu\u021bie de neutralizare pentru sistemul FreeK\u207a.<\/li>\n<\/ul>\n<h3>DOZAJ<\/h3>\n<div class=\"page\" title=\"Pagina 1\">\n<div class=\"layoutArea\">\n<div class=\"column\">\n<p>Dozajul care trebuie aplicat va depinde de suprafa\u021ba sau recipientul pe care urmeaz\u0103 s\u0103 fie utilizat, precum \u0219i de gradul de cur\u0103\u021benie dorit.<\/p>\n<\/div>\n<\/div>\n<\/div>\n","protected":false},"excerpt":{"rendered":"<p>Hidroxidul de sodiu (NaOH), cunoscut \u0219i sub numele de sod\u0103 caustic\u0103, este un hidroxid caustic utilizat pe scar\u0103 larg\u0103 \u00een industrie, \u00een principal ca baz\u0103 chimic\u0103.<\/p>\n","protected":false},"featured_media":34794,"template":"","meta":{"_acf_changed":false,"inline_featured_image":false,"site-sidebar-layout":"default","site-content-layout":"default","ast-site-content-layout":"default","site-content-style":"default","site-sidebar-style":"default","ast-global-header-display":"","ast-banner-title-visibility":"","ast-main-header-display":"","ast-hfb-above-header-display":"","ast-hfb-below-header-display":"","ast-hfb-mobile-header-display":"","site-post-title":"","ast-breadcrumbs-content":"","ast-featured-img":"","footer-sml-layout":"","ast-disable-related-posts":"","theme-transparent-header-meta":"default","adv-header-id-meta":"","stick-header-meta":"","header-above-stick-meta":"","header-main-stick-meta":"","header-below-stick-meta":"","astra-migrate-meta-layouts":"set","ast-page-background-enabled":"default","ast-page-background-meta":{"desktop":{"background-color":"var(--ast-global-color-5)","background-image":"","background-repeat":"repeat","background-position":"center center","background-size":"auto","background-attachment":"scroll","background-type":"","background-media":"","overlay-type":"","overlay-color":"","overlay-opacity":"","overlay-gradient":""},"tablet":{"background-color":"","background-image":"","background-repeat":"repeat","background-position":"center center","background-size":"auto","background-attachment":"scroll","background-type":"","background-media":"","overlay-type":"","overlay-color":"","overlay-opacity":"","overlay-gradient":""},"mobile":{"background-color":"","background-image":"","background-repeat":"repeat","background-position":"center center","background-size":"auto","background-attachment":"scroll","background-type":"","background-media":"","overlay-type":"","overlay-color":"","overlay-opacity":"","overlay-gradient":""}},"ast-content-background-meta":{"desktop":{"background-color":"var(--ast-global-color-4)","background-image":"","background-repeat":"repeat","background-position":"center center","background-size":"auto","background-attachment":"scroll","background-type":"","background-media":"","overlay-type":"","overlay-color":"","overlay-opacity":"","overlay-gradient":""},"tablet":{"background-color":"var(--ast-global-color-4)","background-image":"","background-repeat":"repeat","background-position":"center center","background-size":"auto","background-attachment":"scroll","background-type":"","background-media":"","overlay-type":"","overlay-color":"","overlay-opacity":"","overlay-gradient":""},"mobile":{"background-color":"var(--ast-global-color-4)","background-image":"","background-repeat":"repeat","background-position":"center center","background-size":"auto","background-attachment":"scroll","background-type":"","background-media":"","overlay-type":"","overlay-color":"","overlay-opacity":"","overlay-gradient":""}}},"product_brand":[],"product_cat":[1412],"product_tag":[],"class_list":{"0":"post-89418","1":"product","2":"type-product","3":"status-publish","4":"has-post-thumbnail","6":"product_cat-altele","7":"desktop-align-left","8":"tablet-align-left","9":"mobile-align-left","11":"first","12":"instock","13":"virtual","14":"product-type-simple"},"acf":[],"_links":{"self":[{"href":"https:\/\/agrovin.com\/ro\/wp-json\/wp\/v2\/product\/89418","targetHints":{"allow":["GET"]}}],"collection":[{"href":"https:\/\/agrovin.com\/ro\/wp-json\/wp\/v2\/product"}],"about":[{"href":"https:\/\/agrovin.com\/ro\/wp-json\/wp\/v2\/types\/product"}],"version-history":[{"count":1,"href":"https:\/\/agrovin.com\/ro\/wp-json\/wp\/v2\/product\/89418\/revisions"}],"predecessor-version":[{"id":122230,"href":"https:\/\/agrovin.com\/ro\/wp-json\/wp\/v2\/product\/89418\/revisions\/122230"}],"wp:featuredmedia":[{"embeddable":true,"href":"https:\/\/agrovin.com\/ro\/wp-json\/wp\/v2\/media\/34794"}],"wp:attachment":[{"href":"https:\/\/agrovin.com\/ro\/wp-json\/wp\/v2\/media?parent=89418"}],"wp:term":[{"taxonomy":"product_brand","embeddable":true,"href":"https:\/\/agrovin.com\/ro\/wp-json\/wp\/v2\/product_brand?post=89418"},{"taxonomy":"product_cat","embeddable":true,"href":"https:\/\/agrovin.com\/ro\/wp-json\/wp\/v2\/product_cat?post=89418"},{"taxonomy":"product_tag","embeddable":true,"href":"https:\/\/agrovin.com\/ro\/wp-json\/wp\/v2\/product_tag?post=89418"}],"curies":[{"name":"wp","href":"https:\/\/api.w.org\/{rel}","templated":true}]}}