{"id":89408,"date":"2018-04-20T07:37:36","date_gmt":"2022-11-04T16:05:51","guid":{"rendered":"https:\/\/staging.agrovin.com\/fara-categorie\/radifil-rw-1214\/"},"modified":"2025-10-06T16:26:26","modified_gmt":"2025-10-06T14:26:26","slug":"radifil-rw-1214","status":"publish","type":"product","link":"https:\/\/agrovin.com\/ro\/produse-oenologice\/produse-filtrare\/radifil-rw-1214\/","title":{"rendered":"RADIFIL RW (12,14)"},"content":{"rendered":"<h3>CARACTERISTICI<\/h3>\n<p>Diatomeele provin din roci sedimentare foarte poroase, const\u00e2nd \u00een principal din cochilii silicioase fosilizate de alge unicelulare micro-oscopice \u0219i sunt utilizate ca adjuvan\u021bi de filtrare, datorit\u0103 porozit\u0103\u021bii lor \u0219i capacit\u0103\u021bii ridicate de adsorb\u021bie.<\/p>\n<p>Din cauza porozit\u0103\u021bii sale ridicate, diatomita extras\u0103 din cariere con\u021bine 60-70% ap\u0103. Dup\u0103 m\u0103cinare, minereul este uscat, zdrobit \u0219i apoi purificat sub form\u0103 de pulbere.<\/p>\n<p>Diatomeele Radifil RW sunt apoi calcinate \u00een cuptoare \u00eentre 800 \u0219i 1100o C. Aceast\u0103 calcinare \u00eendep\u0103rteaz\u0103 materia organic\u0103 \u0219i aglomereaz\u0103 diatomeele, f\u0103r\u0103 a le modifica porozitatea.<\/p>\n<p>Dup\u0103 r\u0103cire, produsul este m\u0103cinat \u0219i apoi sortat pentru a realiza t\u0103ieturi precise ale dimensiunilor particulelor, r\u0103spunz\u00e2nd astfel diverselor aplica\u021bii.<\/p>\n<h3>APLICA\u021aIE<\/h3>\n<p>Filtrarea b\u0103uturilor, cum ar fi musturile, vinurile, berile, sucurile, cidrele, uleiurile \u0219i gr\u0103simile.<\/p>\n","protected":false},"excerpt":{"rendered":"<p>Radifil RW sunt p\u0103m\u00e2nturi de diatomee cu o permeabilitate medie \u00eentre 0,90 \u0219i 17,5 darcies.<\/p>\n","protected":false},"featured_media":14765,"template":"","meta":{"_acf_changed":false,"inline_featured_image":false,"site-sidebar-layout":"default","site-content-layout":"default","ast-site-content-layout":"default","site-content-style":"default","site-sidebar-style":"default","ast-global-header-display":"","ast-banner-title-visibility":"","ast-main-header-display":"","ast-hfb-above-header-display":"","ast-hfb-below-header-display":"","ast-hfb-mobile-header-display":"","site-post-title":"","ast-breadcrumbs-content":"","ast-featured-img":"","footer-sml-layout":"","ast-disable-related-posts":"","theme-transparent-header-meta":"default","adv-header-id-meta":"","stick-header-meta":"","header-above-stick-meta":"","header-main-stick-meta":"","header-below-stick-meta":"","astra-migrate-meta-layouts":"set","ast-page-background-enabled":"default","ast-page-background-meta":{"desktop":{"background-color":"var(--ast-global-color-5)","background-image":"","background-repeat":"repeat","background-position":"center center","background-size":"auto","background-attachment":"scroll","background-type":"","background-media":"","overlay-type":"","overlay-color":"","overlay-opacity":"","overlay-gradient":""},"tablet":{"background-color":"","background-image":"","background-repeat":"repeat","background-position":"center center","background-size":"auto","background-attachment":"scroll","background-type":"","background-media":"","overlay-type":"","overlay-color":"","overlay-opacity":"","overlay-gradient":""},"mobile":{"background-color":"","background-image":"","background-repeat":"repeat","background-position":"center center","background-size":"auto","background-attachment":"scroll","background-type":"","background-media":"","overlay-type":"","overlay-color":"","overlay-opacity":"","overlay-gradient":""}},"ast-content-background-meta":{"desktop":{"background-color":"var(--ast-global-color-4)","background-image":"","background-repeat":"repeat","background-position":"center center","background-size":"auto","background-attachment":"scroll","background-type":"","background-media":"","overlay-type":"","overlay-color":"","overlay-opacity":"","overlay-gradient":""},"tablet":{"background-color":"var(--ast-global-color-4)","background-image":"","background-repeat":"repeat","background-position":"center center","background-size":"auto","background-attachment":"scroll","background-type":"","background-media":"","overlay-type":"","overlay-color":"","overlay-opacity":"","overlay-gradient":""},"mobile":{"background-color":"var(--ast-global-color-4)","background-image":"","background-repeat":"repeat","background-position":"center center","background-size":"auto","background-attachment":"scroll","background-type":"","background-media":"","overlay-type":"","overlay-color":"","overlay-opacity":"","overlay-gradient":""}}},"product_brand":[],"product_cat":[360],"product_tag":[],"class_list":{"0":"post-89408","1":"product","2":"type-product","3":"status-publish","4":"has-post-thumbnail","6":"product_cat-produse-filtrare","7":"pa_ecologico-autorizat-eu","8":"desktop-align-left","9":"tablet-align-left","10":"mobile-align-left","12":"first","13":"instock","14":"virtual","15":"product-type-simple"},"acf":[],"_links":{"self":[{"href":"https:\/\/agrovin.com\/ro\/wp-json\/wp\/v2\/product\/89408","targetHints":{"allow":["GET"]}}],"collection":[{"href":"https:\/\/agrovin.com\/ro\/wp-json\/wp\/v2\/product"}],"about":[{"href":"https:\/\/agrovin.com\/ro\/wp-json\/wp\/v2\/types\/product"}],"version-history":[{"count":1,"href":"https:\/\/agrovin.com\/ro\/wp-json\/wp\/v2\/product\/89408\/revisions"}],"predecessor-version":[{"id":122236,"href":"https:\/\/agrovin.com\/ro\/wp-json\/wp\/v2\/product\/89408\/revisions\/122236"}],"wp:featuredmedia":[{"embeddable":true,"href":"https:\/\/agrovin.com\/ro\/wp-json\/wp\/v2\/media\/14765"}],"wp:attachment":[{"href":"https:\/\/agrovin.com\/ro\/wp-json\/wp\/v2\/media?parent=89408"}],"wp:term":[{"taxonomy":"product_brand","embeddable":true,"href":"https:\/\/agrovin.com\/ro\/wp-json\/wp\/v2\/product_brand?post=89408"},{"taxonomy":"product_cat","embeddable":true,"href":"https:\/\/agrovin.com\/ro\/wp-json\/wp\/v2\/product_cat?post=89408"},{"taxonomy":"product_tag","embeddable":true,"href":"https:\/\/agrovin.com\/ro\/wp-json\/wp\/v2\/product_tag?post=89408"}],"curies":[{"name":"wp","href":"https:\/\/api.w.org\/{rel}","templated":true}]}}