{"id":89403,"date":"2018-04-19T15:00:59","date_gmt":"2022-11-04T16:05:41","guid":{"rendered":"https:\/\/staging.agrovin.com\/fara-categorie\/viniferm-oe-104\/"},"modified":"2022-11-05T15:20:57","modified_gmt":"2022-11-05T14:20:57","slug":"viniferm-oe-104","status":"publish","type":"product","link":"https:\/\/agrovin.com\/ro\/produse-oenologice\/bacterii-lactice\/viniferm-oe-104\/","title":{"rendered":"VINIFERM OE 104"},"content":{"rendered":"<h3>CARACTERISTICI<\/h3>\n<p>Viniferm \u0153 104 garanteaz\u0103 un num\u0103r \u0219i o viabilitate mai mare de bacterii lactice dec\u00e2t culturile lactice conven\u021bionale.<\/p>\n<p>Tulpinile de Oenococcus oeni din culturile lichide Viniferm &#8216;104 provin din selec\u021bia natural\u0103 a regiunilor viticole din Peninsula Iberic\u0103 \u0219i sunt perfect adaptate la condi\u021biile oenologice de la latitudinile noastre. Acestea sunt caracterizate de cel mai mare respect pentru caracterul varietal al vinului, at\u00e2t din punct de vedere analitic, c\u00e2t \u0219i senzorial.<\/p>\n<p>Aplicarea culturilor lichide Viniferm \u0153 104 selec\u021bionate limiteaz\u0103 riscul producerii de amine biogene.<\/p>\n<h3>APLICA\u021aIE<\/h3>\n<ul>\n<li>Cultura de Oenocococcus oeni adaptat\u0103 la vinurile cu expresie polifenolic\u0103 ridicat\u0103.<\/li>\n<li>Este deosebit de potrivit pentru producerea de vinuri ro\u0219ii cu macerare \u00eendelungat\u0103 \u0219i\/sau cu un con\u021binut ridicat de polifenoli totali.<\/li>\n<li>Potrivit pentru toate soiurile ro\u0219ii: Tempranillo, Garnacha, Monastrell, Merlot, Cabernet Sauvignon, Syrah.<\/li>\n<li>Rezultate excelente \u00een fermenta\u021bia malolactic\u0103 \u00een butoaie.<\/li>\n<\/ul>\n<h3>DOZAJ<\/h3>\n<ul>\n<li>1 l: Dozaj pentru 10.000 de litri de vin (100hl).<\/li>\n<li>500 ml: Dozaj pentru 5.000 de litri de vin (50hl).<\/li>\n<li>30 ml: Dozaj pentru butoi (225 l).<\/li>\n<\/ul>\n","protected":false},"excerpt":{"rendered":"<p>Viniferm \u0153 104 sunt culturi lichide de bacterii lactice, gata de utilizare, adaptate la condi\u021biile din vin. Acestea se afl\u0103 \u00een condi\u021bii optime pentru a \u00eencepe fermenta\u021bia malolactic\u0103 din momentul inocul\u0103rii.<\/p>\n","protected":false},"featured_media":121639,"template":"","meta":{"_acf_changed":false,"inline_featured_image":false,"site-sidebar-layout":"default","site-content-layout":"default","ast-site-content-layout":"default","site-content-style":"default","site-sidebar-style":"default","ast-global-header-display":"","ast-banner-title-visibility":"","ast-main-header-display":"","ast-hfb-above-header-display":"","ast-hfb-below-header-display":"","ast-hfb-mobile-header-display":"","site-post-title":"","ast-breadcrumbs-content":"","ast-featured-img":"","footer-sml-layout":"","ast-disable-related-posts":"","theme-transparent-header-meta":"default","adv-header-id-meta":"","stick-header-meta":"","header-above-stick-meta":"","header-main-stick-meta":"","header-below-stick-meta":"","astra-migrate-meta-layouts":"default","ast-page-background-enabled":"default","ast-page-background-meta":{"desktop":{"background-color":"var(--ast-global-color-5)","background-image":"","background-repeat":"repeat","background-position":"center center","background-size":"auto","background-attachment":"scroll","background-type":"","background-media":"","overlay-type":"","overlay-color":"","overlay-opacity":"","overlay-gradient":""},"tablet":{"background-color":"","background-image":"","background-repeat":"repeat","background-position":"center center","background-size":"auto","background-attachment":"scroll","background-type":"","background-media":"","overlay-type":"","overlay-color":"","overlay-opacity":"","overlay-gradient":""},"mobile":{"background-color":"","background-image":"","background-repeat":"repeat","background-position":"center center","background-size":"auto","background-attachment":"scroll","background-type":"","background-media":"","overlay-type":"","overlay-color":"","overlay-opacity":"","overlay-gradient":""}},"ast-content-background-meta":{"desktop":{"background-color":"var(--ast-global-color-4)","background-image":"","background-repeat":"repeat","background-position":"center center","background-size":"auto","background-attachment":"scroll","background-type":"","background-media":"","overlay-type":"","overlay-color":"","overlay-opacity":"","overlay-gradient":""},"tablet":{"background-color":"var(--ast-global-color-4)","background-image":"","background-repeat":"repeat","background-position":"center center","background-size":"auto","background-attachment":"scroll","background-type":"","background-media":"","overlay-type":"","overlay-color":"","overlay-opacity":"","overlay-gradient":""},"mobile":{"background-color":"var(--ast-global-color-4)","background-image":"","background-repeat":"repeat","background-position":"center center","background-size":"auto","background-attachment":"scroll","background-type":"","background-media":"","overlay-type":"","overlay-color":"","overlay-opacity":"","overlay-gradient":""}}},"product_brand":[],"product_cat":[158],"product_tag":[],"class_list":{"0":"post-89403","1":"product","2":"type-product","3":"status-publish","4":"has-post-thumbnail","6":"product_cat-bacterii-lactice","7":"desktop-align-left","8":"tablet-align-left","9":"mobile-align-left","11":"first","12":"instock","13":"virtual","14":"product-type-simple"},"acf":[],"_links":{"self":[{"href":"https:\/\/agrovin.com\/ro\/wp-json\/wp\/v2\/product\/89403","targetHints":{"allow":["GET"]}}],"collection":[{"href":"https:\/\/agrovin.com\/ro\/wp-json\/wp\/v2\/product"}],"about":[{"href":"https:\/\/agrovin.com\/ro\/wp-json\/wp\/v2\/types\/product"}],"version-history":[{"count":0,"href":"https:\/\/agrovin.com\/ro\/wp-json\/wp\/v2\/product\/89403\/revisions"}],"wp:featuredmedia":[{"embeddable":true,"href":"https:\/\/agrovin.com\/ro\/wp-json\/wp\/v2\/media\/121639"}],"wp:attachment":[{"href":"https:\/\/agrovin.com\/ro\/wp-json\/wp\/v2\/media?parent=89403"}],"wp:term":[{"taxonomy":"product_brand","embeddable":true,"href":"https:\/\/agrovin.com\/ro\/wp-json\/wp\/v2\/product_brand?post=89403"},{"taxonomy":"product_cat","embeddable":true,"href":"https:\/\/agrovin.com\/ro\/wp-json\/wp\/v2\/product_cat?post=89403"},{"taxonomy":"product_tag","embeddable":true,"href":"https:\/\/agrovin.com\/ro\/wp-json\/wp\/v2\/product_tag?post=89403"}],"curies":[{"name":"wp","href":"https:\/\/api.w.org\/{rel}","templated":true}]}}