{"id":89388,"date":"2018-04-19T15:56:17","date_gmt":"2022-11-04T16:05:19","guid":{"rendered":"https:\/\/staging.agrovin.com\/fara-categorie\/croer-do\/"},"modified":"2022-11-05T15:43:45","modified_gmt":"2022-11-05T14:43:45","slug":"croer-do","status":"publish","type":"product","link":"https:\/\/agrovin.com\/ro\/produse-oenologice\/altele\/croer-do\/","title":{"rendered":"CROER DO"},"content":{"rendered":"<h3>APLICA\u021aIE<\/h3>\n<p>Elimin\u0103 aromele de reducere din musturi \u0219i vinuri albe.<\/p>\n<h3>COMPOZI\u021aIE<\/h3>\n<p>Croer DO Carbon activ din lemn de pin.<\/p>\n<h3>INSTRUC\u021aIUNI DE UTILIZARE<\/h3>\n<ol>\n<li>Se dizolv\u0103 Croer DO \u00een de 2 ori greutatea sa \u00een produsul care urmeaz\u0103 s\u0103 fie tratat.<\/li>\n<li>Ad\u0103uga\u021bi solu\u021bia la volumul total al produsului care urmeaz\u0103 s\u0103 fie tratat cu ajutorul unei pompe, p\u00e2n\u0103 la omogenizarea complet\u0103 a acestuia.<\/li>\n<li>Se las\u0103 s\u0103 ac\u021bioneze timp de 2 ore, p\u00e2n\u0103 la decantare.<\/li>\n<li>Se filtreaz\u0103 produsul pentru a elimina carbonul \u00een suspensie.<\/li>\n<\/ol>\n<h3>CALIT\u0102\u021aI ORGANOLEPTICE<\/h3>\n<p>Aplicarea Croer DO are un efect de dezodorizare, precum \u0219i de eliminare a poluan\u021bilor.<\/p>\n<h3>DOZAJ<\/h3>\n<p>Doza recomandat\u0103: 5 &#8211; 10 g\/hl<\/p>\n<p>Doza maxim\u0103 autorizat\u0103: 100 g\/hl.<\/p>\n","protected":false},"excerpt":{"rendered":"<p>Croer DO este un c\u0103rbune activat cu vapori de ap\u0103 produs din lemn de pin. Acesta se caracterizeaz\u0103 printr-un num\u0103r mare de micro \u0219i mezopori care permit eliminarea moleculelor mici.<\/p>\n","protected":false},"featured_media":24194,"template":"","meta":{"_acf_changed":false,"inline_featured_image":false,"site-sidebar-layout":"default","site-content-layout":"default","ast-site-content-layout":"default","site-content-style":"default","site-sidebar-style":"default","ast-global-header-display":"","ast-banner-title-visibility":"","ast-main-header-display":"","ast-hfb-above-header-display":"","ast-hfb-below-header-display":"","ast-hfb-mobile-header-display":"","site-post-title":"","ast-breadcrumbs-content":"","ast-featured-img":"","footer-sml-layout":"","ast-disable-related-posts":"","theme-transparent-header-meta":"default","adv-header-id-meta":"","stick-header-meta":"","header-above-stick-meta":"","header-main-stick-meta":"","header-below-stick-meta":"","astra-migrate-meta-layouts":"default","ast-page-background-enabled":"default","ast-page-background-meta":{"desktop":{"background-color":"var(--ast-global-color-5)","background-image":"","background-repeat":"repeat","background-position":"center center","background-size":"auto","background-attachment":"scroll","background-type":"","background-media":"","overlay-type":"","overlay-color":"","overlay-opacity":"","overlay-gradient":""},"tablet":{"background-color":"","background-image":"","background-repeat":"repeat","background-position":"center center","background-size":"auto","background-attachment":"scroll","background-type":"","background-media":"","overlay-type":"","overlay-color":"","overlay-opacity":"","overlay-gradient":""},"mobile":{"background-color":"","background-image":"","background-repeat":"repeat","background-position":"center center","background-size":"auto","background-attachment":"scroll","background-type":"","background-media":"","overlay-type":"","overlay-color":"","overlay-opacity":"","overlay-gradient":""}},"ast-content-background-meta":{"desktop":{"background-color":"var(--ast-global-color-4)","background-image":"","background-repeat":"repeat","background-position":"center center","background-size":"auto","background-attachment":"scroll","background-type":"","background-media":"","overlay-type":"","overlay-color":"","overlay-opacity":"","overlay-gradient":""},"tablet":{"background-color":"var(--ast-global-color-4)","background-image":"","background-repeat":"repeat","background-position":"center center","background-size":"auto","background-attachment":"scroll","background-type":"","background-media":"","overlay-type":"","overlay-color":"","overlay-opacity":"","overlay-gradient":""},"mobile":{"background-color":"var(--ast-global-color-4)","background-image":"","background-repeat":"repeat","background-position":"center center","background-size":"auto","background-attachment":"scroll","background-type":"","background-media":"","overlay-type":"","overlay-color":"","overlay-opacity":"","overlay-gradient":""}}},"product_brand":[],"product_cat":[1412],"product_tag":[],"class_list":{"0":"post-89388","1":"product","2":"type-product","3":"status-publish","4":"has-post-thumbnail","6":"product_cat-altele","7":"pa_ecologico-autorizat-eu","8":"pa_ecologico-autorizat-nop-usda","9":"pa_objetivo-clarificare","10":"desktop-align-left","11":"tablet-align-left","12":"mobile-align-left","14":"first","15":"instock","16":"virtual","17":"product-type-simple"},"acf":[],"_links":{"self":[{"href":"https:\/\/agrovin.com\/ro\/wp-json\/wp\/v2\/product\/89388","targetHints":{"allow":["GET"]}}],"collection":[{"href":"https:\/\/agrovin.com\/ro\/wp-json\/wp\/v2\/product"}],"about":[{"href":"https:\/\/agrovin.com\/ro\/wp-json\/wp\/v2\/types\/product"}],"version-history":[{"count":0,"href":"https:\/\/agrovin.com\/ro\/wp-json\/wp\/v2\/product\/89388\/revisions"}],"wp:featuredmedia":[{"embeddable":true,"href":"https:\/\/agrovin.com\/ro\/wp-json\/wp\/v2\/media\/24194"}],"wp:attachment":[{"href":"https:\/\/agrovin.com\/ro\/wp-json\/wp\/v2\/media?parent=89388"}],"wp:term":[{"taxonomy":"product_brand","embeddable":true,"href":"https:\/\/agrovin.com\/ro\/wp-json\/wp\/v2\/product_brand?post=89388"},{"taxonomy":"product_cat","embeddable":true,"href":"https:\/\/agrovin.com\/ro\/wp-json\/wp\/v2\/product_cat?post=89388"},{"taxonomy":"product_tag","embeddable":true,"href":"https:\/\/agrovin.com\/ro\/wp-json\/wp\/v2\/product_tag?post=89388"}],"curies":[{"name":"wp","href":"https:\/\/api.w.org\/{rel}","templated":true}]}}