{"id":89368,"date":"2018-04-19T14:45:00","date_gmt":"2022-11-04T16:04:51","guid":{"rendered":"https:\/\/staging.agrovin.com\/fara-categorie\/viniferm-nstd\/"},"modified":"2022-11-05T15:15:37","modified_gmt":"2022-11-05T14:15:37","slug":"viniferm-nstd","status":"publish","type":"product","link":"https:\/\/agrovin.com\/ro\/produse-oenologice\/drojdie\/viniferm-nstd\/","title":{"rendered":"VINIFERM NSTD"},"content":{"rendered":"<h3>CARACTERISTICI<\/h3>\n<p>La nas: Cre\u0219te complexitatea \u0219i spectrul aromatic al vinurilor. Intensific\u0103 registrele florale prin producerea de \u03b2-fenil-etanol (trandafir, floare alb\u0103) \u0219i caracterul varietal prin activitatea sa puternic\u0103 de \u03b2-lyaz\u0103 (grapefruit, lemn de box).<\/p>\n<p>\u00cen gur\u0103: Confer\u0103 rotunjime \u0219i volum vinurilor datorit\u0103 eliber\u0103rii importante de mannoproteine.<\/p>\n<h3>APLICA\u021aIE<\/h3>\n<ul>\n<li>Vinuri albe \u0219i ro\u0219ii din soiuri \u00een care este important s\u0103 se accentueze senza\u021biile din palat.<\/li>\n<li>Fermenta\u021bii controlate ale soiurilor neutre \u00een cazul \u00een care se dore\u0219te o cre\u0219tere a complexit\u0103\u021bii aromatice.<\/li>\n<li>Producerea de vinuri ros\u00e9 cu un caracter floral \u0219i un volum sporit \u00een palat.<\/li>\n<\/ul>\n<h3>DOZAJ<\/h3>\n<p>Vinificare 20-30 g\/hl<\/p>\n","protected":false},"excerpt":{"rendered":"<p>Viniferm NS TD este o tulpin\u0103 de Torulaspora delbrueckii selectat\u0103 pentru c\u0103 este potrivit\u0103 pentru \u00eembun\u0103t\u0103\u021birea senzorial\u0103 a vinurilor.<\/p>\n","protected":false},"featured_media":31384,"template":"","meta":{"_acf_changed":false,"inline_featured_image":false,"site-sidebar-layout":"default","site-content-layout":"default","ast-site-content-layout":"default","site-content-style":"default","site-sidebar-style":"default","ast-global-header-display":"","ast-banner-title-visibility":"","ast-main-header-display":"","ast-hfb-above-header-display":"","ast-hfb-below-header-display":"","ast-hfb-mobile-header-display":"","site-post-title":"","ast-breadcrumbs-content":"","ast-featured-img":"","footer-sml-layout":"","ast-disable-related-posts":"","theme-transparent-header-meta":"default","adv-header-id-meta":"","stick-header-meta":"","header-above-stick-meta":"","header-main-stick-meta":"","header-below-stick-meta":"","astra-migrate-meta-layouts":"default","ast-page-background-enabled":"default","ast-page-background-meta":{"desktop":{"background-color":"var(--ast-global-color-5)","background-image":"","background-repeat":"repeat","background-position":"center center","background-size":"auto","background-attachment":"scroll","background-type":"","background-media":"","overlay-type":"","overlay-color":"","overlay-opacity":"","overlay-gradient":""},"tablet":{"background-color":"","background-image":"","background-repeat":"repeat","background-position":"center center","background-size":"auto","background-attachment":"scroll","background-type":"","background-media":"","overlay-type":"","overlay-color":"","overlay-opacity":"","overlay-gradient":""},"mobile":{"background-color":"","background-image":"","background-repeat":"repeat","background-position":"center center","background-size":"auto","background-attachment":"scroll","background-type":"","background-media":"","overlay-type":"","overlay-color":"","overlay-opacity":"","overlay-gradient":""}},"ast-content-background-meta":{"desktop":{"background-color":"var(--ast-global-color-4)","background-image":"","background-repeat":"repeat","background-position":"center center","background-size":"auto","background-attachment":"scroll","background-type":"","background-media":"","overlay-type":"","overlay-color":"","overlay-opacity":"","overlay-gradient":""},"tablet":{"background-color":"var(--ast-global-color-4)","background-image":"","background-repeat":"repeat","background-position":"center center","background-size":"auto","background-attachment":"scroll","background-type":"","background-media":"","overlay-type":"","overlay-color":"","overlay-opacity":"","overlay-gradient":""},"mobile":{"background-color":"var(--ast-global-color-4)","background-image":"","background-repeat":"repeat","background-position":"center center","background-size":"auto","background-attachment":"scroll","background-type":"","background-media":"","overlay-type":"","overlay-color":"","overlay-opacity":"","overlay-gradient":""}}},"product_brand":[],"product_cat":[2089],"product_tag":[],"class_list":{"0":"post-89368","1":"product","2":"type-product","3":"status-publish","4":"has-post-thumbnail","6":"product_cat-drojdie","7":"pa_aplicacion-fa-fml-ru","8":"pa_estilo-de-vino-alb","9":"pa_estilo-de-vino-rosu","10":"pa_estilo-de-vino-roz","11":"pa_estilo-de-vino-sclipitor","12":"desktop-align-left","13":"tablet-align-left","14":"mobile-align-left","16":"first","17":"instock","18":"virtual","19":"product-type-simple"},"acf":[],"_links":{"self":[{"href":"https:\/\/agrovin.com\/ro\/wp-json\/wp\/v2\/product\/89368","targetHints":{"allow":["GET"]}}],"collection":[{"href":"https:\/\/agrovin.com\/ro\/wp-json\/wp\/v2\/product"}],"about":[{"href":"https:\/\/agrovin.com\/ro\/wp-json\/wp\/v2\/types\/product"}],"version-history":[{"count":0,"href":"https:\/\/agrovin.com\/ro\/wp-json\/wp\/v2\/product\/89368\/revisions"}],"wp:featuredmedia":[{"embeddable":true,"href":"https:\/\/agrovin.com\/ro\/wp-json\/wp\/v2\/media\/31384"}],"wp:attachment":[{"href":"https:\/\/agrovin.com\/ro\/wp-json\/wp\/v2\/media?parent=89368"}],"wp:term":[{"taxonomy":"product_brand","embeddable":true,"href":"https:\/\/agrovin.com\/ro\/wp-json\/wp\/v2\/product_brand?post=89368"},{"taxonomy":"product_cat","embeddable":true,"href":"https:\/\/agrovin.com\/ro\/wp-json\/wp\/v2\/product_cat?post=89368"},{"taxonomy":"product_tag","embeddable":true,"href":"https:\/\/agrovin.com\/ro\/wp-json\/wp\/v2\/product_tag?post=89368"}],"curies":[{"name":"wp","href":"https:\/\/api.w.org\/{rel}","templated":true}]}}