{"id":89363,"date":"2018-04-19T14:28:07","date_gmt":"2022-11-04T16:04:43","guid":{"rendered":"https:\/\/staging.agrovin.com\/fara-categorie\/viniferm-pdm\/"},"modified":"2022-11-05T16:58:56","modified_gmt":"2022-11-05T15:58:56","slug":"viniferm-pdm","status":"publish","type":"product","link":"https:\/\/agrovin.com\/ro\/produse-oenologice\/drojdie\/viniferm-pdm\/","title":{"rendered":"VINIFERM PDM"},"content":{"rendered":"<h3>CARACTERISTICI<\/h3>\n<p>Activitatea sa de fermenta\u021bie este optim\u0103 \u00een situa\u021bii de deficit nutri\u021bional sau cu struguri cu un con\u021binut poten\u021bial ridicat de alcool.<\/p>\n<h3>APLICA\u021aIE<\/h3>\n<ul>\n<li>Adaptat la fermentarea musturilor puternic clarificate, cu un con\u021binut sc\u0103zut de substan\u021be azotate \u0219i factori de cre\u0219tere.<\/li>\n<li>Fermenta\u021bii la temperaturi sc\u0103zute.<\/li>\n<li>Vinuri ro\u0219ii cu con\u021binut ridicat de alcool \u0219i vinuri ros\u00e9 foarte bine clarificate.<\/li>\n<li>Se utilizeaz\u0103 cu succes \u00een cazurile de fermenta\u021bie blocat\u0103, cu un con\u021binut ridicat de alcool \u0219i un con\u021binut sc\u0103zut de zah\u0103r.<\/li>\n<li>Rezultate excelente \u00een fermenta\u021bia secundar\u0103, at\u00e2t \u00een cistern\u0103, c\u00e2t \u0219i \u00een sticl\u0103.<\/li>\n<li>Faza de \u00eent\u00e2rziere scurt\u0103 \u0219i spumare treptat\u0103, conferind caractere fine \u0219i elegante.<\/li>\n<\/ul>\n<h3>DOZAJ<\/h3>\n<ul>\n<li>Vinificare 20-30 g\/hl<\/li>\n<li>Spumant 30-40 g\/hl<\/li>\n<li>Fermenta\u021bia se opre\u0219te 30-50 g\/hl<\/li>\n<\/ul>\n","protected":false},"excerpt":{"rendered":"<p>Viniferm PDM este o drojdie capabil\u0103 s\u0103 fermenteze la temperaturi sc\u0103zute \u0219i cu musturi foarte bine clarificate.<\/p>\n","protected":false},"featured_media":27050,"template":"","meta":{"_acf_changed":false,"inline_featured_image":false,"site-sidebar-layout":"default","site-content-layout":"default","ast-site-content-layout":"default","site-content-style":"default","site-sidebar-style":"default","ast-global-header-display":"","ast-banner-title-visibility":"","ast-main-header-display":"","ast-hfb-above-header-display":"","ast-hfb-below-header-display":"","ast-hfb-mobile-header-display":"","site-post-title":"","ast-breadcrumbs-content":"","ast-featured-img":"","footer-sml-layout":"","ast-disable-related-posts":"","theme-transparent-header-meta":"default","adv-header-id-meta":"","stick-header-meta":"","header-above-stick-meta":"","header-main-stick-meta":"","header-below-stick-meta":"","astra-migrate-meta-layouts":"default","ast-page-background-enabled":"default","ast-page-background-meta":{"desktop":{"background-color":"var(--ast-global-color-5)","background-image":"","background-repeat":"repeat","background-position":"center center","background-size":"auto","background-attachment":"scroll","background-type":"","background-media":"","overlay-type":"","overlay-color":"","overlay-opacity":"","overlay-gradient":""},"tablet":{"background-color":"","background-image":"","background-repeat":"repeat","background-position":"center center","background-size":"auto","background-attachment":"scroll","background-type":"","background-media":"","overlay-type":"","overlay-color":"","overlay-opacity":"","overlay-gradient":""},"mobile":{"background-color":"","background-image":"","background-repeat":"repeat","background-position":"center center","background-size":"auto","background-attachment":"scroll","background-type":"","background-media":"","overlay-type":"","overlay-color":"","overlay-opacity":"","overlay-gradient":""}},"ast-content-background-meta":{"desktop":{"background-color":"var(--ast-global-color-4)","background-image":"","background-repeat":"repeat","background-position":"center center","background-size":"auto","background-attachment":"scroll","background-type":"","background-media":"","overlay-type":"","overlay-color":"","overlay-opacity":"","overlay-gradient":""},"tablet":{"background-color":"var(--ast-global-color-4)","background-image":"","background-repeat":"repeat","background-position":"center center","background-size":"auto","background-attachment":"scroll","background-type":"","background-media":"","overlay-type":"","overlay-color":"","overlay-opacity":"","overlay-gradient":""},"mobile":{"background-color":"var(--ast-global-color-4)","background-image":"","background-repeat":"repeat","background-position":"center center","background-size":"auto","background-attachment":"scroll","background-type":"","background-media":"","overlay-type":"","overlay-color":"","overlay-opacity":"","overlay-gradient":""}}},"product_brand":[],"product_cat":[2089],"product_tag":[811,405],"class_list":{"0":"post-89363","1":"product","2":"type-product","3":"status-publish","4":"has-post-thumbnail","6":"product_cat-drojdie","7":"product_tag-fermentatia-se-opreste","8":"product_tag-securitate-fermentativa","9":"pa_aplicacion-fa-fml-ru","10":"pa_ecologico-autorizat-eu","11":"pa_ecologico-autorizat-nop-usda","12":"pa_estilo-de-vino-alb","13":"pa_estilo-de-vino-roz","14":"pa_estilo-de-vino-sclipitor","15":"pa_objetivo-reactivarea-opririlor-fermentatiei","16":"pa_objetivo-siguranta-fermentatiei","17":"pa_vegano-vegetarian","18":"desktop-align-left","19":"tablet-align-left","20":"mobile-align-left","22":"first","23":"instock","24":"shipping-taxable","25":"product-type-simple"},"acf":[],"_links":{"self":[{"href":"https:\/\/agrovin.com\/ro\/wp-json\/wp\/v2\/product\/89363","targetHints":{"allow":["GET"]}}],"collection":[{"href":"https:\/\/agrovin.com\/ro\/wp-json\/wp\/v2\/product"}],"about":[{"href":"https:\/\/agrovin.com\/ro\/wp-json\/wp\/v2\/types\/product"}],"version-history":[{"count":0,"href":"https:\/\/agrovin.com\/ro\/wp-json\/wp\/v2\/product\/89363\/revisions"}],"wp:featuredmedia":[{"embeddable":true,"href":"https:\/\/agrovin.com\/ro\/wp-json\/wp\/v2\/media\/27050"}],"wp:attachment":[{"href":"https:\/\/agrovin.com\/ro\/wp-json\/wp\/v2\/media?parent=89363"}],"wp:term":[{"taxonomy":"product_brand","embeddable":true,"href":"https:\/\/agrovin.com\/ro\/wp-json\/wp\/v2\/product_brand?post=89363"},{"taxonomy":"product_cat","embeddable":true,"href":"https:\/\/agrovin.com\/ro\/wp-json\/wp\/v2\/product_cat?post=89363"},{"taxonomy":"product_tag","embeddable":true,"href":"https:\/\/agrovin.com\/ro\/wp-json\/wp\/v2\/product_tag?post=89363"}],"curies":[{"name":"wp","href":"https:\/\/api.w.org\/{rel}","templated":true}]}}