{"id":89358,"date":"2018-04-19T14:33:11","date_gmt":"2022-11-04T16:04:36","guid":{"rendered":"https:\/\/staging.agrovin.com\/fara-categorie\/viniferm-start\/"},"modified":"2024-04-22T19:33:18","modified_gmt":"2024-04-22T18:33:18","slug":"viniferm-start","status":"publish","type":"product","link":"https:\/\/agrovin.com\/ro\/produse-oenologice\/drojdie\/viniferm-start\/","title":{"rendered":"VINIFERM START"},"content":{"rendered":"<h3>APLICA\u021aIE<\/h3>\n<ul>\n<li>Tratarea tuturor tipurilor de vinuri cu fermenta\u021bia alcoolic\u0103 oprit\u0103. Exist\u0103 un protocol de lucru specific pentru reactivarea fermenta\u021biilor cu aceast\u0103 tulpin\u0103.<\/li>\n<li>Fermentarea mustului sau a strugurilor cu un con\u021binut ridicat de alcool poten\u021bial (&gt; 15 % vol.)<\/li>\n<li>Vinificarea strugurilor prea coapte.<\/li>\n<\/ul>\n<h3>DOZAJ<\/h3>\n<ul>\n<li>Vinificare 20-30 g\/hl<\/li>\n<li>Rezolvarea ferment\u0103rii blocate 30-50 g\/hl<\/li>\n<\/ul>\n","protected":false},"excerpt":{"rendered":"<p>Viniferm START este o drojdie indicat\u0103 pentru refermentarea \u00een cazul fermenta\u021biilor blocate sau lente.<\/p>\n","protected":false},"featured_media":27056,"template":"","meta":{"_acf_changed":false,"inline_featured_image":false,"site-sidebar-layout":"default","site-content-layout":"default","ast-site-content-layout":"default","site-content-style":"default","site-sidebar-style":"default","ast-global-header-display":"","ast-banner-title-visibility":"","ast-main-header-display":"","ast-hfb-above-header-display":"","ast-hfb-below-header-display":"","ast-hfb-mobile-header-display":"","site-post-title":"","ast-breadcrumbs-content":"","ast-featured-img":"","footer-sml-layout":"","ast-disable-related-posts":"","theme-transparent-header-meta":"default","adv-header-id-meta":"","stick-header-meta":"","header-above-stick-meta":"","header-main-stick-meta":"","header-below-stick-meta":"","astra-migrate-meta-layouts":"default","ast-page-background-enabled":"default","ast-page-background-meta":{"desktop":{"background-color":"var(--ast-global-color-5)","background-image":"","background-repeat":"repeat","background-position":"center center","background-size":"auto","background-attachment":"scroll","background-type":"","background-media":"","overlay-type":"","overlay-color":"","overlay-opacity":"","overlay-gradient":""},"tablet":{"background-color":"","background-image":"","background-repeat":"repeat","background-position":"center center","background-size":"auto","background-attachment":"scroll","background-type":"","background-media":"","overlay-type":"","overlay-color":"","overlay-opacity":"","overlay-gradient":""},"mobile":{"background-color":"","background-image":"","background-repeat":"repeat","background-position":"center center","background-size":"auto","background-attachment":"scroll","background-type":"","background-media":"","overlay-type":"","overlay-color":"","overlay-opacity":"","overlay-gradient":""}},"ast-content-background-meta":{"desktop":{"background-color":"var(--ast-global-color-4)","background-image":"","background-repeat":"repeat","background-position":"center center","background-size":"auto","background-attachment":"scroll","background-type":"","background-media":"","overlay-type":"","overlay-color":"","overlay-opacity":"","overlay-gradient":""},"tablet":{"background-color":"var(--ast-global-color-4)","background-image":"","background-repeat":"repeat","background-position":"center center","background-size":"auto","background-attachment":"scroll","background-type":"","background-media":"","overlay-type":"","overlay-color":"","overlay-opacity":"","overlay-gradient":""},"mobile":{"background-color":"var(--ast-global-color-4)","background-image":"","background-repeat":"repeat","background-position":"center center","background-size":"auto","background-attachment":"scroll","background-type":"","background-media":"","overlay-type":"","overlay-color":"","overlay-opacity":"","overlay-gradient":""}}},"product_brand":[],"product_cat":[2089],"product_tag":[811],"class_list":{"0":"post-89358","1":"product","2":"type-product","3":"status-publish","4":"has-post-thumbnail","6":"product_cat-drojdie","7":"product_tag-fermentatia-se-opreste","8":"pa_aplicacion-fa-fml-ru","9":"pa_ecologico-autorizat-eu","10":"pa_ecologico-autorizat-nop-usda","11":"pa_vegano-vegetarian","12":"desktop-align-left","13":"tablet-align-left","14":"mobile-align-left","16":"first","17":"instock","18":"shipping-taxable","19":"product-type-simple"},"acf":[],"_links":{"self":[{"href":"https:\/\/agrovin.com\/ro\/wp-json\/wp\/v2\/product\/89358","targetHints":{"allow":["GET"]}}],"collection":[{"href":"https:\/\/agrovin.com\/ro\/wp-json\/wp\/v2\/product"}],"about":[{"href":"https:\/\/agrovin.com\/ro\/wp-json\/wp\/v2\/types\/product"}],"version-history":[{"count":0,"href":"https:\/\/agrovin.com\/ro\/wp-json\/wp\/v2\/product\/89358\/revisions"}],"wp:featuredmedia":[{"embeddable":true,"href":"https:\/\/agrovin.com\/ro\/wp-json\/wp\/v2\/media\/27056"}],"wp:attachment":[{"href":"https:\/\/agrovin.com\/ro\/wp-json\/wp\/v2\/media?parent=89358"}],"wp:term":[{"taxonomy":"product_brand","embeddable":true,"href":"https:\/\/agrovin.com\/ro\/wp-json\/wp\/v2\/product_brand?post=89358"},{"taxonomy":"product_cat","embeddable":true,"href":"https:\/\/agrovin.com\/ro\/wp-json\/wp\/v2\/product_cat?post=89358"},{"taxonomy":"product_tag","embeddable":true,"href":"https:\/\/agrovin.com\/ro\/wp-json\/wp\/v2\/product_tag?post=89358"}],"curies":[{"name":"wp","href":"https:\/\/api.w.org\/{rel}","templated":true}]}}