{"id":89348,"date":"2018-04-19T10:22:15","date_gmt":"2022-11-04T16:04:21","guid":{"rendered":"https:\/\/staging.agrovin.com\/fara-categorie\/viniferm-aura\/"},"modified":"2024-04-23T16:27:19","modified_gmt":"2024-04-23T15:27:19","slug":"viniferm-aura","status":"publish","type":"product","link":"https:\/\/agrovin.com\/ro\/produse-oenologice\/drojdie\/viniferm-aura\/","title":{"rendered":"VINIFERM AURA"},"content":{"rendered":"<h3>CARACTERISTICI<\/h3>\n<p>Faza sa rapid\u0103 de repaus vegetativ \u0219i capacitatea de a se stabili \u00eel fac interesant de la \u00eenceputul recoltei p\u00e2n\u0103 la utilizarea sa \u00een recoltele t\u00e2rzii. Soi capabil s\u0103 fermenteze la o gam\u0103 larg\u0103 de temperaturi \u0219i cu musturi foarte clarificate.<\/p>\n<h3>APLICA\u021aIE<\/h3>\n<ul>\n<li>Este deosebit de potrivit pentru producerea de vinuri albe din soiuri neutre.<\/li>\n<li>Fermentarea controlat\u0103 a soiurilor neutre cu musturi puternic clarificate.<\/li>\n<li>Producerea de vinuri ros\u00e9 \u0219i ro\u0219ii proaspete \u0219i florale.<\/li>\n<li>Fermentare \u00een volume mari.<\/li>\n<\/ul>\n<h3>DOZAJ<\/h3>\n<ul>\n<li>Vinificare 20-30 g\/hl<\/li>\n<\/ul>\n","protected":false},"excerpt":{"rendered":"<p>Viniferm AURA este o drojdie cu o produc\u021bie ridicat\u0103 de arome fermentative, selectat\u0103 pentru producerea de vinuri albe din soiuri neutre.<\/p>\n","protected":false},"featured_media":34429,"template":"","meta":{"_acf_changed":false,"inline_featured_image":false,"site-sidebar-layout":"default","site-content-layout":"default","ast-site-content-layout":"default","site-content-style":"default","site-sidebar-style":"default","ast-global-header-display":"","ast-banner-title-visibility":"","ast-main-header-display":"","ast-hfb-above-header-display":"","ast-hfb-below-header-display":"","ast-hfb-mobile-header-display":"","site-post-title":"","ast-breadcrumbs-content":"","ast-featured-img":"","footer-sml-layout":"","ast-disable-related-posts":"","theme-transparent-header-meta":"default","adv-header-id-meta":"","stick-header-meta":"","header-above-stick-meta":"","header-main-stick-meta":"","header-below-stick-meta":"","astra-migrate-meta-layouts":"default","ast-page-background-enabled":"default","ast-page-background-meta":{"desktop":{"background-color":"var(--ast-global-color-5)","background-image":"","background-repeat":"repeat","background-position":"center center","background-size":"auto","background-attachment":"scroll","background-type":"","background-media":"","overlay-type":"","overlay-color":"","overlay-opacity":"","overlay-gradient":""},"tablet":{"background-color":"","background-image":"","background-repeat":"repeat","background-position":"center center","background-size":"auto","background-attachment":"scroll","background-type":"","background-media":"","overlay-type":"","overlay-color":"","overlay-opacity":"","overlay-gradient":""},"mobile":{"background-color":"","background-image":"","background-repeat":"repeat","background-position":"center center","background-size":"auto","background-attachment":"scroll","background-type":"","background-media":"","overlay-type":"","overlay-color":"","overlay-opacity":"","overlay-gradient":""}},"ast-content-background-meta":{"desktop":{"background-color":"var(--ast-global-color-4)","background-image":"","background-repeat":"repeat","background-position":"center center","background-size":"auto","background-attachment":"scroll","background-type":"","background-media":"","overlay-type":"","overlay-color":"","overlay-opacity":"","overlay-gradient":""},"tablet":{"background-color":"var(--ast-global-color-4)","background-image":"","background-repeat":"repeat","background-position":"center center","background-size":"auto","background-attachment":"scroll","background-type":"","background-media":"","overlay-type":"","overlay-color":"","overlay-opacity":"","overlay-gradient":""},"mobile":{"background-color":"var(--ast-global-color-4)","background-image":"","background-repeat":"repeat","background-position":"center center","background-size":"auto","background-attachment":"scroll","background-type":"","background-media":"","overlay-type":"","overlay-color":"","overlay-opacity":"","overlay-gradient":""}}},"product_brand":[],"product_cat":[2089],"product_tag":[405],"class_list":{"0":"post-89348","1":"product","2":"type-product","3":"status-publish","4":"has-post-thumbnail","6":"product_cat-drojdie","7":"product_tag-securitate-fermentativa","8":"pa_aplicacion-fa-fml-ru","9":"pa_ecologico-autorizat-eu","10":"pa_ecologico-autorizat-nop-usda","11":"pa_estilo-de-vino-alb","12":"pa_estilo-de-vino-rosu","13":"pa_estilo-de-vino-roz","14":"pa_objetivo-arome-fermentative","15":"pa_vegano-vegetarian","16":"desktop-align-left","17":"tablet-align-left","18":"mobile-align-left","20":"first","21":"instock","22":"virtual","23":"product-type-simple"},"acf":[],"_links":{"self":[{"href":"https:\/\/agrovin.com\/ro\/wp-json\/wp\/v2\/product\/89348","targetHints":{"allow":["GET"]}}],"collection":[{"href":"https:\/\/agrovin.com\/ro\/wp-json\/wp\/v2\/product"}],"about":[{"href":"https:\/\/agrovin.com\/ro\/wp-json\/wp\/v2\/types\/product"}],"version-history":[{"count":0,"href":"https:\/\/agrovin.com\/ro\/wp-json\/wp\/v2\/product\/89348\/revisions"}],"wp:featuredmedia":[{"embeddable":true,"href":"https:\/\/agrovin.com\/ro\/wp-json\/wp\/v2\/media\/34429"}],"wp:attachment":[{"href":"https:\/\/agrovin.com\/ro\/wp-json\/wp\/v2\/media?parent=89348"}],"wp:term":[{"taxonomy":"product_brand","embeddable":true,"href":"https:\/\/agrovin.com\/ro\/wp-json\/wp\/v2\/product_brand?post=89348"},{"taxonomy":"product_cat","embeddable":true,"href":"https:\/\/agrovin.com\/ro\/wp-json\/wp\/v2\/product_cat?post=89348"},{"taxonomy":"product_tag","embeddable":true,"href":"https:\/\/agrovin.com\/ro\/wp-json\/wp\/v2\/product_tag?post=89348"}],"curies":[{"name":"wp","href":"https:\/\/api.w.org\/{rel}","templated":true}]}}