{"id":89343,"date":"2018-04-19T13:47:36","date_gmt":"2022-11-04T16:04:13","guid":{"rendered":"https:\/\/staging.agrovin.com\/fara-categorie\/viniferm-klr\/"},"modified":"2024-04-23T16:22:50","modified_gmt":"2024-04-23T15:22:50","slug":"viniferm-klr","status":"publish","type":"product","link":"https:\/\/agrovin.com\/ro\/produse-oenologice\/drojdie\/viniferm-klr\/","title":{"rendered":"VINIFERM KLR"},"content":{"rendered":"<h3>APLICA\u021aIE<\/h3>\n<ul>\n<li>Tulpin\u0103 specific\u0103 pentru flash \u0219i termovinificare.<\/li>\n<li>Viniferm KLR , datorit\u0103 caracterului s\u0103u ucig\u0103tor, asigur\u0103 o fermenta\u021bie alcoolic\u0103 bun\u0103 \u0219i complet\u0103, consum\u00e2nd toate zaharurile din must, chiar \u0219i \u00een condi\u021bii dificile, cum ar fi: temperaturi de fermentare extreme, musturi s\u0103race \u00een azot asimilabil \u0219i acizi gra\u0219i, niveluri ridicate de alcool, musturi puternic clarificate.<\/li>\n<li>Viniferm KLR respect\u0103 tipicitatea vi\u021bei de vie care produce pu\u021bini compu\u0219i aromatici, contribuind pozitiv la complexitatea \u0219i fine\u021bea aromatic\u0103.<\/li>\n<li>Viniferm KLR este recomandat pentru vinificarea la temperaturi sc\u0103zute a vinurilor albe, ros\u00e9 \u0219i ro\u0219ii, p\u0103str\u00e2nd \u00een acela\u0219i timp tipicitatea varietal\u0103 a vi\u021bei de vie.<\/li>\n<\/ul>\n<h3>DOZAJ<\/h3>\n<ul>\n<li>Vinifica\u021bie 20-30 g\/hl.<\/li>\n<\/ul>\n","protected":false},"excerpt":{"rendered":"<p>Viniferm KLR este o drojdie uciga\u0219\u0103 (fenotip K2), asigur\u00e2nd o instalare rapid\u0103 \u0219i complet\u0103 a drojdiei \u00een condi\u021bii dificile, cum ar fi: temperaturi ridicate, volume mari sau popula\u021bii mari de drojdii indigene.<\/p>\n","protected":false},"featured_media":27116,"template":"","meta":{"_acf_changed":false,"inline_featured_image":false,"site-sidebar-layout":"default","site-content-layout":"default","ast-site-content-layout":"default","site-content-style":"default","site-sidebar-style":"default","ast-global-header-display":"","ast-banner-title-visibility":"","ast-main-header-display":"","ast-hfb-above-header-display":"","ast-hfb-below-header-display":"","ast-hfb-mobile-header-display":"","site-post-title":"","ast-breadcrumbs-content":"","ast-featured-img":"","footer-sml-layout":"","ast-disable-related-posts":"","theme-transparent-header-meta":"default","adv-header-id-meta":"","stick-header-meta":"","header-above-stick-meta":"","header-main-stick-meta":"","header-below-stick-meta":"","astra-migrate-meta-layouts":"default","ast-page-background-enabled":"default","ast-page-background-meta":{"desktop":{"background-color":"var(--ast-global-color-5)","background-image":"","background-repeat":"repeat","background-position":"center center","background-size":"auto","background-attachment":"scroll","background-type":"","background-media":"","overlay-type":"","overlay-color":"","overlay-opacity":"","overlay-gradient":""},"tablet":{"background-color":"","background-image":"","background-repeat":"repeat","background-position":"center center","background-size":"auto","background-attachment":"scroll","background-type":"","background-media":"","overlay-type":"","overlay-color":"","overlay-opacity":"","overlay-gradient":""},"mobile":{"background-color":"","background-image":"","background-repeat":"repeat","background-position":"center center","background-size":"auto","background-attachment":"scroll","background-type":"","background-media":"","overlay-type":"","overlay-color":"","overlay-opacity":"","overlay-gradient":""}},"ast-content-background-meta":{"desktop":{"background-color":"var(--ast-global-color-4)","background-image":"","background-repeat":"repeat","background-position":"center center","background-size":"auto","background-attachment":"scroll","background-type":"","background-media":"","overlay-type":"","overlay-color":"","overlay-opacity":"","overlay-gradient":""},"tablet":{"background-color":"var(--ast-global-color-4)","background-image":"","background-repeat":"repeat","background-position":"center center","background-size":"auto","background-attachment":"scroll","background-type":"","background-media":"","overlay-type":"","overlay-color":"","overlay-opacity":"","overlay-gradient":""},"mobile":{"background-color":"var(--ast-global-color-4)","background-image":"","background-repeat":"repeat","background-position":"center center","background-size":"auto","background-attachment":"scroll","background-type":"","background-media":"","overlay-type":"","overlay-color":"","overlay-opacity":"","overlay-gradient":""}}},"product_brand":[],"product_cat":[2089],"product_tag":[352],"class_list":{"0":"post-89343","1":"product","2":"type-product","3":"status-publish","4":"has-post-thumbnail","6":"product_cat-drojdie","7":"product_tag-arome-soiului","8":"pa_aplicacion-fa-fml-ru","9":"pa_ecologico-autorizat-eu","10":"pa_ecologico-autorizat-nop-usda","11":"pa_estilo-de-vino-rosu","12":"pa_vegano-vegetarian","13":"desktop-align-left","14":"tablet-align-left","15":"mobile-align-left","17":"first","18":"instock","19":"virtual","20":"product-type-simple"},"acf":[],"_links":{"self":[{"href":"https:\/\/agrovin.com\/ro\/wp-json\/wp\/v2\/product\/89343","targetHints":{"allow":["GET"]}}],"collection":[{"href":"https:\/\/agrovin.com\/ro\/wp-json\/wp\/v2\/product"}],"about":[{"href":"https:\/\/agrovin.com\/ro\/wp-json\/wp\/v2\/types\/product"}],"version-history":[{"count":0,"href":"https:\/\/agrovin.com\/ro\/wp-json\/wp\/v2\/product\/89343\/revisions"}],"wp:featuredmedia":[{"embeddable":true,"href":"https:\/\/agrovin.com\/ro\/wp-json\/wp\/v2\/media\/27116"}],"wp:attachment":[{"href":"https:\/\/agrovin.com\/ro\/wp-json\/wp\/v2\/media?parent=89343"}],"wp:term":[{"taxonomy":"product_brand","embeddable":true,"href":"https:\/\/agrovin.com\/ro\/wp-json\/wp\/v2\/product_brand?post=89343"},{"taxonomy":"product_cat","embeddable":true,"href":"https:\/\/agrovin.com\/ro\/wp-json\/wp\/v2\/product_cat?post=89343"},{"taxonomy":"product_tag","embeddable":true,"href":"https:\/\/agrovin.com\/ro\/wp-json\/wp\/v2\/product_tag?post=89343"}],"curies":[{"name":"wp","href":"https:\/\/api.w.org\/{rel}","templated":true}]}}