{"id":89308,"date":"2018-04-19T11:06:05","date_gmt":"2022-11-04T16:03:21","guid":{"rendered":"https:\/\/staging.agrovin.com\/fara-categorie\/viniferm-rva\/"},"modified":"2024-04-23T16:26:33","modified_gmt":"2024-04-23T15:26:33","slug":"viniferm-rva","status":"publish","type":"product","link":"https:\/\/agrovin.com\/ro\/produse-oenologice\/drojdie\/viniferm-rva\/","title":{"rendered":"VINIFERM RVA"},"content":{"rendered":"<h3>APLICA\u021aIE<\/h3>\n<p>Adecvat pentru producerea de vinuri ro\u0219ii cu macer\u0103ri lungi: cinetica sa de fermentare lent\u0103 permite un timp de contact mai lung cu pieli\u021bele. Permite protejarea \u0219i cre\u0219terea intensit\u0103\u021bii culorii \u00een vinificarea \u00een ro\u0219u.<\/p>\n<h3>DOZAJ<\/h3>\n<ul>\n<li>Vinificare 20-30 g\/hl<\/li>\n<\/ul>\n","protected":false},"excerpt":{"rendered":"<p>Viniferm RVA este o drojdie special recomandat\u0103 pentru vinurile ro\u0219ii cu toleran\u021b\u0103 ridicat\u0103 la etanol, capabil\u0103 s\u0103 respecte aromele soiului. Permite macer\u0103ri prelungite \u0219i macer\u0103ri pre-fermentative la rece.<\/p>\n","protected":false},"featured_media":27128,"template":"","meta":{"_acf_changed":false,"inline_featured_image":false,"site-sidebar-layout":"default","site-content-layout":"default","ast-site-content-layout":"default","site-content-style":"default","site-sidebar-style":"default","ast-global-header-display":"","ast-banner-title-visibility":"","ast-main-header-display":"","ast-hfb-above-header-display":"","ast-hfb-below-header-display":"","ast-hfb-mobile-header-display":"","site-post-title":"","ast-breadcrumbs-content":"","ast-featured-img":"","footer-sml-layout":"","ast-disable-related-posts":"","theme-transparent-header-meta":"default","adv-header-id-meta":"","stick-header-meta":"","header-above-stick-meta":"","header-main-stick-meta":"","header-below-stick-meta":"","astra-migrate-meta-layouts":"default","ast-page-background-enabled":"default","ast-page-background-meta":{"desktop":{"background-color":"var(--ast-global-color-5)","background-image":"","background-repeat":"repeat","background-position":"center center","background-size":"auto","background-attachment":"scroll","background-type":"","background-media":"","overlay-type":"","overlay-color":"","overlay-opacity":"","overlay-gradient":""},"tablet":{"background-color":"","background-image":"","background-repeat":"repeat","background-position":"center center","background-size":"auto","background-attachment":"scroll","background-type":"","background-media":"","overlay-type":"","overlay-color":"","overlay-opacity":"","overlay-gradient":""},"mobile":{"background-color":"","background-image":"","background-repeat":"repeat","background-position":"center center","background-size":"auto","background-attachment":"scroll","background-type":"","background-media":"","overlay-type":"","overlay-color":"","overlay-opacity":"","overlay-gradient":""}},"ast-content-background-meta":{"desktop":{"background-color":"var(--ast-global-color-4)","background-image":"","background-repeat":"repeat","background-position":"center center","background-size":"auto","background-attachment":"scroll","background-type":"","background-media":"","overlay-type":"","overlay-color":"","overlay-opacity":"","overlay-gradient":""},"tablet":{"background-color":"var(--ast-global-color-4)","background-image":"","background-repeat":"repeat","background-position":"center center","background-size":"auto","background-attachment":"scroll","background-type":"","background-media":"","overlay-type":"","overlay-color":"","overlay-opacity":"","overlay-gradient":""},"mobile":{"background-color":"var(--ast-global-color-4)","background-image":"","background-repeat":"repeat","background-position":"center center","background-size":"auto","background-attachment":"scroll","background-type":"","background-media":"","overlay-type":"","overlay-color":"","overlay-opacity":"","overlay-gradient":""}}},"product_brand":[],"product_cat":[2089],"product_tag":[352,405],"class_list":{"0":"post-89308","1":"product","2":"type-product","3":"status-publish","4":"has-post-thumbnail","6":"product_cat-drojdie","7":"product_tag-arome-soiului","8":"product_tag-securitate-fermentativa","9":"pa_aplicacion-fa-fml-ru","10":"pa_ecologico-autorizat-eu","11":"pa_ecologico-autorizat-nop-usda","12":"pa_estilo-de-vino-butoi","13":"pa_estilo-de-vino-rosu","14":"pa_vegano-vegetarian","15":"desktop-align-left","16":"tablet-align-left","17":"mobile-align-left","19":"first","20":"instock","21":"virtual","22":"product-type-simple"},"acf":[],"_links":{"self":[{"href":"https:\/\/agrovin.com\/ro\/wp-json\/wp\/v2\/product\/89308","targetHints":{"allow":["GET"]}}],"collection":[{"href":"https:\/\/agrovin.com\/ro\/wp-json\/wp\/v2\/product"}],"about":[{"href":"https:\/\/agrovin.com\/ro\/wp-json\/wp\/v2\/types\/product"}],"version-history":[{"count":0,"href":"https:\/\/agrovin.com\/ro\/wp-json\/wp\/v2\/product\/89308\/revisions"}],"wp:featuredmedia":[{"embeddable":true,"href":"https:\/\/agrovin.com\/ro\/wp-json\/wp\/v2\/media\/27128"}],"wp:attachment":[{"href":"https:\/\/agrovin.com\/ro\/wp-json\/wp\/v2\/media?parent=89308"}],"wp:term":[{"taxonomy":"product_brand","embeddable":true,"href":"https:\/\/agrovin.com\/ro\/wp-json\/wp\/v2\/product_brand?post=89308"},{"taxonomy":"product_cat","embeddable":true,"href":"https:\/\/agrovin.com\/ro\/wp-json\/wp\/v2\/product_cat?post=89308"},{"taxonomy":"product_tag","embeddable":true,"href":"https:\/\/agrovin.com\/ro\/wp-json\/wp\/v2\/product_tag?post=89308"}],"curies":[{"name":"wp","href":"https:\/\/api.w.org\/{rel}","templated":true}]}}