{"id":89298,"date":"2018-04-19T09:57:58","date_gmt":"2022-11-04T16:03:05","guid":{"rendered":"https:\/\/staging.agrovin.com\/fara-categorie\/viniferm-911\/"},"modified":"2022-11-05T16:42:16","modified_gmt":"2022-11-05T15:42:16","slug":"viniferm-911","status":"publish","type":"product","link":"https:\/\/agrovin.com\/ro\/produse-oenologice\/drojdie\/viniferm-911\/","title":{"rendered":"VINIFERM 911"},"content":{"rendered":"<h3>CARACTERISTICI<\/h3>\n<p>Liza sa rapid\u0103 \u00eel face interesant pentru \u00eenvechirea pe drojdie \u00een rezervoare sau butoaie, unde se \u00eenmoaie \u0219i \u00eembun\u0103t\u0103\u021be\u0219te caracteristicile aromatice ale lemnului.<\/p>\n<p>Drojdie criofil\u0103 care permite fermentarea la temperaturi sc\u0103zute, un aspect care, \u00eempreun\u0103 cu caracterul s\u0103u varietal, men\u021bine \u0219i accentueaz\u0103 tipicitatea strugurilor.<\/p>\n<h3>APLICA\u021aIE<\/h3>\n<ul>\n<li>Vinuri din soiuri \u00een care dori\u021bi s\u0103 accentua\u021bi senza\u021biile din gur\u0103, deosebit de potrivite pentru Albari\u00f1o, Treixadura, Loureiro, Xarel.lo, Verdejo, Macabeo, Chardonnay, Viognier sau Sauvignon blanc.<\/li>\n<li>Fermentarea controlat\u0103 a soiurilor neutre cu musturi puternic clarificate.<\/li>\n<li>Produc\u021bia de vinuri albe fermentate \u00een butoaie.<\/li>\n<li>Producerea de vinuri ros\u00e9 cu un caracter floral \u0219i un volum sporit \u00een palat.<\/li>\n<li>Produc\u021bia de vin spumant.<\/li>\n<\/ul>\n<h3>DOZAJ<\/h3>\n<ul>\n<li>Vinificare 20-30 g\/hl<\/li>\n<\/ul>\n","protected":false},"excerpt":{"rendered":"<p>Viniferm 911 este tulpina de drojdie ideal\u0103 pentru a cre\u0219te structura \u0219i volumul vinurilor aromatice, echilibr\u00e2nd senza\u021biile olfactive \u0219i gustative.<\/p>\n","protected":false},"featured_media":27026,"template":"","meta":{"_acf_changed":false,"inline_featured_image":false,"site-sidebar-layout":"default","site-content-layout":"default","ast-site-content-layout":"default","site-content-style":"default","site-sidebar-style":"default","ast-global-header-display":"","ast-banner-title-visibility":"","ast-main-header-display":"","ast-hfb-above-header-display":"","ast-hfb-below-header-display":"","ast-hfb-mobile-header-display":"","site-post-title":"","ast-breadcrumbs-content":"","ast-featured-img":"","footer-sml-layout":"","ast-disable-related-posts":"","theme-transparent-header-meta":"default","adv-header-id-meta":"","stick-header-meta":"","header-above-stick-meta":"","header-main-stick-meta":"","header-below-stick-meta":"","astra-migrate-meta-layouts":"default","ast-page-background-enabled":"default","ast-page-background-meta":{"desktop":{"background-color":"var(--ast-global-color-5)","background-image":"","background-repeat":"repeat","background-position":"center center","background-size":"auto","background-attachment":"scroll","background-type":"","background-media":"","overlay-type":"","overlay-color":"","overlay-opacity":"","overlay-gradient":""},"tablet":{"background-color":"","background-image":"","background-repeat":"repeat","background-position":"center center","background-size":"auto","background-attachment":"scroll","background-type":"","background-media":"","overlay-type":"","overlay-color":"","overlay-opacity":"","overlay-gradient":""},"mobile":{"background-color":"","background-image":"","background-repeat":"repeat","background-position":"center center","background-size":"auto","background-attachment":"scroll","background-type":"","background-media":"","overlay-type":"","overlay-color":"","overlay-opacity":"","overlay-gradient":""}},"ast-content-background-meta":{"desktop":{"background-color":"var(--ast-global-color-4)","background-image":"","background-repeat":"repeat","background-position":"center center","background-size":"auto","background-attachment":"scroll","background-type":"","background-media":"","overlay-type":"","overlay-color":"","overlay-opacity":"","overlay-gradient":""},"tablet":{"background-color":"var(--ast-global-color-4)","background-image":"","background-repeat":"repeat","background-position":"center center","background-size":"auto","background-attachment":"scroll","background-type":"","background-media":"","overlay-type":"","overlay-color":"","overlay-opacity":"","overlay-gradient":""},"mobile":{"background-color":"var(--ast-global-color-4)","background-image":"","background-repeat":"repeat","background-position":"center center","background-size":"auto","background-attachment":"scroll","background-type":"","background-media":"","overlay-type":"","overlay-color":"","overlay-opacity":"","overlay-gradient":""}}},"product_brand":[],"product_cat":[2089],"product_tag":[352,353],"class_list":{"0":"post-89298","1":"product","2":"type-product","3":"status-publish","4":"has-post-thumbnail","6":"product_cat-drojdie","7":"product_tag-arome-soiului","8":"product_tag-structura-si-volumul-in-gura","9":"pa_aplicacion-fa-fml-ru","10":"pa_ecologico-autorizat-eu","11":"pa_ecologico-autorizat-nop-usda","12":"pa_estilo-de-vino-alb","13":"pa_estilo-de-vino-sclipitor","14":"pa_vegano-vegetarian","15":"desktop-align-left","16":"tablet-align-left","17":"mobile-align-left","19":"first","20":"instock","21":"virtual","22":"product-type-simple"},"acf":[],"_links":{"self":[{"href":"https:\/\/agrovin.com\/ro\/wp-json\/wp\/v2\/product\/89298","targetHints":{"allow":["GET"]}}],"collection":[{"href":"https:\/\/agrovin.com\/ro\/wp-json\/wp\/v2\/product"}],"about":[{"href":"https:\/\/agrovin.com\/ro\/wp-json\/wp\/v2\/types\/product"}],"version-history":[{"count":0,"href":"https:\/\/agrovin.com\/ro\/wp-json\/wp\/v2\/product\/89298\/revisions"}],"wp:featuredmedia":[{"embeddable":true,"href":"https:\/\/agrovin.com\/ro\/wp-json\/wp\/v2\/media\/27026"}],"wp:attachment":[{"href":"https:\/\/agrovin.com\/ro\/wp-json\/wp\/v2\/media?parent=89298"}],"wp:term":[{"taxonomy":"product_brand","embeddable":true,"href":"https:\/\/agrovin.com\/ro\/wp-json\/wp\/v2\/product_brand?post=89298"},{"taxonomy":"product_cat","embeddable":true,"href":"https:\/\/agrovin.com\/ro\/wp-json\/wp\/v2\/product_cat?post=89298"},{"taxonomy":"product_tag","embeddable":true,"href":"https:\/\/agrovin.com\/ro\/wp-json\/wp\/v2\/product_tag?post=89298"}],"curies":[{"name":"wp","href":"https:\/\/api.w.org\/{rel}","templated":true}]}}