{"id":89293,"date":"2018-04-19T08:56:00","date_gmt":"2022-11-04T16:02:58","guid":{"rendered":"https:\/\/staging.agrovin.com\/fara-categorie\/natura-spirituala\/"},"modified":"2023-08-08T10:23:17","modified_gmt":"2023-08-08T09:23:17","slug":"spirit-nature","status":"publish","type":"product","link":"https:\/\/agrovin.com\/ro\/produse-oenologice\/alternative-de-stejar-produse-oenologice\/spirit-nature\/","title":{"rendered":"SPIRIT NATURE"},"content":{"rendered":"<h3>CARACTERISTICI<\/h3>\n<p>Spirit Nature contribuie la \u00eembun\u0103t\u0103\u021birea calit\u0103\u021bilor organoleptice ale vinului, datorit\u0103 eliber\u0103rii unor compu\u0219i interesan\u021bi \u00een faza olfactiv\u0103 \u0219i gustativ\u0103.<\/p>\n<p>\u00cen lemnul nepr\u0103jit, sunt caracteristice concentra\u021biile ridicate de tanin elagic, un antioxidant natural valoros. Dup\u0103 pr\u0103jire, apar compu\u0219i volatili de mare interes oenologic.<\/p>\n<p>Utilizarea produsului Spirit Nature, fabricat din lemn de t\u0103iere de Quercus pyrenaica, contribuie la men\u021binerea durabil\u0103 a p\u0103durilor de stejar peninsulare.<\/p>\n<h3>DOZAJ<\/h3>\n<ul>\n<li>Must\/vin 0,5- 6 g\/l<\/li>\n<\/ul>\n<p>At\u00e2t doza, c\u00e2t \u0219i durata tratamentului vor depinde de gradul de recidiv\u0103 \u0219i de intensitatea caracteristicilor dorite. Datorit\u0103 granulometriei sale deosebite SPIRIT NATURE, SPIRIT<br \/>\nSTRUCTURA \u0219i ELEGAN\u021aA SPIRITULUI sunt recomandate pentru perioadele de<br \/>\ntratament scurt \u0219i mediu. Timpii de contact \u00een func\u021bie de format sunt:<br \/>\nJetoane \u0219i domino: \u00eentre 1 \u0219i 4 s\u0103pt\u0103m\u00e2ni.<br \/>\nSe recomand\u0103 testarea prealabil\u0103 pentru a determina doza \u0219i degust\u0103ri frecvente pentru a determina timpul optim de tratament.<\/p>\n","protected":false},"excerpt":{"rendered":"<p>Spirit Nature contribuie la \u00eembun\u0103t\u0103\u021birea calit\u0103\u021bilor organoleptice ale vinului, datorit\u0103 eliber\u0103rii unor compu\u0219i interesan\u021bi \u00een faza olfactiv\u0103 \u0219i gustativ\u0103.<\/p>\n","protected":false},"featured_media":23047,"template":"","meta":{"_acf_changed":false,"inline_featured_image":false,"site-sidebar-layout":"default","site-content-layout":"default","ast-site-content-layout":"default","site-content-style":"default","site-sidebar-style":"default","ast-global-header-display":"","ast-banner-title-visibility":"","ast-main-header-display":"","ast-hfb-above-header-display":"","ast-hfb-below-header-display":"","ast-hfb-mobile-header-display":"","site-post-title":"","ast-breadcrumbs-content":"","ast-featured-img":"","footer-sml-layout":"","ast-disable-related-posts":"","theme-transparent-header-meta":"default","adv-header-id-meta":"","stick-header-meta":"","header-above-stick-meta":"","header-main-stick-meta":"","header-below-stick-meta":"","astra-migrate-meta-layouts":"default","ast-page-background-enabled":"default","ast-page-background-meta":{"desktop":{"background-color":"var(--ast-global-color-5)","background-image":"","background-repeat":"repeat","background-position":"center center","background-size":"auto","background-attachment":"scroll","background-type":"","background-media":"","overlay-type":"","overlay-color":"","overlay-opacity":"","overlay-gradient":""},"tablet":{"background-color":"","background-image":"","background-repeat":"repeat","background-position":"center center","background-size":"auto","background-attachment":"scroll","background-type":"","background-media":"","overlay-type":"","overlay-color":"","overlay-opacity":"","overlay-gradient":""},"mobile":{"background-color":"","background-image":"","background-repeat":"repeat","background-position":"center center","background-size":"auto","background-attachment":"scroll","background-type":"","background-media":"","overlay-type":"","overlay-color":"","overlay-opacity":"","overlay-gradient":""}},"ast-content-background-meta":{"desktop":{"background-color":"var(--ast-global-color-4)","background-image":"","background-repeat":"repeat","background-position":"center center","background-size":"auto","background-attachment":"scroll","background-type":"","background-media":"","overlay-type":"","overlay-color":"","overlay-opacity":"","overlay-gradient":""},"tablet":{"background-color":"var(--ast-global-color-4)","background-image":"","background-repeat":"repeat","background-position":"center center","background-size":"auto","background-attachment":"scroll","background-type":"","background-media":"","overlay-type":"","overlay-color":"","overlay-opacity":"","overlay-gradient":""},"mobile":{"background-color":"var(--ast-global-color-4)","background-image":"","background-repeat":"repeat","background-position":"center center","background-size":"auto","background-attachment":"scroll","background-type":"","background-media":"","overlay-type":"","overlay-color":"","overlay-opacity":"","overlay-gradient":""}}},"product_brand":[],"product_cat":[223],"product_tag":[440],"class_list":{"0":"post-89293","1":"product","2":"type-product","3":"status-publish","4":"has-post-thumbnail","6":"product_cat-alternative-de-stejar-produse-oenologice","7":"product_tag-roble-iberico-ro","8":"pa_ecologico-autorizat-eu","9":"pa_ecologico-autorizat-nop-usda","10":"pa_estilo-de-vino-alb","11":"pa_estilo-de-vino-butoi","12":"pa_estilo-de-vino-rosu","13":"pa_estilo-de-vino-roz","14":"pa_objetivo-definitie","15":"pa_objetivo-fermentatie-exclusiva","16":"pa_vegano-vegetarian","17":"desktop-align-left","18":"tablet-align-left","19":"mobile-align-left","21":"first","22":"instock","23":"virtual","24":"product-type-simple"},"acf":[],"_links":{"self":[{"href":"https:\/\/agrovin.com\/ro\/wp-json\/wp\/v2\/product\/89293","targetHints":{"allow":["GET"]}}],"collection":[{"href":"https:\/\/agrovin.com\/ro\/wp-json\/wp\/v2\/product"}],"about":[{"href":"https:\/\/agrovin.com\/ro\/wp-json\/wp\/v2\/types\/product"}],"version-history":[{"count":0,"href":"https:\/\/agrovin.com\/ro\/wp-json\/wp\/v2\/product\/89293\/revisions"}],"wp:featuredmedia":[{"embeddable":true,"href":"https:\/\/agrovin.com\/ro\/wp-json\/wp\/v2\/media\/23047"}],"wp:attachment":[{"href":"https:\/\/agrovin.com\/ro\/wp-json\/wp\/v2\/media?parent=89293"}],"wp:term":[{"taxonomy":"product_brand","embeddable":true,"href":"https:\/\/agrovin.com\/ro\/wp-json\/wp\/v2\/product_brand?post=89293"},{"taxonomy":"product_cat","embeddable":true,"href":"https:\/\/agrovin.com\/ro\/wp-json\/wp\/v2\/product_cat?post=89293"},{"taxonomy":"product_tag","embeddable":true,"href":"https:\/\/agrovin.com\/ro\/wp-json\/wp\/v2\/product_tag?post=89293"}],"curies":[{"name":"wp","href":"https:\/\/api.w.org\/{rel}","templated":true}]}}