{"id":89283,"date":"2018-04-19T10:03:33","date_gmt":"2022-11-04T16:02:43","guid":{"rendered":"https:\/\/staging.agrovin.com\/fara-categorie\/eleganta-viniferm\/"},"modified":"2022-11-05T16:46:12","modified_gmt":"2022-11-05T15:46:12","slug":"viniferm-elegancia","status":"publish","type":"product","link":"https:\/\/agrovin.com\/ro\/produse-oenologice\/drojdie\/viniferm-elegancia\/","title":{"rendered":"VINIFERM ELEGANCIA"},"content":{"rendered":"<h3>CARACTERISTICI<\/h3>\n<p>Spre deosebire de majoritatea vi\u021belor oenologice, care produc arome fermentative \u00een timpul fermenta\u021biei alcoolice, acesta men\u021bine \u0219i accentueaz\u0103 tipicitatea soiului. Liza sa rapid\u0103 \u00eel face interesant pentru vinurile albe fermentate \u00een butoaie.<\/p>\n<h3>APLICA\u021aIE<\/h3>\n<ul>\n<li>Este deosebit de potrivit pentru producerea de vinuri albe cu precursori terpenici (Albari\u00f1o, Chardonnay, Moscatel&#8230;).<\/li>\n<li>Ideal pentru vinul de baz\u0103 cava datorit\u0103 produc\u021biei sc\u0103zute de SO2.<\/li>\n<li>Fermentarea controlat\u0103 a soiurilor neutre cu musturi puternic clarificate.<\/li>\n<li>Produc\u021bia de vinuri albe fermentate \u00een butoaie.<\/li>\n<li>Producerea de vinuri ros\u00e9 cu un caracter floral \u0219i un volum sporit \u00een palat.<\/li>\n<li>Produc\u021bia de vin spumant.<\/li>\n<\/ul>\n<h3>DOZAJ<\/h3>\n<ul>\n<li>Vinificare 20-30 g\/hl<\/li>\n<\/ul>\n","protected":false},"excerpt":{"rendered":"<p>Viniferm ELEGANCIA este o drojdie criofil\u0103 interesant\u0103 pentru fermentarea la temperaturi sc\u0103zute. Activitatea sa metabolic\u0103 permite eliberarea de terpene aromatice.<\/p>\n","protected":false},"featured_media":27104,"template":"","meta":{"_acf_changed":false,"inline_featured_image":false,"site-sidebar-layout":"default","site-content-layout":"default","ast-site-content-layout":"default","site-content-style":"default","site-sidebar-style":"default","ast-global-header-display":"","ast-banner-title-visibility":"","ast-main-header-display":"","ast-hfb-above-header-display":"","ast-hfb-below-header-display":"","ast-hfb-mobile-header-display":"","site-post-title":"","ast-breadcrumbs-content":"","ast-featured-img":"","footer-sml-layout":"","ast-disable-related-posts":"","theme-transparent-header-meta":"default","adv-header-id-meta":"","stick-header-meta":"","header-above-stick-meta":"","header-main-stick-meta":"","header-below-stick-meta":"","astra-migrate-meta-layouts":"default","ast-page-background-enabled":"default","ast-page-background-meta":{"desktop":{"background-color":"var(--ast-global-color-5)","background-image":"","background-repeat":"repeat","background-position":"center center","background-size":"auto","background-attachment":"scroll","background-type":"","background-media":"","overlay-type":"","overlay-color":"","overlay-opacity":"","overlay-gradient":""},"tablet":{"background-color":"","background-image":"","background-repeat":"repeat","background-position":"center center","background-size":"auto","background-attachment":"scroll","background-type":"","background-media":"","overlay-type":"","overlay-color":"","overlay-opacity":"","overlay-gradient":""},"mobile":{"background-color":"","background-image":"","background-repeat":"repeat","background-position":"center center","background-size":"auto","background-attachment":"scroll","background-type":"","background-media":"","overlay-type":"","overlay-color":"","overlay-opacity":"","overlay-gradient":""}},"ast-content-background-meta":{"desktop":{"background-color":"var(--ast-global-color-4)","background-image":"","background-repeat":"repeat","background-position":"center center","background-size":"auto","background-attachment":"scroll","background-type":"","background-media":"","overlay-type":"","overlay-color":"","overlay-opacity":"","overlay-gradient":""},"tablet":{"background-color":"var(--ast-global-color-4)","background-image":"","background-repeat":"repeat","background-position":"center center","background-size":"auto","background-attachment":"scroll","background-type":"","background-media":"","overlay-type":"","overlay-color":"","overlay-opacity":"","overlay-gradient":""},"mobile":{"background-color":"var(--ast-global-color-4)","background-image":"","background-repeat":"repeat","background-position":"center center","background-size":"auto","background-attachment":"scroll","background-type":"","background-media":"","overlay-type":"","overlay-color":"","overlay-opacity":"","overlay-gradient":""}}},"product_brand":[],"product_cat":[2089],"product_tag":[352,405,353],"class_list":{"0":"post-89283","1":"product","2":"type-product","3":"status-publish","4":"has-post-thumbnail","6":"product_cat-drojdie","7":"product_tag-arome-soiului","8":"product_tag-securitate-fermentativa","9":"product_tag-structura-si-volumul-in-gura","10":"pa_aplicacion-fa-fml-ru","11":"pa_ecologico-autorizat-eu","12":"pa_ecologico-autorizat-nop-usda","13":"pa_estilo-de-vino-alb","14":"pa_estilo-de-vino-roz","15":"pa_estilo-de-vino-sclipitor","16":"pa_vegano-vegetarian","17":"desktop-align-left","18":"tablet-align-left","19":"mobile-align-left","21":"first","22":"instock","23":"virtual","24":"product-type-simple"},"acf":[],"_links":{"self":[{"href":"https:\/\/agrovin.com\/ro\/wp-json\/wp\/v2\/product\/89283","targetHints":{"allow":["GET"]}}],"collection":[{"href":"https:\/\/agrovin.com\/ro\/wp-json\/wp\/v2\/product"}],"about":[{"href":"https:\/\/agrovin.com\/ro\/wp-json\/wp\/v2\/types\/product"}],"version-history":[{"count":0,"href":"https:\/\/agrovin.com\/ro\/wp-json\/wp\/v2\/product\/89283\/revisions"}],"wp:featuredmedia":[{"embeddable":true,"href":"https:\/\/agrovin.com\/ro\/wp-json\/wp\/v2\/media\/27104"}],"wp:attachment":[{"href":"https:\/\/agrovin.com\/ro\/wp-json\/wp\/v2\/media?parent=89283"}],"wp:term":[{"taxonomy":"product_brand","embeddable":true,"href":"https:\/\/agrovin.com\/ro\/wp-json\/wp\/v2\/product_brand?post=89283"},{"taxonomy":"product_cat","embeddable":true,"href":"https:\/\/agrovin.com\/ro\/wp-json\/wp\/v2\/product_cat?post=89283"},{"taxonomy":"product_tag","embeddable":true,"href":"https:\/\/agrovin.com\/ro\/wp-json\/wp\/v2\/product_tag?post=89283"}],"curies":[{"name":"wp","href":"https:\/\/api.w.org\/{rel}","templated":true}]}}