{"id":89268,"date":"2018-04-19T09:30:48","date_gmt":"2022-11-04T16:02:20","guid":{"rendered":"https:\/\/staging.agrovin.com\/fara-categorie\/divulgare-viniferm\/"},"modified":"2022-11-05T16:18:28","modified_gmt":"2022-11-05T15:18:28","slug":"viniferm-revelacion","status":"publish","type":"product","link":"https:\/\/agrovin.com\/ro\/produse-oenologice\/drojdie\/viniferm-revelacion\/","title":{"rendered":"VINIFERM REVELACI\u00d3N"},"content":{"rendered":"<h3>CARACTERISTICI<\/h3>\n<p>Combin\u0103 eliberarea de tioli volatili cu exprimarea aromelor fermentative, \u00een principal de natur\u0103 floral\u0103.<\/p>\n<h3>APLICA\u021aIE<\/h3>\n<ul>\n<li>Produc\u021bia de vinuri albe de soi de mare elegan\u021b\u0103 \u0219i complexitate.<\/li>\n<li>Vinuri albe tehnologice, cu un profil aromatic pronun\u021bat \u0219i condi\u021bii de fermentare dificile.<\/li>\n<li>Adecvat pentru fermenta\u021bii cu profil termic inversat, cu control al temperaturii la 18\u00baC \u00een primele 2 sau 3 zile \u0219i apoi sc\u0103derea temperaturii la 14\u00baC \u00een 24 de ore.<\/li>\n<li>Intensific\u0103 caracterul varietal al Verdejo \u0219i Sauvignon Blanc. Potrivit pentru soiuri precum Colombard, Gros \u0219i Petit Manseng, Semillon \u0219i Riesling.<\/li>\n<li>\u00cen cazul vinurilor ros\u00e9, rezultate excelente la Garnacha Merlot \u0219i Syrah.<\/li>\n<li>Chiar \u0219i \u00een cazul soiurilor mai neutre, complexitatea aromatic\u0103 cre\u0219te considerabil.<\/li>\n<\/ul>\n<h3><strong>DOZAJ<\/strong><\/h3>\n<ul>\n<li>Vinificare 20-30 g\/hl<\/li>\n<\/ul>\n","protected":false},"excerpt":{"rendered":"<p>Viniferm REVELACI\u00d3N este soiul de struguri ideal pentru a cre\u0219te complexitatea aromatic\u0103 a vinurilor.<\/p>\n","protected":false},"featured_media":27122,"template":"","meta":{"_acf_changed":false,"inline_featured_image":false,"site-sidebar-layout":"default","site-content-layout":"default","ast-site-content-layout":"default","site-content-style":"default","site-sidebar-style":"default","ast-global-header-display":"","ast-banner-title-visibility":"","ast-main-header-display":"","ast-hfb-above-header-display":"","ast-hfb-below-header-display":"","ast-hfb-mobile-header-display":"","site-post-title":"","ast-breadcrumbs-content":"","ast-featured-img":"","footer-sml-layout":"","ast-disable-related-posts":"","theme-transparent-header-meta":"default","adv-header-id-meta":"","stick-header-meta":"","header-above-stick-meta":"","header-main-stick-meta":"","header-below-stick-meta":"","astra-migrate-meta-layouts":"default","ast-page-background-enabled":"default","ast-page-background-meta":{"desktop":{"background-color":"var(--ast-global-color-5)","background-image":"","background-repeat":"repeat","background-position":"center center","background-size":"auto","background-attachment":"scroll","background-type":"","background-media":"","overlay-type":"","overlay-color":"","overlay-opacity":"","overlay-gradient":""},"tablet":{"background-color":"","background-image":"","background-repeat":"repeat","background-position":"center center","background-size":"auto","background-attachment":"scroll","background-type":"","background-media":"","overlay-type":"","overlay-color":"","overlay-opacity":"","overlay-gradient":""},"mobile":{"background-color":"","background-image":"","background-repeat":"repeat","background-position":"center center","background-size":"auto","background-attachment":"scroll","background-type":"","background-media":"","overlay-type":"","overlay-color":"","overlay-opacity":"","overlay-gradient":""}},"ast-content-background-meta":{"desktop":{"background-color":"var(--ast-global-color-4)","background-image":"","background-repeat":"repeat","background-position":"center center","background-size":"auto","background-attachment":"scroll","background-type":"","background-media":"","overlay-type":"","overlay-color":"","overlay-opacity":"","overlay-gradient":""},"tablet":{"background-color":"var(--ast-global-color-4)","background-image":"","background-repeat":"repeat","background-position":"center center","background-size":"auto","background-attachment":"scroll","background-type":"","background-media":"","overlay-type":"","overlay-color":"","overlay-opacity":"","overlay-gradient":""},"mobile":{"background-color":"var(--ast-global-color-4)","background-image":"","background-repeat":"repeat","background-position":"center center","background-size":"auto","background-attachment":"scroll","background-type":"","background-media":"","overlay-type":"","overlay-color":"","overlay-opacity":"","overlay-gradient":""}}},"product_brand":[],"product_cat":[2089],"product_tag":[352],"class_list":{"0":"post-89268","1":"product","2":"type-product","3":"status-publish","4":"has-post-thumbnail","6":"product_cat-drojdie","7":"product_tag-arome-soiului","8":"pa_aplicacion-fa-fml-ru","9":"pa_ecologico-autorizat-eu","10":"pa_ecologico-autorizat-nop-usda","11":"pa_estilo-de-vino-alb","12":"pa_estilo-de-vino-roz","13":"pa_vegano-vegetarian","14":"desktop-align-left","15":"tablet-align-left","16":"mobile-align-left","18":"first","19":"instock","20":"virtual","21":"product-type-simple"},"acf":[],"_links":{"self":[{"href":"https:\/\/agrovin.com\/ro\/wp-json\/wp\/v2\/product\/89268","targetHints":{"allow":["GET"]}}],"collection":[{"href":"https:\/\/agrovin.com\/ro\/wp-json\/wp\/v2\/product"}],"about":[{"href":"https:\/\/agrovin.com\/ro\/wp-json\/wp\/v2\/types\/product"}],"version-history":[{"count":0,"href":"https:\/\/agrovin.com\/ro\/wp-json\/wp\/v2\/product\/89268\/revisions"}],"wp:featuredmedia":[{"embeddable":true,"href":"https:\/\/agrovin.com\/ro\/wp-json\/wp\/v2\/media\/27122"}],"wp:attachment":[{"href":"https:\/\/agrovin.com\/ro\/wp-json\/wp\/v2\/media?parent=89268"}],"wp:term":[{"taxonomy":"product_brand","embeddable":true,"href":"https:\/\/agrovin.com\/ro\/wp-json\/wp\/v2\/product_brand?post=89268"},{"taxonomy":"product_cat","embeddable":true,"href":"https:\/\/agrovin.com\/ro\/wp-json\/wp\/v2\/product_cat?post=89268"},{"taxonomy":"product_tag","embeddable":true,"href":"https:\/\/agrovin.com\/ro\/wp-json\/wp\/v2\/product_tag?post=89268"}],"curies":[{"name":"wp","href":"https:\/\/api.w.org\/{rel}","templated":true}]}}