{"id":89258,"date":"2018-04-19T07:07:27","date_gmt":"2022-11-04T16:02:06","guid":{"rendered":"https:\/\/staging.agrovin.com\/fara-categorie\/metavimon\/"},"modified":"2024-04-23T16:15:57","modified_gmt":"2024-04-23T15:15:57","slug":"metavimon","status":"publish","type":"product","link":"https:\/\/agrovin.com\/ro\/produse-oenologice\/stabilizatori\/metavimon\/","title":{"rendered":"METAVIMON"},"content":{"rendered":"<h3>CARACTERISTICI<\/h3>\n<p>Ac\u021bioneaz\u0103 prin inhibarea cristaliz\u0103rii s\u0103rurilor de bitartrat de potasiu \u0219i a tartratului de calciu, \u00eempiedic\u00e2nd moleculele de tartrat insolubilizate s\u0103 se uneasc\u0103 \u0219i \u00eempiedic\u00e2nd astfel formarea de cristale.<\/p>\n<p>Atunci c\u00e2nd este ad\u0103ugat \u00een vin, Metavimon se hidrolizeaz\u0103 lent \u0219i se transform\u0103 din nou \u00een acid tartric, pierz\u00e2ndu-\u0219i treptat activitatea.<\/p>\n<p>Eficacitatea Metavimon depinde de temperatura de depozitare a vinului tratat. La temperaturi sc\u0103zute, hidroliza sa este mai lent\u0103.<\/p>\n<p>Metavimon are o rat\u0103 ridicat\u0103 de esterificare.<\/p>\n<h3>APLICA\u021aIE<\/h3>\n<p>Adecvat pentru vinurile albe, ros\u00e9 \u0219i ro\u0219ii instabile din punct de vedere tartric, \u00een cazul \u00een care este necesar s\u0103 se evite precipitarea din cauza s\u0103rurilor tartrice.<\/p>\n<h3>DOZAJ<\/h3>\n<div class=\"page\" title=\"Pagina 1\">\n<div class=\"section\">\n<div class=\"layoutArea\">\n<div class=\"column\">\n<p>Vin finit: <span style=\"font-size: 16px;\">5-10 g\/hl<\/span><\/p>\n<\/div>\n<\/div>\n<\/div>\n<\/div>\n","protected":false},"excerpt":{"rendered":"<p>Metavimon are proprietatea de a inhiba cristalizarea bitartratului de potasiu \u0219i a tartratului de calciu neutru.<\/p>\n","protected":false},"featured_media":34423,"template":"","meta":{"_acf_changed":false,"inline_featured_image":false,"site-sidebar-layout":"default","site-content-layout":"default","ast-site-content-layout":"default","site-content-style":"default","site-sidebar-style":"default","ast-global-header-display":"","ast-banner-title-visibility":"","ast-main-header-display":"","ast-hfb-above-header-display":"","ast-hfb-below-header-display":"","ast-hfb-mobile-header-display":"","site-post-title":"","ast-breadcrumbs-content":"","ast-featured-img":"","footer-sml-layout":"","ast-disable-related-posts":"","theme-transparent-header-meta":"default","adv-header-id-meta":"","stick-header-meta":"","header-above-stick-meta":"","header-main-stick-meta":"","header-below-stick-meta":"","astra-migrate-meta-layouts":"default","ast-page-background-enabled":"default","ast-page-background-meta":{"desktop":{"background-color":"var(--ast-global-color-5)","background-image":"","background-repeat":"repeat","background-position":"center center","background-size":"auto","background-attachment":"scroll","background-type":"","background-media":"","overlay-type":"","overlay-color":"","overlay-opacity":"","overlay-gradient":""},"tablet":{"background-color":"","background-image":"","background-repeat":"repeat","background-position":"center center","background-size":"auto","background-attachment":"scroll","background-type":"","background-media":"","overlay-type":"","overlay-color":"","overlay-opacity":"","overlay-gradient":""},"mobile":{"background-color":"","background-image":"","background-repeat":"repeat","background-position":"center center","background-size":"auto","background-attachment":"scroll","background-type":"","background-media":"","overlay-type":"","overlay-color":"","overlay-opacity":"","overlay-gradient":""}},"ast-content-background-meta":{"desktop":{"background-color":"var(--ast-global-color-4)","background-image":"","background-repeat":"repeat","background-position":"center center","background-size":"auto","background-attachment":"scroll","background-type":"","background-media":"","overlay-type":"","overlay-color":"","overlay-opacity":"","overlay-gradient":""},"tablet":{"background-color":"var(--ast-global-color-4)","background-image":"","background-repeat":"repeat","background-position":"center center","background-size":"auto","background-attachment":"scroll","background-type":"","background-media":"","overlay-type":"","overlay-color":"","overlay-opacity":"","overlay-gradient":""},"mobile":{"background-color":"var(--ast-global-color-4)","background-image":"","background-repeat":"repeat","background-position":"center center","background-size":"auto","background-attachment":"scroll","background-type":"","background-media":"","overlay-type":"","overlay-color":"","overlay-opacity":"","overlay-gradient":""}}},"product_brand":[],"product_cat":[183],"product_tag":[414],"class_list":{"0":"post-89258","1":"product","2":"type-product","3":"status-publish","4":"has-post-thumbnail","6":"product_cat-stabilizatori","7":"product_tag-stabilitate-tartrica","8":"pa_ecologico-autorizat-eu","9":"pa_objetivo-stabilizare","10":"desktop-align-left","11":"tablet-align-left","12":"mobile-align-left","14":"first","15":"instock","16":"virtual","17":"product-type-simple"},"acf":[],"_links":{"self":[{"href":"https:\/\/agrovin.com\/ro\/wp-json\/wp\/v2\/product\/89258","targetHints":{"allow":["GET"]}}],"collection":[{"href":"https:\/\/agrovin.com\/ro\/wp-json\/wp\/v2\/product"}],"about":[{"href":"https:\/\/agrovin.com\/ro\/wp-json\/wp\/v2\/types\/product"}],"version-history":[{"count":0,"href":"https:\/\/agrovin.com\/ro\/wp-json\/wp\/v2\/product\/89258\/revisions"}],"wp:featuredmedia":[{"embeddable":true,"href":"https:\/\/agrovin.com\/ro\/wp-json\/wp\/v2\/media\/34423"}],"wp:attachment":[{"href":"https:\/\/agrovin.com\/ro\/wp-json\/wp\/v2\/media?parent=89258"}],"wp:term":[{"taxonomy":"product_brand","embeddable":true,"href":"https:\/\/agrovin.com\/ro\/wp-json\/wp\/v2\/product_brand?post=89258"},{"taxonomy":"product_cat","embeddable":true,"href":"https:\/\/agrovin.com\/ro\/wp-json\/wp\/v2\/product_cat?post=89258"},{"taxonomy":"product_tag","embeddable":true,"href":"https:\/\/agrovin.com\/ro\/wp-json\/wp\/v2\/product_tag?post=89258"}],"curies":[{"name":"wp","href":"https:\/\/api.w.org\/{rel}","templated":true}]}}