{"id":89248,"date":"2018-04-19T06:59:11","date_gmt":"2022-11-04T15:53:43","guid":{"rendered":"https:\/\/staging.agrovin.com\/fara-categorie\/gomasol-instant\/"},"modified":"2022-11-05T19:59:10","modified_gmt":"2022-11-05T18:59:10","slug":"gomasol-instant","status":"publish","type":"product","link":"https:\/\/agrovin.com\/ro\/produse-oenologice\/stabilizatori\/gomasol-instant\/","title":{"rendered":"GOMASOL INSTANT"},"content":{"rendered":"<h3>APLICA\u021aIE<\/h3>\n<p>Folosit \u00een vinurile ro\u0219ii, ros\u00e9 sau albe, \u00eembun\u0103t\u0103\u021be\u0219te untuozitatea \u0219i rotunjimea \u00een gur\u0103.<\/p>\n<p>Poate fi aplicat \u00eenainte de ultima filtrare, datorit\u0103 con\u021binutului s\u0103u sc\u0103zut de proteine. Acest lucru nu duce la pierderi de produs sau la \u00eenfundarea elementelor de filtrare.<\/p>\n<p>\u00cen calitate de coloid natural, contribuie, de asemenea, la \u00eembun\u0103t\u0103\u021birea stabilit\u0103\u021bii tartrice \u0219i protejeaz\u0103 \u00eempotriva unor modific\u0103ri oxidative.<\/p>\n<p>&nbsp;<\/p>\n<h3>DOZAJ<\/h3>\n<div class=\"page\" title=\"Pagina 1\">\n<div class=\"section\">\n<div class=\"layoutArea\">\n<div class=\"column\">\n<p>Gomasol INSTANT 10-40 g\/hl<\/p>\n<\/div>\n<\/div>\n<\/div>\n<\/div>\n","protected":false},"excerpt":{"rendered":"<p>Gomasol INSTANT este o gum\u0103 arabic\u0103 din Acacia seyal care se dizolv\u0103 rapid \u0219i u\u0219or. Caracteristica sa principal\u0103 este rotunjimea pe care o confer\u0103 vinurilor tratate. Contribuie la stabilizarea coloidal\u0103 a vinurilor.<\/p>\n","protected":false},"featured_media":23075,"template":"","meta":{"_acf_changed":false,"inline_featured_image":false,"site-sidebar-layout":"default","site-content-layout":"default","ast-site-content-layout":"default","site-content-style":"default","site-sidebar-style":"default","ast-global-header-display":"","ast-banner-title-visibility":"","ast-main-header-display":"","ast-hfb-above-header-display":"","ast-hfb-below-header-display":"","ast-hfb-mobile-header-display":"","site-post-title":"","ast-breadcrumbs-content":"","ast-featured-img":"","footer-sml-layout":"","ast-disable-related-posts":"","theme-transparent-header-meta":"default","adv-header-id-meta":"","stick-header-meta":"","header-above-stick-meta":"","header-main-stick-meta":"","header-below-stick-meta":"","astra-migrate-meta-layouts":"default","ast-page-background-enabled":"default","ast-page-background-meta":{"desktop":{"background-color":"var(--ast-global-color-5)","background-image":"","background-repeat":"repeat","background-position":"center center","background-size":"auto","background-attachment":"scroll","background-type":"","background-media":"","overlay-type":"","overlay-color":"","overlay-opacity":"","overlay-gradient":""},"tablet":{"background-color":"","background-image":"","background-repeat":"repeat","background-position":"center center","background-size":"auto","background-attachment":"scroll","background-type":"","background-media":"","overlay-type":"","overlay-color":"","overlay-opacity":"","overlay-gradient":""},"mobile":{"background-color":"","background-image":"","background-repeat":"repeat","background-position":"center center","background-size":"auto","background-attachment":"scroll","background-type":"","background-media":"","overlay-type":"","overlay-color":"","overlay-opacity":"","overlay-gradient":""}},"ast-content-background-meta":{"desktop":{"background-color":"var(--ast-global-color-4)","background-image":"","background-repeat":"repeat","background-position":"center center","background-size":"auto","background-attachment":"scroll","background-type":"","background-media":"","overlay-type":"","overlay-color":"","overlay-opacity":"","overlay-gradient":""},"tablet":{"background-color":"var(--ast-global-color-4)","background-image":"","background-repeat":"repeat","background-position":"center center","background-size":"auto","background-attachment":"scroll","background-type":"","background-media":"","overlay-type":"","overlay-color":"","overlay-opacity":"","overlay-gradient":""},"mobile":{"background-color":"var(--ast-global-color-4)","background-image":"","background-repeat":"repeat","background-position":"center center","background-size":"auto","background-attachment":"scroll","background-type":"","background-media":"","overlay-type":"","overlay-color":"","overlay-opacity":"","overlay-gradient":""}}},"product_brand":[],"product_cat":[183],"product_tag":[415],"class_list":{"0":"post-89248","1":"product","2":"type-product","3":"status-publish","4":"has-post-thumbnail","6":"product_cat-stabilizatori","7":"product_tag-stabilitatii-materiei-colorante","8":"pa_ecologico-autorizat-eu","9":"pa_ecologico-autorizat-nop-usda","10":"pa_estilo-de-vino-alb","11":"pa_estilo-de-vino-rosu","12":"pa_estilo-de-vino-roz","13":"pa_estilo-de-vino-sclipitor","14":"pa_objetivo-fin","15":"pa_objetivo-imbunatatirea-senzoriala","16":"pa_objetivo-stabilizare","17":"desktop-align-left","18":"tablet-align-left","19":"mobile-align-left","21":"first","22":"instock","23":"virtual","24":"product-type-simple"},"acf":[],"_links":{"self":[{"href":"https:\/\/agrovin.com\/ro\/wp-json\/wp\/v2\/product\/89248","targetHints":{"allow":["GET"]}}],"collection":[{"href":"https:\/\/agrovin.com\/ro\/wp-json\/wp\/v2\/product"}],"about":[{"href":"https:\/\/agrovin.com\/ro\/wp-json\/wp\/v2\/types\/product"}],"version-history":[{"count":0,"href":"https:\/\/agrovin.com\/ro\/wp-json\/wp\/v2\/product\/89248\/revisions"}],"wp:featuredmedia":[{"embeddable":true,"href":"https:\/\/agrovin.com\/ro\/wp-json\/wp\/v2\/media\/23075"}],"wp:attachment":[{"href":"https:\/\/agrovin.com\/ro\/wp-json\/wp\/v2\/media?parent=89248"}],"wp:term":[{"taxonomy":"product_brand","embeddable":true,"href":"https:\/\/agrovin.com\/ro\/wp-json\/wp\/v2\/product_brand?post=89248"},{"taxonomy":"product_cat","embeddable":true,"href":"https:\/\/agrovin.com\/ro\/wp-json\/wp\/v2\/product_cat?post=89248"},{"taxonomy":"product_tag","embeddable":true,"href":"https:\/\/agrovin.com\/ro\/wp-json\/wp\/v2\/product_tag?post=89248"}],"curies":[{"name":"wp","href":"https:\/\/api.w.org\/{rel}","templated":true}]}}