{"id":89247,"date":"2018-04-19T07:00:41","date_gmt":"2022-11-04T15:53:43","guid":{"rendered":"https:\/\/staging.agrovin.com\/fara-categorie\/gomasol-phi\/"},"modified":"2022-11-05T19:46:33","modified_gmt":"2022-11-05T18:46:33","slug":"gomasol-phi","status":"publish","type":"product","link":"https:\/\/agrovin.com\/ro\/produse-oenologice\/stabilizatori\/gomasol-phi\/","title":{"rendered":"GOMASOL PHI"},"content":{"rendered":"<h3>CARACTERISTICI<\/h3>\n<ul>\n<li>Este preparat din gum\u0103 arabic\u0103 de calitate superioar\u0103, f\u0103r\u0103 impurit\u0103\u021bi.<\/li>\n<li>STABILITATE COLOIDAL\u0102 RIDICAT\u0102. Datorit\u0103 dimensiunii sale, evit\u0103 agregarea cristalelor, ceea ce \u00eembun\u0103t\u0103\u021be\u0219te STABILITATEA TARTARIC\u0102.<\/li>\n<li>EFECT SENZORIAL. Guma arabic\u0103 de calitate Seyal este o gum\u0103 cu greutate molecular\u0103 mare, ideal\u0103 pentru a da volum \u00een gur\u0103, oferind rotunjime, elimin\u00e2nd am\u0103r\u0103ciunea \u0219i astringen\u021ba.<\/li>\n<li>Aceasta provine din selec\u021bia strict\u0103 a celor mai bune materii prime \u0219i este ob\u021binut\u0103 printr-un proces de produc\u021bie natural, f\u0103r\u0103 adaos de agen\u021bi chimici, prin solubilizare \u0219i purificare, al c\u0103rui scop este de a men\u021bine dimensiunile \u0219i structura gumei practic intacte.<\/li>\n<li>Gomasol PHI , are un indice de colmatare sc\u0103zut.<\/li>\n<\/ul>\n<h3>APLICA\u021aIE<\/h3>\n<p>Folosit \u00een vinurile ro\u0219ii, ros\u00e9 sau albe, \u00eembun\u0103t\u0103\u021be\u0219te untuozitatea \u0219i rotunjimea \u00een gur\u0103.<\/p>\n<p>Fiind un coloid natural, ajut\u0103, de asemenea, la \u00eembun\u0103t\u0103\u021birea stabilit\u0103\u021bii tartrice.<\/p>\n<h3>DOZAJ<\/h3>\n<div class=\"page\" title=\"Pagina 2\">\n<div class=\"layoutArea\">\n<div class=\"column\">\n<p>VINURI TINERE: 100-200 ml\/hl<\/p>\n<p>VINURI MAI VECHI DE UN AN: <span style=\"font-size: 16px;\">70-100 ml\/hl<\/span><\/p>\n<\/div>\n<\/div>\n<\/div>\n","protected":false},"excerpt":{"rendered":"<p>Gomasol PHI este o solu\u021bie concentrat\u0103 de 100% gum\u0103 arabic\u0103 de Acacia seyal.<\/p>\n","protected":false},"featured_media":22225,"template":"","meta":{"_acf_changed":false,"inline_featured_image":false,"site-sidebar-layout":"default","site-content-layout":"default","ast-site-content-layout":"default","site-content-style":"default","site-sidebar-style":"default","ast-global-header-display":"","ast-banner-title-visibility":"","ast-main-header-display":"","ast-hfb-above-header-display":"","ast-hfb-below-header-display":"","ast-hfb-mobile-header-display":"","site-post-title":"","ast-breadcrumbs-content":"","ast-featured-img":"","footer-sml-layout":"","ast-disable-related-posts":"","theme-transparent-header-meta":"default","adv-header-id-meta":"","stick-header-meta":"","header-above-stick-meta":"","header-main-stick-meta":"","header-below-stick-meta":"","astra-migrate-meta-layouts":"default","ast-page-background-enabled":"default","ast-page-background-meta":{"desktop":{"background-color":"var(--ast-global-color-5)","background-image":"","background-repeat":"repeat","background-position":"center center","background-size":"auto","background-attachment":"scroll","background-type":"","background-media":"","overlay-type":"","overlay-color":"","overlay-opacity":"","overlay-gradient":""},"tablet":{"background-color":"","background-image":"","background-repeat":"repeat","background-position":"center center","background-size":"auto","background-attachment":"scroll","background-type":"","background-media":"","overlay-type":"","overlay-color":"","overlay-opacity":"","overlay-gradient":""},"mobile":{"background-color":"","background-image":"","background-repeat":"repeat","background-position":"center center","background-size":"auto","background-attachment":"scroll","background-type":"","background-media":"","overlay-type":"","overlay-color":"","overlay-opacity":"","overlay-gradient":""}},"ast-content-background-meta":{"desktop":{"background-color":"var(--ast-global-color-4)","background-image":"","background-repeat":"repeat","background-position":"center center","background-size":"auto","background-attachment":"scroll","background-type":"","background-media":"","overlay-type":"","overlay-color":"","overlay-opacity":"","overlay-gradient":""},"tablet":{"background-color":"var(--ast-global-color-4)","background-image":"","background-repeat":"repeat","background-position":"center center","background-size":"auto","background-attachment":"scroll","background-type":"","background-media":"","overlay-type":"","overlay-color":"","overlay-opacity":"","overlay-gradient":""},"mobile":{"background-color":"var(--ast-global-color-4)","background-image":"","background-repeat":"repeat","background-position":"center center","background-size":"auto","background-attachment":"scroll","background-type":"","background-media":"","overlay-type":"","overlay-color":"","overlay-opacity":"","overlay-gradient":""}}},"product_brand":[],"product_cat":[183],"product_tag":[415],"class_list":{"0":"post-89247","1":"product","2":"type-product","3":"status-publish","4":"has-post-thumbnail","6":"product_cat-stabilizatori","7":"product_tag-stabilitatii-materiei-colorante","8":"pa_ecologico-autorizat-eu","9":"pa_ecologico-autorizat-nop-usda","10":"pa_estilo-de-vino-alb","11":"pa_estilo-de-vino-rosu","12":"pa_estilo-de-vino-roz","13":"pa_estilo-de-vino-sclipitor","14":"pa_objetivo-fin","15":"pa_objetivo-imbunatatirea-senzoriala","16":"pa_objetivo-stabilizare","17":"desktop-align-left","18":"tablet-align-left","19":"mobile-align-left","21":"first","22":"instock","23":"virtual","24":"product-type-simple"},"acf":[],"_links":{"self":[{"href":"https:\/\/agrovin.com\/ro\/wp-json\/wp\/v2\/product\/89247","targetHints":{"allow":["GET"]}}],"collection":[{"href":"https:\/\/agrovin.com\/ro\/wp-json\/wp\/v2\/product"}],"about":[{"href":"https:\/\/agrovin.com\/ro\/wp-json\/wp\/v2\/types\/product"}],"version-history":[{"count":0,"href":"https:\/\/agrovin.com\/ro\/wp-json\/wp\/v2\/product\/89247\/revisions"}],"wp:featuredmedia":[{"embeddable":true,"href":"https:\/\/agrovin.com\/ro\/wp-json\/wp\/v2\/media\/22225"}],"wp:attachment":[{"href":"https:\/\/agrovin.com\/ro\/wp-json\/wp\/v2\/media?parent=89247"}],"wp:term":[{"taxonomy":"product_brand","embeddable":true,"href":"https:\/\/agrovin.com\/ro\/wp-json\/wp\/v2\/product_brand?post=89247"},{"taxonomy":"product_cat","embeddable":true,"href":"https:\/\/agrovin.com\/ro\/wp-json\/wp\/v2\/product_cat?post=89247"},{"taxonomy":"product_tag","embeddable":true,"href":"https:\/\/agrovin.com\/ro\/wp-json\/wp\/v2\/product_tag?post=89247"}],"curies":[{"name":"wp","href":"https:\/\/api.w.org\/{rel}","templated":true}]}}