{"id":89229,"date":"2018-05-09T09:50:20","date_gmt":"2022-11-04T15:47:37","guid":{"rendered":"https:\/\/staging.agrovin.com\/?post_type=product&#038;p=89229"},"modified":"2023-02-21T10:36:47","modified_gmt":"2023-02-21T09:36:47","slug":"beco-pr","status":"publish","type":"product","link":"https:\/\/agrovin.com\/ro\/produse-oenologice\/produse-filtrare\/beco-pr\/","title":{"rendered":"BECO PR"},"content":{"rendered":"<p><span class=\"filtracion-n\" style=\"color: #000000;\">Filtrare cu putere mare de reten\u021bie a microorganismelor \u0219i endotoxinelor.<\/span><\/p>\n<p><strong><br \/>\n<span class=\"filtracion-n\" style=\"color: #000000;\"> BECO PR sterile S 100, PR sterile S 80, PR sterile 40.<\/span><br \/>\n<\/strong><\/p>\n<p><span class=\"textosbloque\">Pl\u0103ci filtrante de ad\u00e2ncime BECO cu un grad ridicat de reten\u021bie a microorganismelor \u0219i a particulelor coloidale mici, datorit\u0103 porozit\u0103\u021bii intersti\u021biale sc\u0103zute a fibrelor de celuloz\u0103 \u0219i aplic\u0103rii unui poten\u021bial electrocinetic cu un efect de adsorb\u021bie ridicat. Aceste pl\u0103ci filtrante se caracterizeaz\u0103 prin rate ridicate de reten\u021bie a endotoxinei.<\/span><\/p>\n<p><span class=\"filtracion-n\" style=\"color: #000000;\">Filtrare fin\u0103 care reduce microorganismele.<\/span><\/p>\n<p><strong><br \/>\n<span class=\"filtracion-n\" style=\"color: #000000;\"> BECO PR 12.<\/span><br \/>\n<\/strong><\/p>\n<p><span class=\"textosbloque\">Pl\u0103ci filtrante BECO pentru un grad ridicat de clarificare. Datorit\u0103 gradului lor nominal, aceste pl\u0103ci re\u021bin particule de dimensiuni mici \u0219i de natur\u0103 variabil\u0103, ceea ce, \u00eempreun\u0103 cu puterea de re\u021binere a microorganismelor, le face potrivite pentru filtrarea final\u0103 sau lustruirea produselor alimentare lichide. De asemenea, acestea pot fi utilizate \u00een practic\u0103 ca prefiltre eficiente \u00een procesele cu membran\u0103, cum ar fi osmoza invers\u0103 \u0219i ultrafiltrarea, sau \u00een procesele de schimb de ioni pentru protec\u021bia coloanelor cromatografice.<\/span><\/p>\n<p><span class=\"filtracion-n\" style=\"color: #000000;\">Filtrare de clarificare.<\/span><\/p>\n<p><strong><br \/>\n<span class=\"filtracion-n\" style=\"color: #000000;\"> BECO PR 5, PR 1.<\/span><br \/>\n<\/strong><\/p>\n<p><span class=\"textosbloque\">Pl\u0103ci filtrante BECO cu o structur\u0103 fibroas\u0103 de porozitate variabil\u0103, de la un grad nominal de 0,8 _m la 5 _m, care asigur\u0103 o capacitate mare de re\u021binere a turbidit\u0103\u021bii \u00een ad\u00e2ncime \u0219i o reducere semnificativ\u0103 a popula\u021biei microbiene.<\/span><\/p>\n","protected":false},"excerpt":{"rendered":"<p>Plac\u0103 de filtrare \u00een profunzime pentru industria farmaceutic\u0103.<\/p>\n","protected":false},"featured_media":14595,"template":"","meta":{"_acf_changed":false,"inline_featured_image":false,"site-sidebar-layout":"default","site-content-layout":"default","ast-site-content-layout":"default","site-content-style":"default","site-sidebar-style":"default","ast-global-header-display":"","ast-banner-title-visibility":"","ast-main-header-display":"","ast-hfb-above-header-display":"","ast-hfb-below-header-display":"","ast-hfb-mobile-header-display":"","site-post-title":"","ast-breadcrumbs-content":"","ast-featured-img":"","footer-sml-layout":"","ast-disable-related-posts":"","theme-transparent-header-meta":"default","adv-header-id-meta":"","stick-header-meta":"","header-above-stick-meta":"","header-main-stick-meta":"","header-below-stick-meta":"","astra-migrate-meta-layouts":"default","ast-page-background-enabled":"default","ast-page-background-meta":{"desktop":{"background-color":"var(--ast-global-color-5)","background-image":"","background-repeat":"repeat","background-position":"center center","background-size":"auto","background-attachment":"scroll","background-type":"","background-media":"","overlay-type":"","overlay-color":"","overlay-opacity":"","overlay-gradient":""},"tablet":{"background-color":"","background-image":"","background-repeat":"repeat","background-position":"center center","background-size":"auto","background-attachment":"scroll","background-type":"","background-media":"","overlay-type":"","overlay-color":"","overlay-opacity":"","overlay-gradient":""},"mobile":{"background-color":"","background-image":"","background-repeat":"repeat","background-position":"center center","background-size":"auto","background-attachment":"scroll","background-type":"","background-media":"","overlay-type":"","overlay-color":"","overlay-opacity":"","overlay-gradient":""}},"ast-content-background-meta":{"desktop":{"background-color":"var(--ast-global-color-4)","background-image":"","background-repeat":"repeat","background-position":"center center","background-size":"auto","background-attachment":"scroll","background-type":"","background-media":"","overlay-type":"","overlay-color":"","overlay-opacity":"","overlay-gradient":""},"tablet":{"background-color":"var(--ast-global-color-4)","background-image":"","background-repeat":"repeat","background-position":"center center","background-size":"auto","background-attachment":"scroll","background-type":"","background-media":"","overlay-type":"","overlay-color":"","overlay-opacity":"","overlay-gradient":""},"mobile":{"background-color":"var(--ast-global-color-4)","background-image":"","background-repeat":"repeat","background-position":"center center","background-size":"auto","background-attachment":"scroll","background-type":"","background-media":"","overlay-type":"","overlay-color":"","overlay-opacity":"","overlay-gradient":""}}},"product_brand":[],"product_cat":[360],"product_tag":[],"class_list":{"0":"post-89229","1":"product","2":"type-product","3":"status-publish","4":"has-post-thumbnail","6":"product_cat-produse-filtrare","7":"desktop-align-left","8":"tablet-align-left","9":"mobile-align-left","11":"first","12":"instock","13":"virtual","14":"product-type-simple"},"acf":[],"_links":{"self":[{"href":"https:\/\/agrovin.com\/ro\/wp-json\/wp\/v2\/product\/89229","targetHints":{"allow":["GET"]}}],"collection":[{"href":"https:\/\/agrovin.com\/ro\/wp-json\/wp\/v2\/product"}],"about":[{"href":"https:\/\/agrovin.com\/ro\/wp-json\/wp\/v2\/types\/product"}],"version-history":[{"count":0,"href":"https:\/\/agrovin.com\/ro\/wp-json\/wp\/v2\/product\/89229\/revisions"}],"wp:featuredmedia":[{"embeddable":true,"href":"https:\/\/agrovin.com\/ro\/wp-json\/wp\/v2\/media\/14595"}],"wp:attachment":[{"href":"https:\/\/agrovin.com\/ro\/wp-json\/wp\/v2\/media?parent=89229"}],"wp:term":[{"taxonomy":"product_brand","embeddable":true,"href":"https:\/\/agrovin.com\/ro\/wp-json\/wp\/v2\/product_brand?post=89229"},{"taxonomy":"product_cat","embeddable":true,"href":"https:\/\/agrovin.com\/ro\/wp-json\/wp\/v2\/product_cat?post=89229"},{"taxonomy":"product_tag","embeddable":true,"href":"https:\/\/agrovin.com\/ro\/wp-json\/wp\/v2\/product_tag?post=89229"}],"curies":[{"name":"wp","href":"https:\/\/api.w.org\/{rel}","templated":true}]}}