{"id":89115,"date":"2022-05-25T17:24:13","date_gmt":"2022-05-25T16:24:13","guid":{"rendered":"https:\/\/staging.agrovin.com\/fara-categorie\/spirit-no2-core\/"},"modified":"2024-10-29T15:17:52","modified_gmt":"2024-10-29T13:17:52","slug":"spirit-no2-core","status":"publish","type":"product","link":"https:\/\/agrovin.com\/ro\/produse-oenologice\/alternative-de-stejar-produse-oenologice\/spirit-no2-core\/","title":{"rendered":"SPIRIT N\u00ba2 CORE"},"content":{"rendered":"<h3>DOZAJ<\/h3>\n<ul>\n<li>Vin 1 &#8211; 5 g\/l<\/li>\n<\/ul>\n<p>At\u00e2t doza, c\u00e2t \u0219i durata tratamentului vor depinde de gradul de recidiv\u0103 \u0219i de intensitatea caracteristicilor dorite.<br \/>\nTimp de contact recomandat: 4 s\u0103pt\u0103m\u00e2ni.<br \/>\nSe recomand\u0103 testarea prealabil\u0103 pentru a determina doza \u0219i degust\u0103ri frecvente pentru a determina timpul optim de tratament.<\/p>\n","protected":false},"excerpt":{"rendered":"<p>Spirit n\u00ba2 Core este un cip care combin\u0103 diferite origini botanice \u0219i pr\u0103jite pentru a cre\u0219te complexitatea \u0219i intensitatea aromatic\u0103, particip\u00e2nd \u00een mod pozitiv la toate fazele gustului. Recomandat pentru vinurile pentru care se caut\u0103 o cre\u0219tere general\u0103 a complexit\u0103\u021bii \u0219i o cre\u0219tere echilibrat\u0103 a senza\u021biilor tactile.<\/p>\n","protected":false},"featured_media":118668,"template":"","meta":{"_acf_changed":false,"inline_featured_image":false,"site-sidebar-layout":"default","site-content-layout":"default","ast-site-content-layout":"default","site-content-style":"default","site-sidebar-style":"default","ast-global-header-display":"","ast-banner-title-visibility":"","ast-main-header-display":"","ast-hfb-above-header-display":"","ast-hfb-below-header-display":"","ast-hfb-mobile-header-display":"","site-post-title":"","ast-breadcrumbs-content":"","ast-featured-img":"","footer-sml-layout":"","ast-disable-related-posts":"","theme-transparent-header-meta":"default","adv-header-id-meta":"","stick-header-meta":"","header-above-stick-meta":"","header-main-stick-meta":"","header-below-stick-meta":"","astra-migrate-meta-layouts":"set","ast-page-background-enabled":"default","ast-page-background-meta":{"desktop":{"background-color":"var(--ast-global-color-5)","background-image":"","background-repeat":"repeat","background-position":"center center","background-size":"auto","background-attachment":"scroll","background-type":"","background-media":"","overlay-type":"","overlay-color":"","overlay-opacity":"","overlay-gradient":""},"tablet":{"background-color":"","background-image":"","background-repeat":"repeat","background-position":"center center","background-size":"auto","background-attachment":"scroll","background-type":"","background-media":"","overlay-type":"","overlay-color":"","overlay-opacity":"","overlay-gradient":""},"mobile":{"background-color":"","background-image":"","background-repeat":"repeat","background-position":"center center","background-size":"auto","background-attachment":"scroll","background-type":"","background-media":"","overlay-type":"","overlay-color":"","overlay-opacity":"","overlay-gradient":""}},"ast-content-background-meta":{"desktop":{"background-color":"var(--ast-global-color-4)","background-image":"","background-repeat":"repeat","background-position":"center center","background-size":"auto","background-attachment":"scroll","background-type":"","background-media":"","overlay-type":"","overlay-color":"","overlay-opacity":"","overlay-gradient":""},"tablet":{"background-color":"var(--ast-global-color-4)","background-image":"","background-repeat":"repeat","background-position":"center center","background-size":"auto","background-attachment":"scroll","background-type":"","background-media":"","overlay-type":"","overlay-color":"","overlay-opacity":"","overlay-gradient":""},"mobile":{"background-color":"var(--ast-global-color-4)","background-image":"","background-repeat":"repeat","background-position":"center center","background-size":"auto","background-attachment":"scroll","background-type":"","background-media":"","overlay-type":"","overlay-color":"","overlay-opacity":"","overlay-gradient":""}}},"product_brand":[],"product_cat":[223],"product_tag":[],"class_list":{"0":"post-89115","1":"product","2":"type-product","3":"status-publish","4":"has-post-thumbnail","6":"product_cat-alternative-de-stejar-produse-oenologice","7":"pa_objetivo-definitie","8":"desktop-align-left","9":"tablet-align-left","10":"mobile-align-left","12":"first","13":"instock","14":"shipping-taxable","15":"product-type-simple"},"acf":[],"_links":{"self":[{"href":"https:\/\/agrovin.com\/ro\/wp-json\/wp\/v2\/product\/89115","targetHints":{"allow":["GET"]}}],"collection":[{"href":"https:\/\/agrovin.com\/ro\/wp-json\/wp\/v2\/product"}],"about":[{"href":"https:\/\/agrovin.com\/ro\/wp-json\/wp\/v2\/types\/product"}],"version-history":[{"count":1,"href":"https:\/\/agrovin.com\/ro\/wp-json\/wp\/v2\/product\/89115\/revisions"}],"predecessor-version":[{"id":116971,"href":"https:\/\/agrovin.com\/ro\/wp-json\/wp\/v2\/product\/89115\/revisions\/116971"}],"wp:featuredmedia":[{"embeddable":true,"href":"https:\/\/agrovin.com\/ro\/wp-json\/wp\/v2\/media\/118668"}],"wp:attachment":[{"href":"https:\/\/agrovin.com\/ro\/wp-json\/wp\/v2\/media?parent=89115"}],"wp:term":[{"taxonomy":"product_brand","embeddable":true,"href":"https:\/\/agrovin.com\/ro\/wp-json\/wp\/v2\/product_brand?post=89115"},{"taxonomy":"product_cat","embeddable":true,"href":"https:\/\/agrovin.com\/ro\/wp-json\/wp\/v2\/product_cat?post=89115"},{"taxonomy":"product_tag","embeddable":true,"href":"https:\/\/agrovin.com\/ro\/wp-json\/wp\/v2\/product_tag?post=89115"}],"curies":[{"name":"wp","href":"https:\/\/api.w.org\/{rel}","templated":true}]}}