{"id":89106,"date":"2022-05-25T16:58:40","date_gmt":"2022-11-04T14:17:58","guid":{"rendered":"https:\/\/staging.agrovin.com\/fara-categorie\/spirtul-nr-1-pur\/"},"modified":"2025-03-05T11:00:00","modified_gmt":"2025-03-05T09:00:00","slug":"spirit-no1-pure","status":"publish","type":"product","link":"https:\/\/agrovin.com\/ro\/produse-oenologice\/alternative-de-stejar-produse-oenologice\/spirit-no1-pure\/","title":{"rendered":"SPIRIT N\u00ba1 PURE"},"content":{"rendered":"<h3>CARACTERISTICI<\/h3>\n<p>Prin unduiozitatea sa, spore\u0219te senza\u021biile la intrarea \u00een gur\u0103 \u0219i \u00een centru. Aceasta spore\u0219te structura vinului. Foarte potrivit pentru a accentua senza\u021biile de fructe, f\u0103r\u0103 a fi evident lemnos.<br \/>\nRecomandat pentru vinurile \u00een care se caut\u0103 o cre\u0219tere a senza\u021biilor de fructe cu un aport foarte u\u0219or de lemn.<br \/>\nDe asemenea, se recomand\u0103 pentru vinurile cu reduc\u021bie sau pentru vinurile cu un poten\u021bial redox sc\u0103zut, pentru a le deschide \u0219i a le permite s\u0103 se exprime mai bine.<\/p>\n<h3>DOZAJ<\/h3>\n<ul>\n<li>Vin 1 &#8211; 5 g\/l<\/li>\n<\/ul>\n<p>At\u00e2t doza, c\u00e2t \u0219i durata tratamentului vor depinde de gradul de recidiv\u0103 \u0219i de intensitatea caracteristicilor dorite.<br \/>\nTimp de contact recomandat: 4 s\u0103pt\u0103m\u00e2ni.<br \/>\nSe recomand\u0103 testarea prealabil\u0103 pentru a determina doza \u0219i degust\u0103ri frecvente pentru a determina timpul optim de tratament.<\/p>\n<p>&nbsp;<\/p>\n","protected":false},"excerpt":{"rendered":"<p>Spirit n\u00ba1 Pure este un cip care \u00eembin\u0103 diferite origini botanice \u0219i pr\u0103jite pentru a ob\u021bine propriet\u0103\u021bi unice de dulcea\u021b\u0103 \u0219i respect pentru fructe.<\/p>\n<p>Este utilizat pentru a defini profilul fructat al vinurilor cu un u\u0219or adaos de lemn, \u00eembun\u0103t\u0103\u021bind nuan\u021bele dulci at\u00e2t la nas, datorit\u0103 adaosului de lactone \u0219i vanilin\u0103, c\u00e2t \u0219i la palat. Note subtile de subarboret \u0219i chiar note de flori albe.<\/p>\n","protected":false},"featured_media":118659,"template":"","meta":{"_acf_changed":false,"inline_featured_image":false,"site-sidebar-layout":"default","site-content-layout":"default","ast-site-content-layout":"default","site-content-style":"default","site-sidebar-style":"default","ast-global-header-display":"","ast-banner-title-visibility":"","ast-main-header-display":"","ast-hfb-above-header-display":"","ast-hfb-below-header-display":"","ast-hfb-mobile-header-display":"","site-post-title":"","ast-breadcrumbs-content":"","ast-featured-img":"","footer-sml-layout":"","ast-disable-related-posts":"","theme-transparent-header-meta":"default","adv-header-id-meta":"","stick-header-meta":"","header-above-stick-meta":"","header-main-stick-meta":"","header-below-stick-meta":"","astra-migrate-meta-layouts":"set","ast-page-background-enabled":"default","ast-page-background-meta":{"desktop":{"background-color":"var(--ast-global-color-5)","background-image":"","background-repeat":"repeat","background-position":"center center","background-size":"auto","background-attachment":"scroll","background-type":"","background-media":"","overlay-type":"","overlay-color":"","overlay-opacity":"","overlay-gradient":""},"tablet":{"background-color":"","background-image":"","background-repeat":"repeat","background-position":"center center","background-size":"auto","background-attachment":"scroll","background-type":"","background-media":"","overlay-type":"","overlay-color":"","overlay-opacity":"","overlay-gradient":""},"mobile":{"background-color":"","background-image":"","background-repeat":"repeat","background-position":"center center","background-size":"auto","background-attachment":"scroll","background-type":"","background-media":"","overlay-type":"","overlay-color":"","overlay-opacity":"","overlay-gradient":""}},"ast-content-background-meta":{"desktop":{"background-color":"var(--ast-global-color-4)","background-image":"","background-repeat":"repeat","background-position":"center center","background-size":"auto","background-attachment":"scroll","background-type":"","background-media":"","overlay-type":"","overlay-color":"","overlay-opacity":"","overlay-gradient":""},"tablet":{"background-color":"var(--ast-global-color-4)","background-image":"","background-repeat":"repeat","background-position":"center center","background-size":"auto","background-attachment":"scroll","background-type":"","background-media":"","overlay-type":"","overlay-color":"","overlay-opacity":"","overlay-gradient":""},"mobile":{"background-color":"var(--ast-global-color-4)","background-image":"","background-repeat":"repeat","background-position":"center center","background-size":"auto","background-attachment":"scroll","background-type":"","background-media":"","overlay-type":"","overlay-color":"","overlay-opacity":"","overlay-gradient":""}}},"product_brand":[],"product_cat":[223],"product_tag":[],"class_list":{"0":"post-89106","1":"product","2":"type-product","3":"status-publish","4":"has-post-thumbnail","6":"product_cat-alternative-de-stejar-produse-oenologice","7":"pa_objetivo-definitie","8":"desktop-align-left","9":"tablet-align-left","10":"mobile-align-left","12":"first","13":"instock","14":"shipping-taxable","15":"product-type-simple"},"acf":[],"_links":{"self":[{"href":"https:\/\/agrovin.com\/ro\/wp-json\/wp\/v2\/product\/89106","targetHints":{"allow":["GET"]}}],"collection":[{"href":"https:\/\/agrovin.com\/ro\/wp-json\/wp\/v2\/product"}],"about":[{"href":"https:\/\/agrovin.com\/ro\/wp-json\/wp\/v2\/types\/product"}],"version-history":[{"count":1,"href":"https:\/\/agrovin.com\/ro\/wp-json\/wp\/v2\/product\/89106\/revisions"}],"predecessor-version":[{"id":116846,"href":"https:\/\/agrovin.com\/ro\/wp-json\/wp\/v2\/product\/89106\/revisions\/116846"}],"wp:featuredmedia":[{"embeddable":true,"href":"https:\/\/agrovin.com\/ro\/wp-json\/wp\/v2\/media\/118659"}],"wp:attachment":[{"href":"https:\/\/agrovin.com\/ro\/wp-json\/wp\/v2\/media?parent=89106"}],"wp:term":[{"taxonomy":"product_brand","embeddable":true,"href":"https:\/\/agrovin.com\/ro\/wp-json\/wp\/v2\/product_brand?post=89106"},{"taxonomy":"product_cat","embeddable":true,"href":"https:\/\/agrovin.com\/ro\/wp-json\/wp\/v2\/product_cat?post=89106"},{"taxonomy":"product_tag","embeddable":true,"href":"https:\/\/agrovin.com\/ro\/wp-json\/wp\/v2\/product_tag?post=89106"}],"curies":[{"name":"wp","href":"https:\/\/api.w.org\/{rel}","templated":true}]}}