{"id":89090,"date":"2021-06-14T08:38:41","date_gmt":"2021-06-14T07:38:41","guid":{"rendered":"https:\/\/staging.agrovin.com\/fara-categorie\/mannoplus-nd\/"},"modified":"2024-10-28T19:45:21","modified_gmt":"2024-10-28T17:45:21","slug":"mannoplus-nd","status":"publish","type":"product","link":"https:\/\/agrovin.com\/ro\/produse-oenologice\/polizaharide-si-manoproteine\/mannoplus-nd\/","title":{"rendered":"MANNOPLUS ND"},"content":{"rendered":"<h3>Caracteristici<\/h3>\n<p>MannoPLUS ND este o mannoprotein\u0103 purificat\u0103 sub form\u0103 lichid\u0103, preparat\u0103 pentru aplicarea direct\u0103 \u00een vin.<\/p>\n<ul>\n<li>Acesta contribuie la caracteristicile senzoriale ale vinului, oferind densitate, fine\u021be \u0219i corp.<\/li>\n<li>Lustruie\u0219te taninurile agresive, reduc\u00e2nd astringen\u021ba. Limeaz\u0103 taninitatea excesiv\u0103 a lemnului.<\/li>\n<li>Restabile\u0219te echilibrul acid prin cre\u0219terea senza\u021biei pozitive \u00een gur\u0103.<\/li>\n<li>\u00cembun\u0103t\u0103\u021be\u0219te stabilitatea tartric\u0103 prin prevenirea cristaliz\u0103rii s\u0103rurilor de acid tartric. \u00cembun\u0103t\u0103\u021be\u0219te stabilitatea proteinelor.<\/li>\n<li>\u00cembun\u0103t\u0103\u021be\u0219te stabilitatea culorii prin formarea de coloizi protectori \u0219i de complexe stabile cu taninurile.<br \/>\nLa a doua fermentare: cre\u0219terea volumului \u00een gur\u0103 \u0219i persisten\u021ba spumei.<br \/>\nDatorit\u0103 interven\u021biei organoleptice a mannoproteinelor, adaug\u0103 fine\u021be \u0219i \u00eembun\u0103t\u0103\u021be\u0219te considerabil senza\u021bia<br \/>\nvolum \u00een gur\u0103. Acesta nu adaug\u0103 niciun registru aromatic suplimentar vinului.<\/li>\n<\/ul>\n<h3>Aplica\u021bie<\/h3>\n<p>Pentru vinuri albe \u0219i ro\u0219ii. Aplicarea pe vinul finit, ultimul tratament \u00eenainte de \u00eembuteliere. Pentru vinurile care urmeaz\u0103 s\u0103 fie filtrate: Mannoplus ND se adaug\u0103 cu cel pu\u021bin 24 de ore \u00eenainte de ultima filtrare. Mannoplus ND nu cre\u0219te aproape deloc rata de colmatare a vinurilor bine preg\u0103tite. Microfiltrarea dup\u0103 tratare nu este necesar\u0103.<\/p>\n<p>Se recomand\u0103 s\u0103 se cunoasc\u0103 indicele de colmatare \u00eenainte de a trece vinul prin microfiltrare. Pentru vinurile pe care nu dori\u021bi s\u0103 le filtra\u021bi: ad\u0103uga\u021bi Mannoplus ND 24<br \/>\nore \u00eenainte de \u00eembuteliere. Dup\u0103 ad\u0103ugarea vinului, acesta poate fi sulfitat \u0219i \u00eembuteliat \u00een mod corespunz\u0103tor. Pentru vinuri spumante: se aplic\u0103 \u00eempreun\u0103 cu lichiorul de expedi\u021bie.<\/p>\n<h3>DOZAJ<\/h3>\n<div class=\"page\" title=\"Pagina 2\">\n<div class=\"layoutArea\">\n<div class=\"column\">\n<p>Vin ro\u0219u: <span style=\"font-size: 16px;\">25-75 ml\/hl<\/span><\/p>\n<\/div>\n<\/div>\n<div class=\"layoutArea\">\n<div class=\"column\">\n<p>Vin alb: <span style=\"font-size: 16px;\">10-50 ml\/hl<\/span><\/p>\n<\/div>\n<\/div>\n<div class=\"layoutArea\">\n<div class=\"column\">\n<p>Vin spumant: <span style=\"font-size: 16px;\">10-50 ml\/hl<\/span><\/p>\n<\/div>\n<\/div>\n<\/div>\n","protected":false},"excerpt":{"rendered":"<h5>STIL DE VIN:<\/h5>\n<p><img decoding=\"async\" class=\"alignnone size-full wp-image-4976 lazyloaded\" src=\"https:\/\/agrovin.com\/wp-content\/uploads\/2018\/03\/blanco.png\" alt=\"\" width=\"50\" height=\"44\" data-src=\"https:\/\/agrovin.com\/wp-content\/uploads\/2018\/03\/blanco.png\" \/><img decoding=\"async\" class=\"alignnone size-full wp-image-4979 lazyloaded\" src=\"https:\/\/agrovin.com\/wp-content\/uploads\/2018\/03\/rosado.png\" alt=\"\" width=\"50\" height=\"44\" data-src=\"https:\/\/agrovin.com\/wp-content\/uploads\/2018\/03\/rosado.png\" \/><img decoding=\"async\" class=\"alignnone size-full wp-image-4980 lazyloaded\" src=\"https:\/\/agrovin.com\/wp-content\/uploads\/2018\/03\/tinto.png\" alt=\"\" width=\"50\" height=\"44\" data-src=\"https:\/\/agrovin.com\/wp-content\/uploads\/2018\/03\/tinto.png\" \/><img loading=\"lazy\" decoding=\"async\" class=\"alignnone size-full wp-image-4975 lazyloaded\" src=\"https:\/\/agrovin.com\/wp-content\/uploads\/2018\/03\/barrica.png\" alt=\"\" width=\"50\" height=\"44\" data-src=\"https:\/\/agrovin.com\/wp-content\/uploads\/2018\/03\/barrica.png\" \/><\/p>\n<h5>CARACTERISTICI:<\/h5>\n<p>Mannoprotein\u0103 purificat\u0103, sub form\u0103 lichid\u0103, gata pentru aplicarea direct\u0103 \u00een vin.<\/p>\n<p>Acesta contribuie la caracteristicile senzoriale ale vinului, oferind densitate, fine\u021be \u0219i corp.<\/p>\n<p>Restabile\u0219te echilibrul acid.<\/p>\n<p>\u00cembun\u0103t\u0103\u021be\u0219te stabilitatea tartric\u0103, proteic\u0103 \u0219i a culorii.<\/p>\n<p>La a doua fermentare: cre\u0219terea volumului \u00een gur\u0103 \u0219i persisten\u021ba spumei.<\/p>\n","protected":false},"featured_media":50515,"template":"","meta":{"_acf_changed":false,"inline_featured_image":false,"site-sidebar-layout":"default","site-content-layout":"default","ast-site-content-layout":"default","site-content-style":"default","site-sidebar-style":"default","ast-global-header-display":"","ast-banner-title-visibility":"","ast-main-header-display":"","ast-hfb-above-header-display":"","ast-hfb-below-header-display":"","ast-hfb-mobile-header-display":"","site-post-title":"","ast-breadcrumbs-content":"","ast-featured-img":"","footer-sml-layout":"","ast-disable-related-posts":"","theme-transparent-header-meta":"default","adv-header-id-meta":"","stick-header-meta":"","header-above-stick-meta":"","header-main-stick-meta":"","header-below-stick-meta":"","astra-migrate-meta-layouts":"set","ast-page-background-enabled":"default","ast-page-background-meta":{"desktop":{"background-color":"var(--ast-global-color-5)","background-image":"","background-repeat":"repeat","background-position":"center center","background-size":"auto","background-attachment":"scroll","background-type":"","background-media":"","overlay-type":"","overlay-color":"","overlay-opacity":"","overlay-gradient":""},"tablet":{"background-color":"","background-image":"","background-repeat":"repeat","background-position":"center center","background-size":"auto","background-attachment":"scroll","background-type":"","background-media":"","overlay-type":"","overlay-color":"","overlay-opacity":"","overlay-gradient":""},"mobile":{"background-color":"","background-image":"","background-repeat":"repeat","background-position":"center center","background-size":"auto","background-attachment":"scroll","background-type":"","background-media":"","overlay-type":"","overlay-color":"","overlay-opacity":"","overlay-gradient":""}},"ast-content-background-meta":{"desktop":{"background-color":"var(--ast-global-color-4)","background-image":"","background-repeat":"repeat","background-position":"center center","background-size":"auto","background-attachment":"scroll","background-type":"","background-media":"","overlay-type":"","overlay-color":"","overlay-opacity":"","overlay-gradient":""},"tablet":{"background-color":"var(--ast-global-color-4)","background-image":"","background-repeat":"repeat","background-position":"center center","background-size":"auto","background-attachment":"scroll","background-type":"","background-media":"","overlay-type":"","overlay-color":"","overlay-opacity":"","overlay-gradient":""},"mobile":{"background-color":"var(--ast-global-color-4)","background-image":"","background-repeat":"repeat","background-position":"center center","background-size":"auto","background-attachment":"scroll","background-type":"","background-media":"","overlay-type":"","overlay-color":"","overlay-opacity":"","overlay-gradient":""}}},"product_brand":[],"product_cat":[218],"product_tag":[],"class_list":{"0":"post-89090","1":"product","2":"type-product","3":"status-publish","4":"has-post-thumbnail","6":"product_cat-polizaharide-si-manoproteine","7":"pa_ecologico-autorizat-eu","8":"pa_ecologico-autorizat-nop-usda","9":"pa_estilo-de-vino-alb","10":"pa_estilo-de-vino-butoi","11":"pa_estilo-de-vino-rosu","12":"pa_estilo-de-vino-roz","13":"pa_objetivo-fin","14":"pa_objetivo-imbunatatirea-senzoriala","15":"pa_vegano-vegetarian","16":"desktop-align-left","17":"tablet-align-left","18":"mobile-align-left","20":"first","21":"instock","22":"shipping-taxable","23":"product-type-simple"},"acf":[],"_links":{"self":[{"href":"https:\/\/agrovin.com\/ro\/wp-json\/wp\/v2\/product\/89090","targetHints":{"allow":["GET"]}}],"collection":[{"href":"https:\/\/agrovin.com\/ro\/wp-json\/wp\/v2\/product"}],"about":[{"href":"https:\/\/agrovin.com\/ro\/wp-json\/wp\/v2\/types\/product"}],"version-history":[{"count":1,"href":"https:\/\/agrovin.com\/ro\/wp-json\/wp\/v2\/product\/89090\/revisions"}],"predecessor-version":[{"id":116812,"href":"https:\/\/agrovin.com\/ro\/wp-json\/wp\/v2\/product\/89090\/revisions\/116812"}],"wp:featuredmedia":[{"embeddable":true,"href":"https:\/\/agrovin.com\/ro\/wp-json\/wp\/v2\/media\/50515"}],"wp:attachment":[{"href":"https:\/\/agrovin.com\/ro\/wp-json\/wp\/v2\/media?parent=89090"}],"wp:term":[{"taxonomy":"product_brand","embeddable":true,"href":"https:\/\/agrovin.com\/ro\/wp-json\/wp\/v2\/product_brand?post=89090"},{"taxonomy":"product_cat","embeddable":true,"href":"https:\/\/agrovin.com\/ro\/wp-json\/wp\/v2\/product_cat?post=89090"},{"taxonomy":"product_tag","embeddable":true,"href":"https:\/\/agrovin.com\/ro\/wp-json\/wp\/v2\/product_tag?post=89090"}],"curies":[{"name":"wp","href":"https:\/\/api.w.org\/{rel}","templated":true}]}}