{"id":89083,"date":"2021-05-20T15:06:22","date_gmt":"2021-05-20T14:06:22","guid":{"rendered":"https:\/\/staging.agrovin.com\/fara-categorie\/prima-proveget\/"},"modified":"2024-10-28T23:28:00","modified_gmt":"2024-10-28T21:28:00","slug":"proveget-premium","status":"publish","type":"product","link":"https:\/\/agrovin.com\/ro\/produse-oenologice\/flotatie-produse-oenologice\/proveget-premium\/","title":{"rendered":"PROVEGET PREMIUM"},"content":{"rendered":"<h3>CARACTERISTICI<\/h3>\n<p>Acest proces de tratare permite o schimbare de conforma\u021bie a proteinei, ob\u021bin\u00e2ndu-se astfel o reactivitate mai mare. \u00cen consecin\u021b\u0103, eliminarea particulelor, inclusiv a elementelor oxidate \u0219i poten\u021bial oxidabile, este accelerat\u0103. \u00cen plus, flocii sunt compacta\u021bi mai str\u00e2ns, ceea ce \u00eembun\u0103t\u0103\u021be\u0219te semnificativ randamentul.<\/p>\n<p>Proveget PREMIUM este un produs natural, de origine non-animal\u0103, ob\u021binut din materii prime f\u0103r\u0103 organisme modificate genetic (Non GMO).<\/p>\n<h3>APLICA\u021aIE<\/h3>\n<p>Dinamica trebuie clarificat\u0103.<\/p>\n<p>Clarificarea vinurilor ro\u0219ii \u0219i albe.<\/p>\n<h3>DOZAJ<\/h3>\n<p>Varietate cu flotare u\u0219oar\u0103: 50 &#8211; 100 ml\/hl<br \/>\n(Air\u00e9n, Macabeo, Sauvignon Blanc, etc.).<\/p>\n<p>Varietate greu de plutit: 100- 150 ml\/hl<\/p>\n<p>(Muscatel, Chardonnay, Verdejo etc.)<\/p>\n<p>Must cu o calitate sanitar\u0103 slab\u0103: &gt;150 ml\/hl<\/p>\n<p>&nbsp;<\/p>\n<p>Clarificare: 50 &#8211; 150ml\/hl<\/p>\n","protected":false},"excerpt":{"rendered":"<p>Proveget Premium este un clarificator vegetal ob\u021binut din proteine de maz\u0103re printr-un proces de produc\u021bie mai ecologic. Faptul c\u0103 temperaturile nu alterneaz\u0103 drastic determin\u0103 o extrac\u021bie care permite eliberarea proteinei din structurile vegetale, oferind astfel o frac\u021bie activ\u0103 mai mare de protein\u0103 vegetal\u0103 solubilizat\u0103.<\/p>\n","protected":false},"featured_media":50320,"template":"","meta":{"_acf_changed":false,"inline_featured_image":false,"site-sidebar-layout":"default","site-content-layout":"default","ast-site-content-layout":"default","site-content-style":"default","site-sidebar-style":"default","ast-global-header-display":"","ast-banner-title-visibility":"","ast-main-header-display":"","ast-hfb-above-header-display":"","ast-hfb-below-header-display":"","ast-hfb-mobile-header-display":"","site-post-title":"","ast-breadcrumbs-content":"","ast-featured-img":"","footer-sml-layout":"","ast-disable-related-posts":"","theme-transparent-header-meta":"default","adv-header-id-meta":"","stick-header-meta":"","header-above-stick-meta":"","header-main-stick-meta":"","header-below-stick-meta":"","astra-migrate-meta-layouts":"set","ast-page-background-enabled":"default","ast-page-background-meta":{"desktop":{"background-color":"var(--ast-global-color-5)","background-image":"","background-repeat":"repeat","background-position":"center center","background-size":"auto","background-attachment":"scroll","background-type":"","background-media":"","overlay-type":"","overlay-color":"","overlay-opacity":"","overlay-gradient":""},"tablet":{"background-color":"","background-image":"","background-repeat":"repeat","background-position":"center center","background-size":"auto","background-attachment":"scroll","background-type":"","background-media":"","overlay-type":"","overlay-color":"","overlay-opacity":"","overlay-gradient":""},"mobile":{"background-color":"","background-image":"","background-repeat":"repeat","background-position":"center center","background-size":"auto","background-attachment":"scroll","background-type":"","background-media":"","overlay-type":"","overlay-color":"","overlay-opacity":"","overlay-gradient":""}},"ast-content-background-meta":{"desktop":{"background-color":"var(--ast-global-color-4)","background-image":"","background-repeat":"repeat","background-position":"center center","background-size":"auto","background-attachment":"scroll","background-type":"","background-media":"","overlay-type":"","overlay-color":"","overlay-opacity":"","overlay-gradient":""},"tablet":{"background-color":"var(--ast-global-color-4)","background-image":"","background-repeat":"repeat","background-position":"center center","background-size":"auto","background-attachment":"scroll","background-type":"","background-media":"","overlay-type":"","overlay-color":"","overlay-opacity":"","overlay-gradient":""},"mobile":{"background-color":"var(--ast-global-color-4)","background-image":"","background-repeat":"repeat","background-position":"center center","background-size":"auto","background-attachment":"scroll","background-type":"","background-media":"","overlay-type":"","overlay-color":"","overlay-opacity":"","overlay-gradient":""}}},"product_brand":[],"product_cat":[168,687],"product_tag":[],"class_list":{"0":"post-89083","1":"product","2":"type-product","3":"status-publish","4":"has-post-thumbnail","6":"product_cat-clarificanti","7":"product_cat-flotatie-produse-oenologice","8":"pa_aplicacion-struguri-si-must","9":"pa_ecologico-autorizat-eu","10":"pa_ecologico-autorizat-nop-usda","11":"pa_estilo-de-vino-alb","12":"pa_estilo-de-vino-butoi","13":"pa_estilo-de-vino-rosu","14":"pa_estilo-de-vino-roz","15":"pa_estilo-de-vino-sclipitor","16":"pa_objetivo-clarificare","17":"pa_objetivo-imbunatatirea-senzoriala","18":"pa_objetivo-stabilitatea-culorii","19":"pa_origen-vegetala","20":"pa_vegano-vegetarian","21":"desktop-align-left","22":"tablet-align-left","23":"mobile-align-left","25":"first","26":"instock","27":"shipping-taxable","28":"product-type-simple"},"acf":[],"_links":{"self":[{"href":"https:\/\/agrovin.com\/ro\/wp-json\/wp\/v2\/product\/89083","targetHints":{"allow":["GET"]}}],"collection":[{"href":"https:\/\/agrovin.com\/ro\/wp-json\/wp\/v2\/product"}],"about":[{"href":"https:\/\/agrovin.com\/ro\/wp-json\/wp\/v2\/types\/product"}],"version-history":[{"count":1,"href":"https:\/\/agrovin.com\/ro\/wp-json\/wp\/v2\/product\/89083\/revisions"}],"predecessor-version":[{"id":116872,"href":"https:\/\/agrovin.com\/ro\/wp-json\/wp\/v2\/product\/89083\/revisions\/116872"}],"wp:featuredmedia":[{"embeddable":true,"href":"https:\/\/agrovin.com\/ro\/wp-json\/wp\/v2\/media\/50320"}],"wp:attachment":[{"href":"https:\/\/agrovin.com\/ro\/wp-json\/wp\/v2\/media?parent=89083"}],"wp:term":[{"taxonomy":"product_brand","embeddable":true,"href":"https:\/\/agrovin.com\/ro\/wp-json\/wp\/v2\/product_brand?post=89083"},{"taxonomy":"product_cat","embeddable":true,"href":"https:\/\/agrovin.com\/ro\/wp-json\/wp\/v2\/product_cat?post=89083"},{"taxonomy":"product_tag","embeddable":true,"href":"https:\/\/agrovin.com\/ro\/wp-json\/wp\/v2\/product_tag?post=89083"}],"curies":[{"name":"wp","href":"https:\/\/api.w.org\/{rel}","templated":true}]}}