{"id":89079,"date":"2021-05-20T08:20:11","date_gmt":"2021-05-20T07:20:11","guid":{"rendered":"https:\/\/staging.agrovin.com\/fara-categorie\/nuanta-spiritului\/"},"modified":"2022-11-05T09:46:00","modified_gmt":"2022-11-05T08:46:00","slug":"spirit-nuance","status":"publish","type":"product","link":"https:\/\/agrovin.com\/ro\/produse-oenologice\/alternative-de-stejar-produse-oenologice\/spirit-nuance\/","title":{"rendered":"SPIRIT NUANCE"},"content":{"rendered":"<h3>CARACTERISTICI<\/h3>\n<p>Implicat \u00een senza\u021bia de fructe la doze mici. Notele picante pot contribui, de asemenea, la senza\u021bia de prospe\u021bime. La doze mai mari, notele condimentate \u0219i pr\u0103jite sunt mai evidente.<\/p>\n<p>Specific pentru a cre\u0219te toate senza\u021biile din gur\u0103. Contribuie foarte mult la persisten\u021b\u0103, \u00eembun\u0103t\u0103\u021bind notele de fructe la doze mici.<\/p>\n<p>Dintre toate beneficiile stejarului, putem eviden\u021bia urm\u0103toarele:<\/p>\n<ul>\n<li>Suprafa\u021b\u0103 de contact mai mare, rat\u0103 mai mare de eliberare a compusului.<\/li>\n<li>Materie prim\u0103 de aceea\u0219i calitate ca \u0219i doagele \u0219i a\u0219chiile.<\/li>\n<li>Chiar \u0219i pr\u0103jirea.<\/li>\n<li>Nu con\u021bine lian\u021bi artificiali.<\/li>\n<li>Aplicare u\u0219oar\u0103, cu plas\u0103 direct \u00een vin.<\/li>\n<\/ul>\n<h3>DOZAJ<\/h3>\n<ul>\n<li>Vin 0,25-3 g\/l<\/li>\n<\/ul>\n<p>At\u00e2t doza, c\u00e2t \u0219i durata tratamentului vor depinde de gradul de recidiv\u0103 \u0219i de intensitatea caracteristicilor dorite. Spirit Nuance, datorit\u0103 formatului s\u0103u special de pelete, faciliteaz\u0103 perioadele scurte de tratament.<br \/>\nDurata tratamentului poate varia \u00eentre 2 \u0219i 3 s\u0103pt\u0103m\u00e2ni, \u00een func\u021bie de vinul de plecare \u0219i de efectul urm\u0103rit. Se recomand\u0103 testarea prealabil\u0103 pentru a determina doza \u0219i degust\u0103ri frecvente pentru a determina timpul optim de tratament.<\/p>\n","protected":false},"excerpt":{"rendered":"<p>Spirit Nuance este un topping nuan\u021bat care va spori senza\u021bia general\u0103 de complexitate. O gam\u0103 larg\u0103 de arome condimentate \u0219i subtile de pr\u0103jit.<\/p>\n","protected":false},"featured_media":118681,"template":"","meta":{"_acf_changed":false,"inline_featured_image":false,"site-sidebar-layout":"default","site-content-layout":"default","ast-site-content-layout":"default","site-content-style":"default","site-sidebar-style":"default","ast-global-header-display":"","ast-banner-title-visibility":"","ast-main-header-display":"","ast-hfb-above-header-display":"","ast-hfb-below-header-display":"","ast-hfb-mobile-header-display":"","site-post-title":"","ast-breadcrumbs-content":"","ast-featured-img":"","footer-sml-layout":"","ast-disable-related-posts":"","theme-transparent-header-meta":"default","adv-header-id-meta":"","stick-header-meta":"","header-above-stick-meta":"","header-main-stick-meta":"","header-below-stick-meta":"","astra-migrate-meta-layouts":"default","ast-page-background-enabled":"default","ast-page-background-meta":{"desktop":{"background-color":"var(--ast-global-color-5)","background-image":"","background-repeat":"repeat","background-position":"center center","background-size":"auto","background-attachment":"scroll","background-type":"","background-media":"","overlay-type":"","overlay-color":"","overlay-opacity":"","overlay-gradient":""},"tablet":{"background-color":"","background-image":"","background-repeat":"repeat","background-position":"center center","background-size":"auto","background-attachment":"scroll","background-type":"","background-media":"","overlay-type":"","overlay-color":"","overlay-opacity":"","overlay-gradient":""},"mobile":{"background-color":"","background-image":"","background-repeat":"repeat","background-position":"center center","background-size":"auto","background-attachment":"scroll","background-type":"","background-media":"","overlay-type":"","overlay-color":"","overlay-opacity":"","overlay-gradient":""}},"ast-content-background-meta":{"desktop":{"background-color":"var(--ast-global-color-4)","background-image":"","background-repeat":"repeat","background-position":"center center","background-size":"auto","background-attachment":"scroll","background-type":"","background-media":"","overlay-type":"","overlay-color":"","overlay-opacity":"","overlay-gradient":""},"tablet":{"background-color":"var(--ast-global-color-4)","background-image":"","background-repeat":"repeat","background-position":"center center","background-size":"auto","background-attachment":"scroll","background-type":"","background-media":"","overlay-type":"","overlay-color":"","overlay-opacity":"","overlay-gradient":""},"mobile":{"background-color":"var(--ast-global-color-4)","background-image":"","background-repeat":"repeat","background-position":"center center","background-size":"auto","background-attachment":"scroll","background-type":"","background-media":"","overlay-type":"","overlay-color":"","overlay-opacity":"","overlay-gradient":""}}},"product_brand":[],"product_cat":[223],"product_tag":[],"class_list":{"0":"post-89079","1":"product","2":"type-product","3":"status-publish","4":"has-post-thumbnail","6":"product_cat-alternative-de-stejar-produse-oenologice","7":"pa_ecologico-autorizat-eu","8":"pa_ecologico-autorizat-nop-usda","9":"pa_estilo-de-vino-alb","10":"pa_estilo-de-vino-butoi","11":"pa_estilo-de-vino-rosu","12":"pa_estilo-de-vino-roz","13":"pa_objetivo-fin","14":"pa_vegano-vegetarian","15":"desktop-align-left","16":"tablet-align-left","17":"mobile-align-left","19":"first","20":"instock","21":"shipping-taxable","22":"product-type-simple"},"acf":[],"_links":{"self":[{"href":"https:\/\/agrovin.com\/ro\/wp-json\/wp\/v2\/product\/89079","targetHints":{"allow":["GET"]}}],"collection":[{"href":"https:\/\/agrovin.com\/ro\/wp-json\/wp\/v2\/product"}],"about":[{"href":"https:\/\/agrovin.com\/ro\/wp-json\/wp\/v2\/types\/product"}],"version-history":[{"count":0,"href":"https:\/\/agrovin.com\/ro\/wp-json\/wp\/v2\/product\/89079\/revisions"}],"wp:featuredmedia":[{"embeddable":true,"href":"https:\/\/agrovin.com\/ro\/wp-json\/wp\/v2\/media\/118681"}],"wp:attachment":[{"href":"https:\/\/agrovin.com\/ro\/wp-json\/wp\/v2\/media?parent=89079"}],"wp:term":[{"taxonomy":"product_brand","embeddable":true,"href":"https:\/\/agrovin.com\/ro\/wp-json\/wp\/v2\/product_brand?post=89079"},{"taxonomy":"product_cat","embeddable":true,"href":"https:\/\/agrovin.com\/ro\/wp-json\/wp\/v2\/product_cat?post=89079"},{"taxonomy":"product_tag","embeddable":true,"href":"https:\/\/agrovin.com\/ro\/wp-json\/wp\/v2\/product_tag?post=89079"}],"curies":[{"name":"wp","href":"https:\/\/api.w.org\/{rel}","templated":true}]}}