{"id":89072,"date":"2020-06-03T11:36:41","date_gmt":"2020-06-03T10:36:41","guid":{"rendered":"https:\/\/staging.agrovin.com\/fara-categorie\/actimax-regrowth\/"},"modified":"2022-11-05T11:33:45","modified_gmt":"2022-11-05T10:33:45","slug":"actimax-regrowth","status":"publish","type":"product","link":"https:\/\/agrovin.com\/ro\/produse-oenologice\/nutrienti\/actimax-regrowth\/","title":{"rendered":"ACTIMAX REGROWTH"},"content":{"rendered":"<h3>CARACTERISTICI<\/h3>\n<p>Adaosul s\u0103u asigur\u0103 nevoile specifice necesare drojdiei \u00een timpul multiplic\u0103rii celulelor, asigur\u00e2nd o cre\u0219tere rapid\u0103 a popula\u021biei de drojdie cu capacit\u0103\u021bi fermentative ridicate.<\/p>\n<p>\u00cen plus, Actimax Regrowth ofer\u0103 chitosan fungic (Aspergillus Niger) ca clarificator cu activitate antimicrobian\u0103 pentru a limita dezvoltarea popula\u021biilor de contaminan\u021bi.<\/p>\n<p>Compozi\u021bia sa este axat\u0103 pe satisfacerea cerin\u021belor exigente ale drojdiei \u00een timpul procesului de multiplicare:<\/p>\n<ul>\n<li>Prezen\u021ba factorilor de supravie\u021buire, cum ar fi sterolii \u0219i acizii gra\u0219i, spore\u0219te viabilitatea drojdiei ca parte a compozi\u021biei membranei sale lipidice. \u00cen situa\u021bii de anaerobioz\u0103, Saccharomyces cerevisae este incapabil\u0103 s\u0103 le sintetizeze, prin urmare, o disponibilitate adecvat\u0103 de steroli, cum ar fi ergosterolul, \u00een timpul procesului de multiplicare, faciliteaz\u0103 integrarea drojdiei, consolid\u00e2nd structura mozaicat\u0103 fluid\u0103 a membranei plasmatice, \u00eembun\u0103t\u0103\u021bind propriet\u0103\u021bile sale fizice \u0219i rela\u021bia sa cu mediul \u00eenconjur\u0103tor.<\/li>\n<li>Factorii de cre\u0219tere cuprind s\u0103rurile minerale prezente \u00een mod natural \u00een citosol, care ac\u021bioneaz\u0103 ca unelte naturale ale activit\u0103\u021bii metabolice. Implicarea lor \u00een sinteza unei multitudini de enzime, precum \u0219i \u00een compozi\u021bia membranei celulare, va face ca ace\u0219ti compu\u0219i s\u0103 fie esen\u021biali pentru \u00eembun\u0103t\u0103\u021birea ratei de \u00eenmul\u021bire.<\/li>\n<li>Un con\u021binut adecvat de azot u\u0219or asimilabil va duce la o cre\u0219tere suplimentar\u0103 a ratei de cre\u0219tere. Azotul anorganic sub form\u0103 de s\u0103ruri de amoniu va fi sursa cea mai u\u0219or de asimilat de c\u0103tre drojdie \u00een situa\u021bia de cerere ridicat\u0103 a produc\u021biei de biomas\u0103 \u00een reactor.<\/li>\n<li>Furnizarea de azot anorganic cu Actimax Regrowth se face exclusiv sub form\u0103 de fosfat de amoniu.<\/li>\n<li>Ad\u0103ugarea de chitosan va reduce \u00eenc\u0103rc\u0103tura microbiologic\u0103 contaminant\u0103, \u00eembun\u0103t\u0103\u021bind rata de multiplicare a tulpinii selectate, precum \u0219i puritatea inoculului. Controlul bacteriilor \u0219i drojdiilor indigene va preveni consumul de resurse nutritive, precum \u0219i formarea de arome nedorite.<\/li>\n<\/ul>\n<h3>APLICA\u021aIE<\/h3>\n<p>Aplica\u021bia Actimax Regrowth permite:<\/p>\n<ul>\n<li>Ob\u021binerea rapid\u0103 a unei popula\u021bii suficiente de drojdie pentru o inoculare garantat\u0103 a rezervorului.<\/li>\n<li>O mai bun\u0103 adaptare a drojdiilor la condi\u021biile din must, cu rate de supravie\u021buire mai mari \u0219i \u00eenceputuri de fermenta\u021bie mai rapide.<\/li>\n<li>Pentru a ob\u021bine o biomas\u0103 cu o rezisten\u021b\u0103 mai mare la etanol, ceea ce are ca rezultat finaluri de fermentare mai sigure \u0219i reducerea riscului de reducere a aromelor sau de producere a unei acidit\u0103\u021bi volatile ridicate.<\/li>\n<li>Aplicare \u00een piciorul cuvei pentru a ob\u021bine o popula\u021bie de drojdie rezistent\u0103 \u00een timpul procesului de tiraj.<\/li>\n<li>Controlul florei indigene, asigur\u00e2nd puritatea inoculului.<\/li>\n<li>Ob\u021binerea unei popula\u021bii suficiente atunci c\u00e2nd se porne\u0219te de la doze mici de drojdie uscat\u0103 activ\u0103, astfel \u00eenc\u00e2t un num\u0103r mai mare de genera\u021bii s\u0103 nu afecteze rezisten\u021ba drojdiilor.<\/li>\n<\/ul>\n<h3>DOZAJ<\/h3>\n<div class=\"page\" title=\"Pagina 2\">\n<div class=\"layoutArea\">\n<div class=\"column\">\n<p>Doza recomandat\u0103 \u00een fermenta\u021biile cu drojdie de inoculare direct\u0103 sau cu adaos redus de drojdie uscat\u0103 activ\u0103: 20 &#8211; 30 g\/hl<\/p>\n<p>Doza maxim\u0103 autorizat\u0103: 60 g\/hl<\/p>\n<p>Dozaj pentru crearea de biomas\u0103 \u00een sistemele de produc\u021bie intensiv\u0103: 300 g\/hl<\/p>\n<p>&nbsp;<\/p>\n<\/div>\n<\/div>\n<\/div>\n","protected":false},"excerpt":{"rendered":"<p>Actimax Regrowth este un nutrient special formulat pentru a fi utilizat \u00een sistemele de produc\u021bie intensiv\u0103 de biomas\u0103 \u0219i \u00een fermenta\u021biile \u00een care se folosesc doze mici de drojdie uscat\u0103 activ\u0103.<\/p>\n","protected":false},"featured_media":43868,"template":"","meta":{"_acf_changed":false,"inline_featured_image":false,"site-sidebar-layout":"default","site-content-layout":"default","ast-site-content-layout":"default","site-content-style":"default","site-sidebar-style":"default","ast-global-header-display":"","ast-banner-title-visibility":"","ast-main-header-display":"","ast-hfb-above-header-display":"","ast-hfb-below-header-display":"","ast-hfb-mobile-header-display":"","site-post-title":"","ast-breadcrumbs-content":"","ast-featured-img":"","footer-sml-layout":"","ast-disable-related-posts":"","theme-transparent-header-meta":"default","adv-header-id-meta":"","stick-header-meta":"","header-above-stick-meta":"","header-main-stick-meta":"","header-below-stick-meta":"","astra-migrate-meta-layouts":"default","ast-page-background-enabled":"default","ast-page-background-meta":{"desktop":{"background-color":"var(--ast-global-color-5)","background-image":"","background-repeat":"repeat","background-position":"center center","background-size":"auto","background-attachment":"scroll","background-type":"","background-media":"","overlay-type":"","overlay-color":"","overlay-opacity":"","overlay-gradient":""},"tablet":{"background-color":"","background-image":"","background-repeat":"repeat","background-position":"center center","background-size":"auto","background-attachment":"scroll","background-type":"","background-media":"","overlay-type":"","overlay-color":"","overlay-opacity":"","overlay-gradient":""},"mobile":{"background-color":"","background-image":"","background-repeat":"repeat","background-position":"center center","background-size":"auto","background-attachment":"scroll","background-type":"","background-media":"","overlay-type":"","overlay-color":"","overlay-opacity":"","overlay-gradient":""}},"ast-content-background-meta":{"desktop":{"background-color":"var(--ast-global-color-4)","background-image":"","background-repeat":"repeat","background-position":"center center","background-size":"auto","background-attachment":"scroll","background-type":"","background-media":"","overlay-type":"","overlay-color":"","overlay-opacity":"","overlay-gradient":""},"tablet":{"background-color":"var(--ast-global-color-4)","background-image":"","background-repeat":"repeat","background-position":"center center","background-size":"auto","background-attachment":"scroll","background-type":"","background-media":"","overlay-type":"","overlay-color":"","overlay-opacity":"","overlay-gradient":""},"mobile":{"background-color":"var(--ast-global-color-4)","background-image":"","background-repeat":"repeat","background-position":"center center","background-size":"auto","background-attachment":"scroll","background-type":"","background-media":"","overlay-type":"","overlay-color":"","overlay-opacity":"","overlay-gradient":""}}},"product_brand":[],"product_cat":[213],"product_tag":[299],"class_list":{"0":"post-89072","1":"product","2":"type-product","3":"status-publish","4":"has-post-thumbnail","6":"product_cat-nutrienti","7":"product_tag-nutrienti-combinati","8":"pa_aplicacion-fa-fml-ru","9":"pa_composicion-complex-ro","10":"pa_ecologico-autorizat-eu","11":"pa_estilo-de-vino-alb","12":"pa_estilo-de-vino-rosu","13":"pa_estilo-de-vino-roz","14":"pa_estilo-de-vino-sclipitor","15":"pa_vegano-vegetarian","16":"desktop-align-left","17":"tablet-align-left","18":"mobile-align-left","20":"first","21":"instock","22":"shipping-taxable","23":"product-type-simple"},"acf":[],"_links":{"self":[{"href":"https:\/\/agrovin.com\/ro\/wp-json\/wp\/v2\/product\/89072","targetHints":{"allow":["GET"]}}],"collection":[{"href":"https:\/\/agrovin.com\/ro\/wp-json\/wp\/v2\/product"}],"about":[{"href":"https:\/\/agrovin.com\/ro\/wp-json\/wp\/v2\/types\/product"}],"version-history":[{"count":0,"href":"https:\/\/agrovin.com\/ro\/wp-json\/wp\/v2\/product\/89072\/revisions"}],"wp:featuredmedia":[{"embeddable":true,"href":"https:\/\/agrovin.com\/ro\/wp-json\/wp\/v2\/media\/43868"}],"wp:attachment":[{"href":"https:\/\/agrovin.com\/ro\/wp-json\/wp\/v2\/media?parent=89072"}],"wp:term":[{"taxonomy":"product_brand","embeddable":true,"href":"https:\/\/agrovin.com\/ro\/wp-json\/wp\/v2\/product_brand?post=89072"},{"taxonomy":"product_cat","embeddable":true,"href":"https:\/\/agrovin.com\/ro\/wp-json\/wp\/v2\/product_cat?post=89072"},{"taxonomy":"product_tag","embeddable":true,"href":"https:\/\/agrovin.com\/ro\/wp-json\/wp\/v2\/product_tag?post=89072"}],"curies":[{"name":"wp","href":"https:\/\/api.w.org\/{rel}","templated":true}]}}