{"id":89057,"date":"2020-06-03T09:32:50","date_gmt":"2020-06-03T08:32:50","guid":{"rendered":"https:\/\/staging.agrovin.com\/fara-categorie\/tanicol-redsense\/"},"modified":"2022-11-04T17:49:14","modified_gmt":"2022-11-04T16:49:14","slug":"tanicol-redsense","status":"publish","type":"product","link":"https:\/\/agrovin.com\/ro\/produse-oenologice\/taninuri\/tanicol-redsense\/","title":{"rendered":"TANICOL REDSENSE"},"content":{"rendered":"<h3>CARACTERISTICI<\/h3>\n<p>Tanicol RedSense realizeaz\u0103 o \u00eembun\u0103t\u0103\u021bire senzorial\u0103 complet\u0103; cre\u0219te intensitatea \u0219i stabilizarea culorii, \u00eembun\u0103t\u0103\u021be\u0219te structura \u0219i corpul \u0219i, \u00een principal, datorit\u0103 compu\u0219ilor volatili ai taninului din pomii de fructe ro\u0219ii, intensific\u0103 poten\u021bialul fructat al vinurilor. Aplicat \u00een primele etape de vinificare, acesta \u00eembun\u0103t\u0103\u021be\u0219te descriptorii de fructe ro\u0219ii \u0219i negre prin integrarea lor \u00een vinuri \u00eenc\u0103 din faza de vinificare.<\/p>\n<h3>APLICA\u021aIE<\/h3>\n<p>\u00cen produc\u021bia de vinuri ro\u0219ii \u0219i ros\u00e9 \u00een care se dore\u0219te o \u00eembun\u0103t\u0103\u021bire senzorial\u0103 complet\u0103, cre\u0219terea intensit\u0103\u021bii culorii, stabilizarea culorii \u00een timp, fine\u021bea \u00een gur\u0103 \u0219i, mai ales, cre\u0219terea complexit\u0103\u021bii \u00een nas, pun\u00e2nd \u00een valoare descriptorii de fructe ro\u0219ii \u0219i negre:<\/p>\n<ul>\n<li>Producerea de vinuri ro\u0219ii cu note fructate pronun\u021bate, cu culori vii \u0219i stabile.<\/li>\n<li>Producerea de vinuri ros\u00e9 foarte aromate \u0219i corpolente.<\/li>\n<li>Producerea de vinuri ro\u0219ii tinere cu macer\u0103ri scurte.<\/li>\n<li>Producerea de vinuri aromatice de tip Crianza.<\/li>\n<li>Vinificarea prin macerare carbonic\u0103.<\/li>\n<li>Vinificare cu macerare prefermentativ\u0103.<\/li>\n<li>Producerea de vinuri ro\u0219ii prin termovinificare sau Flash Detente.<\/li>\n<li>Produc\u021bia de soiuri ro\u0219ii.<\/li>\n<\/ul>\n<h3>DOZAJ<\/h3>\n<div class=\"page\" title=\"Pagina 2\">Vinuri ro\u0219ii: 10-40g\/hl<\/div>\n<div title=\"Pagina 2\">Vinuri ros\u00e9: 10-20g\/hl<\/div>\n","protected":false},"excerpt":{"rendered":"<p>Tanicol RedSense este o combina\u021bie perfect\u0103 de tanin elagic (castan), tanin condensat (semin\u021be de struguri) \u0219i tanin din pomi fructiferi ro\u0219ii, ideal pentru vinurile ro\u0219ii \u0219i ros\u00e9.<\/p>\n","protected":false},"featured_media":43836,"template":"","meta":{"_acf_changed":false,"inline_featured_image":false,"site-sidebar-layout":"default","site-content-layout":"default","ast-site-content-layout":"default","site-content-style":"default","site-sidebar-style":"default","ast-global-header-display":"","ast-banner-title-visibility":"","ast-main-header-display":"","ast-hfb-above-header-display":"","ast-hfb-below-header-display":"","ast-hfb-mobile-header-display":"","site-post-title":"","ast-breadcrumbs-content":"","ast-featured-img":"","footer-sml-layout":"","ast-disable-related-posts":"","theme-transparent-header-meta":"default","adv-header-id-meta":"","stick-header-meta":"","header-above-stick-meta":"","header-main-stick-meta":"","header-below-stick-meta":"","astra-migrate-meta-layouts":"default","ast-page-background-enabled":"default","ast-page-background-meta":{"desktop":{"background-color":"var(--ast-global-color-5)","background-image":"","background-repeat":"repeat","background-position":"center center","background-size":"auto","background-attachment":"scroll","background-type":"","background-media":"","overlay-type":"","overlay-color":"","overlay-opacity":"","overlay-gradient":""},"tablet":{"background-color":"","background-image":"","background-repeat":"repeat","background-position":"center center","background-size":"auto","background-attachment":"scroll","background-type":"","background-media":"","overlay-type":"","overlay-color":"","overlay-opacity":"","overlay-gradient":""},"mobile":{"background-color":"","background-image":"","background-repeat":"repeat","background-position":"center center","background-size":"auto","background-attachment":"scroll","background-type":"","background-media":"","overlay-type":"","overlay-color":"","overlay-opacity":"","overlay-gradient":""}},"ast-content-background-meta":{"desktop":{"background-color":"var(--ast-global-color-4)","background-image":"","background-repeat":"repeat","background-position":"center center","background-size":"auto","background-attachment":"scroll","background-type":"","background-media":"","overlay-type":"","overlay-color":"","overlay-opacity":"","overlay-gradient":""},"tablet":{"background-color":"var(--ast-global-color-4)","background-image":"","background-repeat":"repeat","background-position":"center center","background-size":"auto","background-attachment":"scroll","background-type":"","background-media":"","overlay-type":"","overlay-color":"","overlay-opacity":"","overlay-gradient":""},"mobile":{"background-color":"var(--ast-global-color-4)","background-image":"","background-repeat":"repeat","background-position":"center center","background-size":"auto","background-attachment":"scroll","background-type":"","background-media":"","overlay-type":"","overlay-color":"","overlay-opacity":"","overlay-gradient":""}}},"product_brand":[],"product_cat":[224],"product_tag":[835,829],"class_list":{"0":"post-89057","1":"product","2":"type-product","3":"status-publish","4":"has-post-thumbnail","6":"product_cat-taninuri","7":"product_tag-structurarea-taninurilor","8":"product_tag-taninuri-antioxidante","9":"pa_aplicacion-fa-fml-ru","10":"pa_ecologico-autorizat-eu","11":"pa_ecologico-autorizat-nop-usda","12":"pa_estilo-de-vino-butoi","13":"pa_estilo-de-vino-rosu","14":"pa_estilo-de-vino-roz","15":"pa_objetivo-arome-crescute-de-fructe","16":"pa_vegano-vegetarian","17":"desktop-align-left","18":"tablet-align-left","19":"mobile-align-left","21":"first","22":"instock","23":"shipping-taxable","24":"product-type-simple"},"acf":[],"_links":{"self":[{"href":"https:\/\/agrovin.com\/ro\/wp-json\/wp\/v2\/product\/89057","targetHints":{"allow":["GET"]}}],"collection":[{"href":"https:\/\/agrovin.com\/ro\/wp-json\/wp\/v2\/product"}],"about":[{"href":"https:\/\/agrovin.com\/ro\/wp-json\/wp\/v2\/types\/product"}],"version-history":[{"count":0,"href":"https:\/\/agrovin.com\/ro\/wp-json\/wp\/v2\/product\/89057\/revisions"}],"wp:featuredmedia":[{"embeddable":true,"href":"https:\/\/agrovin.com\/ro\/wp-json\/wp\/v2\/media\/43836"}],"wp:attachment":[{"href":"https:\/\/agrovin.com\/ro\/wp-json\/wp\/v2\/media?parent=89057"}],"wp:term":[{"taxonomy":"product_brand","embeddable":true,"href":"https:\/\/agrovin.com\/ro\/wp-json\/wp\/v2\/product_brand?post=89057"},{"taxonomy":"product_cat","embeddable":true,"href":"https:\/\/agrovin.com\/ro\/wp-json\/wp\/v2\/product_cat?post=89057"},{"taxonomy":"product_tag","embeddable":true,"href":"https:\/\/agrovin.com\/ro\/wp-json\/wp\/v2\/product_tag?post=89057"}],"curies":[{"name":"wp","href":"https:\/\/api.w.org\/{rel}","templated":true}]}}