{"id":89053,"date":"2019-07-08T07:39:15","date_gmt":"2022-11-04T14:14:59","guid":{"rendered":"https:\/\/staging.agrovin.com\/fara-categorie\/viniferm-elite\/"},"modified":"2022-11-05T12:33:11","modified_gmt":"2022-11-05T11:33:11","slug":"viniferm-elite-rosados","status":"publish","type":"product","link":"https:\/\/agrovin.com\/ro\/produse-oenologice\/drojdie\/viniferm-elite-rosados\/","title":{"rendered":"VINIFERM \u00c9LITE"},"content":{"rendered":"<h3>CARACTERISTICI<\/h3>\n<p>Profilul s\u0103u senzorial scoate \u00een eviden\u021b\u0103 caracteristicile terroir-ului:<\/p>\n<ul>\n<li>Vinuri f\u0103r\u0103 zaharuri reziduale. Rezisten\u021ba sa la etanol duce la fermenta\u021bie alcoolic\u0103 p\u00e2n\u0103 la epuizarea complet\u0103 a zaharurilor.<\/li>\n<li>Vinuri mai stabile din punct de vedere microbiologic. Inciden\u021b\u0103 mai mic\u0103 a tulbur\u0103rilor (inclusiv Brettanomyces).<\/li>\n<li>Vinuri mai pu\u021bin alcoolice. Randamentul s\u0103u sc\u0103zut de zah\u0103r\/etanol permite recoltarea strugurilor la maturitate optim\u0103.<\/li>\n<li>Vinuri f\u0103r\u0103 note de reducere. Nu produce hidrogen sulfurat, evit\u00e2nd prezen\u021ba reducerii datorate deficien\u021belor de azot din mediul \u00eenconjur\u0103tor \u0219i maturitatea strugurilor.<\/li>\n<li>Vinuri din soiuri. Eliberarea de precursori de tioli, care sunt, de asemenea, definitorii \u00een paleta aromatic\u0103 a vinurilor ro\u0219ii.<\/li>\n<li>Vinuri rotunde, f\u0103r\u0103 margini, cu taninuri integrate \u0219i cu o bun\u0103 capacitate de \u00eenvechire: datorit\u0103 produc\u021biei de glicerin\u0103 \u0219i capacit\u0103\u021bii de liz\u0103 parietal\u0103.<\/li>\n<\/ul>\n<h3>APLICA\u021aIE<\/h3>\n<p>Vinuri ro\u0219ii de soi, structurate \u0219i elegante, ob\u021binute din struguri maturi, cu un con\u021binut ridicat de alcool poten\u021bial \u0219i dezvoltare ulterioar\u0103 \u00een lemn.<\/p>\n<h3>DOZAJ<\/h3>\n<p>Vinificare 20-30 g\/hl<\/p>\n","protected":false},"excerpt":{"rendered":"<p>Viniferm ELITE este tulpina ideal\u0103 pentru a cre\u0219te descriptorii varietali ai vinurilor ro\u0219ii.<\/p>\n","protected":false},"featured_media":28131,"template":"","meta":{"_acf_changed":false,"inline_featured_image":false,"site-sidebar-layout":"default","site-content-layout":"default","ast-site-content-layout":"default","site-content-style":"default","site-sidebar-style":"default","ast-global-header-display":"","ast-banner-title-visibility":"","ast-main-header-display":"","ast-hfb-above-header-display":"","ast-hfb-below-header-display":"","ast-hfb-mobile-header-display":"","site-post-title":"","ast-breadcrumbs-content":"","ast-featured-img":"","footer-sml-layout":"","ast-disable-related-posts":"","theme-transparent-header-meta":"default","adv-header-id-meta":"","stick-header-meta":"","header-above-stick-meta":"","header-main-stick-meta":"","header-below-stick-meta":"","astra-migrate-meta-layouts":"default","ast-page-background-enabled":"default","ast-page-background-meta":{"desktop":{"background-color":"var(--ast-global-color-5)","background-image":"","background-repeat":"repeat","background-position":"center center","background-size":"auto","background-attachment":"scroll","background-type":"","background-media":"","overlay-type":"","overlay-color":"","overlay-opacity":"","overlay-gradient":""},"tablet":{"background-color":"","background-image":"","background-repeat":"repeat","background-position":"center center","background-size":"auto","background-attachment":"scroll","background-type":"","background-media":"","overlay-type":"","overlay-color":"","overlay-opacity":"","overlay-gradient":""},"mobile":{"background-color":"","background-image":"","background-repeat":"repeat","background-position":"center center","background-size":"auto","background-attachment":"scroll","background-type":"","background-media":"","overlay-type":"","overlay-color":"","overlay-opacity":"","overlay-gradient":""}},"ast-content-background-meta":{"desktop":{"background-color":"var(--ast-global-color-4)","background-image":"","background-repeat":"repeat","background-position":"center center","background-size":"auto","background-attachment":"scroll","background-type":"","background-media":"","overlay-type":"","overlay-color":"","overlay-opacity":"","overlay-gradient":""},"tablet":{"background-color":"var(--ast-global-color-4)","background-image":"","background-repeat":"repeat","background-position":"center center","background-size":"auto","background-attachment":"scroll","background-type":"","background-media":"","overlay-type":"","overlay-color":"","overlay-opacity":"","overlay-gradient":""},"mobile":{"background-color":"var(--ast-global-color-4)","background-image":"","background-repeat":"repeat","background-position":"center center","background-size":"auto","background-attachment":"scroll","background-type":"","background-media":"","overlay-type":"","overlay-color":"","overlay-opacity":"","overlay-gradient":""}}},"product_brand":[],"product_cat":[2089],"product_tag":[352,405,353],"class_list":{"0":"post-89053","1":"product","2":"type-product","3":"status-publish","4":"has-post-thumbnail","6":"product_cat-drojdie","7":"product_tag-arome-soiului","8":"product_tag-securitate-fermentativa","9":"product_tag-structura-si-volumul-in-gura","10":"pa_aplicacion-fa-fml-ru","11":"pa_ecologico-autorizat-eu","12":"pa_ecologico-autorizat-nop-usda","13":"pa_estilo-de-vino-rosu","14":"pa_estilo-de-vino-roz","15":"pa_vegano-vegetarian","16":"desktop-align-left","17":"tablet-align-left","18":"mobile-align-left","20":"first","21":"instock","22":"shipping-taxable","23":"product-type-simple"},"acf":[],"_links":{"self":[{"href":"https:\/\/agrovin.com\/ro\/wp-json\/wp\/v2\/product\/89053","targetHints":{"allow":["GET"]}}],"collection":[{"href":"https:\/\/agrovin.com\/ro\/wp-json\/wp\/v2\/product"}],"about":[{"href":"https:\/\/agrovin.com\/ro\/wp-json\/wp\/v2\/types\/product"}],"version-history":[{"count":0,"href":"https:\/\/agrovin.com\/ro\/wp-json\/wp\/v2\/product\/89053\/revisions"}],"wp:featuredmedia":[{"embeddable":true,"href":"https:\/\/agrovin.com\/ro\/wp-json\/wp\/v2\/media\/28131"}],"wp:attachment":[{"href":"https:\/\/agrovin.com\/ro\/wp-json\/wp\/v2\/media?parent=89053"}],"wp:term":[{"taxonomy":"product_brand","embeddable":true,"href":"https:\/\/agrovin.com\/ro\/wp-json\/wp\/v2\/product_brand?post=89053"},{"taxonomy":"product_cat","embeddable":true,"href":"https:\/\/agrovin.com\/ro\/wp-json\/wp\/v2\/product_cat?post=89053"},{"taxonomy":"product_tag","embeddable":true,"href":"https:\/\/agrovin.com\/ro\/wp-json\/wp\/v2\/product_tag?post=89053"}],"curies":[{"name":"wp","href":"https:\/\/api.w.org\/{rel}","templated":true}]}}