{"id":89048,"date":"2020-06-03T08:13:11","date_gmt":"2020-06-03T07:13:11","guid":{"rendered":"https:\/\/staging.agrovin.com\/fara-categorie\/viniferm-oe-ag-20\/"},"modified":"2024-07-08T09:24:48","modified_gmt":"2024-07-08T08:24:48","slug":"viniferm-oe-ag-20","status":"publish","type":"product","link":"https:\/\/agrovin.com\/ro\/produse-oenologice\/bacterii-lactice\/viniferm-oe-ag-20\/","title":{"rendered":"VINIFERM OE AG-20"},"content":{"rendered":"<h3>CARACTERISTICI<\/h3>\n<p>Prezen\u021ba sa ridicat\u0103 limiteaz\u0103 dezvoltarea microorganismelor nedorite \u0219i controleaz\u0103 fermenta\u021biile malolactice spontane, elimin\u00e2nd dezavantajele derivate din acestea, inclusiv riscul de producere de amine biogene, chiar \u0219i \u00een cazul vinurilor cu pH ridicat \u0219i con\u021binut ridicat de alcool.<\/p>\n<p>Viniferm \u0152 AG-20 este o selec\u021bie natural\u0103 de Oenocococcus oeni din musturi \u0219i vinuri din soiurile de struguri Tempranillo (Tinto Fino) din D.O. Ribera del Duero. O cultur\u0103 proasp\u0103t\u0103 de bacterii lactice cu un num\u0103r de bacterii viabile &gt;5*109 ufc\/ml.<\/p>\n<h3>APLICA\u021aIE<\/h3>\n<p>Cultur\u0103 lichid\u0103 de Oenocococcus oeni, potrivit\u0103 \u00een special pentru vinurile ro\u0219ii de calitate superioar\u0103 cu dezvoltare \u00een stejar, \u00een care trebuie s\u0103 se eviden\u021bieze caracterul varietal \u0219i fine\u021bea \u00een palat. Perfect pentru toate tipurile de soiuri ro\u0219ii: Tempranillo, Garnacha, Monastrell, Merlot, Cabernet, Sauvignon, Syrah etc.<\/p>\n<p>Rezultate excelente \u00een fermenta\u021bia malolactic\u0103 \u00een butoi, men\u021bin\u00e2nd calit\u0103\u021bile cromatice \u0219i profilul varietal al vinului. Complexitate \u0219i integrare cu lemnul, cu echilibru \u0219i prezen\u021b\u0103 \u00een palat.<\/p>\n<p>Adecvat pentru fermenta\u021bie secven\u021bial\u0103 \u0219i coinoculare.<\/p>\n<h3>DOZAJ<\/h3>\n<ul>\n<li>1 l: Dozaj pentru 10.000 de litri de vin (100hl).<\/li>\n<li>500 ml: Dozaj pentru 5.000 de litri de vin (50hl).<\/li>\n<\/ul>\n","protected":false},"excerpt":{"rendered":"<p>Viniferm \u0152 AG-20 sunt culturi lichide de bacterii lactice gata de utilizare, cu respectarea maxim\u0103 a caracterului varietal al vinului at\u00e2t la nivel analitic, c\u00e2t \u0219i senzorial.<\/p>\n","protected":false},"featured_media":121631,"template":"","meta":{"_acf_changed":false,"inline_featured_image":false,"site-sidebar-layout":"default","site-content-layout":"default","ast-site-content-layout":"default","site-content-style":"default","site-sidebar-style":"default","ast-global-header-display":"","ast-banner-title-visibility":"","ast-main-header-display":"","ast-hfb-above-header-display":"","ast-hfb-below-header-display":"","ast-hfb-mobile-header-display":"","site-post-title":"","ast-breadcrumbs-content":"","ast-featured-img":"","footer-sml-layout":"","ast-disable-related-posts":"","theme-transparent-header-meta":"default","adv-header-id-meta":"","stick-header-meta":"","header-above-stick-meta":"","header-main-stick-meta":"","header-below-stick-meta":"","astra-migrate-meta-layouts":"default","ast-page-background-enabled":"default","ast-page-background-meta":{"desktop":{"background-color":"var(--ast-global-color-5)","background-image":"","background-repeat":"repeat","background-position":"center center","background-size":"auto","background-attachment":"scroll","background-type":"","background-media":"","overlay-type":"","overlay-color":"","overlay-opacity":"","overlay-gradient":""},"tablet":{"background-color":"","background-image":"","background-repeat":"repeat","background-position":"center center","background-size":"auto","background-attachment":"scroll","background-type":"","background-media":"","overlay-type":"","overlay-color":"","overlay-opacity":"","overlay-gradient":""},"mobile":{"background-color":"","background-image":"","background-repeat":"repeat","background-position":"center center","background-size":"auto","background-attachment":"scroll","background-type":"","background-media":"","overlay-type":"","overlay-color":"","overlay-opacity":"","overlay-gradient":""}},"ast-content-background-meta":{"desktop":{"background-color":"var(--ast-global-color-4)","background-image":"","background-repeat":"repeat","background-position":"center center","background-size":"auto","background-attachment":"scroll","background-type":"","background-media":"","overlay-type":"","overlay-color":"","overlay-opacity":"","overlay-gradient":""},"tablet":{"background-color":"var(--ast-global-color-4)","background-image":"","background-repeat":"repeat","background-position":"center center","background-size":"auto","background-attachment":"scroll","background-type":"","background-media":"","overlay-type":"","overlay-color":"","overlay-opacity":"","overlay-gradient":""},"mobile":{"background-color":"var(--ast-global-color-4)","background-image":"","background-repeat":"repeat","background-position":"center center","background-size":"auto","background-attachment":"scroll","background-type":"","background-media":"","overlay-type":"","overlay-color":"","overlay-opacity":"","overlay-gradient":""}}},"product_brand":[],"product_cat":[158],"product_tag":[],"class_list":{"0":"post-89048","1":"product","2":"type-product","3":"status-publish","4":"has-post-thumbnail","6":"product_cat-bacterii-lactice","7":"pa_ecologico-autorizat-eu","8":"pa_ecologico-autorizat-nop-usda","9":"pa_objetivo-crestere-aromatica","10":"pa_vegano-vegetarian","11":"desktop-align-left","12":"tablet-align-left","13":"mobile-align-left","15":"first","16":"instock","17":"shipping-taxable","18":"product-type-simple"},"acf":[],"_links":{"self":[{"href":"https:\/\/agrovin.com\/ro\/wp-json\/wp\/v2\/product\/89048","targetHints":{"allow":["GET"]}}],"collection":[{"href":"https:\/\/agrovin.com\/ro\/wp-json\/wp\/v2\/product"}],"about":[{"href":"https:\/\/agrovin.com\/ro\/wp-json\/wp\/v2\/types\/product"}],"version-history":[{"count":0,"href":"https:\/\/agrovin.com\/ro\/wp-json\/wp\/v2\/product\/89048\/revisions"}],"wp:featuredmedia":[{"embeddable":true,"href":"https:\/\/agrovin.com\/ro\/wp-json\/wp\/v2\/media\/121631"}],"wp:attachment":[{"href":"https:\/\/agrovin.com\/ro\/wp-json\/wp\/v2\/media?parent=89048"}],"wp:term":[{"taxonomy":"product_brand","embeddable":true,"href":"https:\/\/agrovin.com\/ro\/wp-json\/wp\/v2\/product_brand?post=89048"},{"taxonomy":"product_cat","embeddable":true,"href":"https:\/\/agrovin.com\/ro\/wp-json\/wp\/v2\/product_cat?post=89048"},{"taxonomy":"product_tag","embeddable":true,"href":"https:\/\/agrovin.com\/ro\/wp-json\/wp\/v2\/product_tag?post=89048"}],"curies":[{"name":"wp","href":"https:\/\/api.w.org\/{rel}","templated":true}]}}