{"id":89043,"date":"2020-05-07T11:12:03","date_gmt":"2022-11-04T14:14:43","guid":{"rendered":"https:\/\/staging.agrovin.com\/fara-categorie\/perle-de-hidroxid-de-sodiu\/"},"modified":"2025-10-06T16:04:24","modified_gmt":"2025-10-06T14:04:24","slug":"hidroxido-sodico-perlas","status":"publish","type":"product","link":"https:\/\/agrovin.com\/ro\/produse-oenologice\/altele\/hidroxido-sodico-perlas\/","title":{"rendered":"HIDR\u00d3XIDO S\u00d3DICO PERLAS"},"content":{"rendered":"<h3>CARACTERISTICI<\/h3>\n<div class=\"page\" title=\"Pagina 1\">\n<div class=\"layoutArea\">\n<div class=\"column\">\n<p>-Solubil \u00een ap\u0103.<\/p>\n<p>-Produs puternic alcalin sub form\u0103 de fulgi.<\/p>\n<p>-Capacitate bun\u0103 de umezire, ceea ce spore\u0219te penetrarea \u0219i dizolvarea murd\u0103riei.<\/p>\n<p>-Nu produce spum\u0103, ceea ce faciliteaz\u0103 cl\u0103tirea ulterioar\u0103.<\/p>\n<p>-Poate fi dozat automat.<\/p>\n<p>Compatibil cu o\u021belul inoxidabil, fierul, sticla, \u021bigla \u0219i acoperiri epoxidice rezistente la alcalii.<\/p>\n<p>&nbsp;<\/p>\n<h3>APLICA\u021aIE<\/h3>\n<p><span style=\"font-size: 16px;\">-Cur\u0103\u021barea interioar\u0103 a diferitelor containere: rezervoare, butoaie \u0219i alte containere.<\/span><\/p>\n<div class=\"page\" title=\"Pagina 1\">\n<div class=\"layoutArea\">\n<div class=\"column\">\n<p>-Cur\u0103\u021barea pardoselilor foarte unse.<\/p>\n<p>-Tuneluri automate de sp\u0103lare pentru l\u0103zi, t\u0103vi\u021be, etc. -Cur\u0103\u021barea utilajelor (centrifuge).<\/p>\n<p>-Sp\u0103larea sticlei.<\/p>\n<p>&nbsp;<\/p>\n<h3>DOZAJ<\/h3>\n<div class=\"page\" title=\"Pagina 1\">\n<div class=\"layoutArea\">\n<div class=\"column\">\n<p>Dozajul care trebuie aplicat va depinde de suprafa\u021ba sau recipientul pe care urmeaz\u0103 s\u0103 fie utilizat, precum \u0219i de gradul de cur\u0103\u021benie dorit.<\/p>\n<\/div>\n<\/div>\n<\/div>\n<\/div>\n<\/div>\n<\/div>\n<\/div>\n<\/div>\n<\/div>\n","protected":false},"excerpt":{"rendered":"<p>Hidroxidul de sodiu (NaOH), cunoscut \u0219i sub numele de sod\u0103 caustic\u0103, este un hidroxid caustic utilizat pe scar\u0103 larg\u0103 \u00een industrie, \u00een principal ca baz\u0103 chimic\u0103.<\/p>\n","protected":false},"featured_media":43582,"template":"","meta":{"_acf_changed":false,"inline_featured_image":false,"site-sidebar-layout":"default","site-content-layout":"default","ast-site-content-layout":"default","site-content-style":"default","site-sidebar-style":"default","ast-global-header-display":"","ast-banner-title-visibility":"","ast-main-header-display":"","ast-hfb-above-header-display":"","ast-hfb-below-header-display":"","ast-hfb-mobile-header-display":"","site-post-title":"","ast-breadcrumbs-content":"","ast-featured-img":"","footer-sml-layout":"","ast-disable-related-posts":"","theme-transparent-header-meta":"default","adv-header-id-meta":"","stick-header-meta":"","header-above-stick-meta":"","header-main-stick-meta":"","header-below-stick-meta":"","astra-migrate-meta-layouts":"set","ast-page-background-enabled":"default","ast-page-background-meta":{"desktop":{"background-color":"var(--ast-global-color-5)","background-image":"","background-repeat":"repeat","background-position":"center center","background-size":"auto","background-attachment":"scroll","background-type":"","background-media":"","overlay-type":"","overlay-color":"","overlay-opacity":"","overlay-gradient":""},"tablet":{"background-color":"","background-image":"","background-repeat":"repeat","background-position":"center center","background-size":"auto","background-attachment":"scroll","background-type":"","background-media":"","overlay-type":"","overlay-color":"","overlay-opacity":"","overlay-gradient":""},"mobile":{"background-color":"","background-image":"","background-repeat":"repeat","background-position":"center center","background-size":"auto","background-attachment":"scroll","background-type":"","background-media":"","overlay-type":"","overlay-color":"","overlay-opacity":"","overlay-gradient":""}},"ast-content-background-meta":{"desktop":{"background-color":"var(--ast-global-color-4)","background-image":"","background-repeat":"repeat","background-position":"center center","background-size":"auto","background-attachment":"scroll","background-type":"","background-media":"","overlay-type":"","overlay-color":"","overlay-opacity":"","overlay-gradient":""},"tablet":{"background-color":"var(--ast-global-color-4)","background-image":"","background-repeat":"repeat","background-position":"center center","background-size":"auto","background-attachment":"scroll","background-type":"","background-media":"","overlay-type":"","overlay-color":"","overlay-opacity":"","overlay-gradient":""},"mobile":{"background-color":"var(--ast-global-color-4)","background-image":"","background-repeat":"repeat","background-position":"center center","background-size":"auto","background-attachment":"scroll","background-type":"","background-media":"","overlay-type":"","overlay-color":"","overlay-opacity":"","overlay-gradient":""}}},"product_brand":[],"product_cat":[1412],"product_tag":[],"class_list":{"0":"post-89043","1":"product","2":"type-product","3":"status-publish","4":"has-post-thumbnail","6":"product_cat-altele","7":"desktop-align-left","8":"tablet-align-left","9":"mobile-align-left","11":"first","12":"instock","13":"shipping-taxable","14":"product-type-simple"},"acf":[],"_links":{"self":[{"href":"https:\/\/agrovin.com\/ro\/wp-json\/wp\/v2\/product\/89043","targetHints":{"allow":["GET"]}}],"collection":[{"href":"https:\/\/agrovin.com\/ro\/wp-json\/wp\/v2\/product"}],"about":[{"href":"https:\/\/agrovin.com\/ro\/wp-json\/wp\/v2\/types\/product"}],"version-history":[{"count":1,"href":"https:\/\/agrovin.com\/ro\/wp-json\/wp\/v2\/product\/89043\/revisions"}],"predecessor-version":[{"id":122228,"href":"https:\/\/agrovin.com\/ro\/wp-json\/wp\/v2\/product\/89043\/revisions\/122228"}],"wp:featuredmedia":[{"embeddable":true,"href":"https:\/\/agrovin.com\/ro\/wp-json\/wp\/v2\/media\/43582"}],"wp:attachment":[{"href":"https:\/\/agrovin.com\/ro\/wp-json\/wp\/v2\/media?parent=89043"}],"wp:term":[{"taxonomy":"product_brand","embeddable":true,"href":"https:\/\/agrovin.com\/ro\/wp-json\/wp\/v2\/product_brand?post=89043"},{"taxonomy":"product_cat","embeddable":true,"href":"https:\/\/agrovin.com\/ro\/wp-json\/wp\/v2\/product_cat?post=89043"},{"taxonomy":"product_tag","embeddable":true,"href":"https:\/\/agrovin.com\/ro\/wp-json\/wp\/v2\/product_tag?post=89043"}],"curies":[{"name":"wp","href":"https:\/\/api.w.org\/{rel}","templated":true}]}}