{"id":89028,"date":"2019-06-06T08:11:48","date_gmt":"2022-11-04T14:14:20","guid":{"rendered":"https:\/\/staging.agrovin.com\/fara-categorie\/microstab-protejeaza\/"},"modified":"2025-06-24T16:30:17","modified_gmt":"2025-06-24T14:30:17","slug":"microstab-protect","status":"publish","type":"product","link":"https:\/\/agrovin.com\/ro\/produse-oenologice\/control-microbiologic-ro-produse-oenologice\/microstab-protect\/","title":{"rendered":"MICROSTAB PROTECT"},"content":{"rendered":"<h4>CARACTERISTICI<\/h4>\n<p>Acest preparat specific, care combin\u0103 propriet\u0103\u021bile antimicrobiene, antioxidante \u0219i antioxidante, este un instrument eficient pentru reducerea nivelului de sulf \u00een timpul fabric\u0103rii vinului.<\/p>\n<ul>\n<li>Reduce substan\u021bial sau elimin\u0103 popula\u021biile de <em>Brettanomyces<\/em>, reduc\u00e2nd riscul de deteriorare datorat prezen\u021bei acestei drojdii contaminante. Reduce \u00een mod eficient popula\u021biile de <em>Brettanomyces \u0219i <\/em>de bacterii lactice. Ca orice alt antimicrobian, reducerea popula\u021biilor depinde de \u00eenc\u0103rc\u0103tura microbiologic\u0103.<\/li>\n<li>Efect antioxidant \u0219i de protec\u021bie \u00eempotriva oxid\u0103rii. Efect antioxidant natural, protejeaz\u0103 frac\u021biunea aromatic\u0103 \u0219i limiteaz\u0103 rumenirea fructelor.<\/li>\n<li>Catalizatori de oxidare inactivi. Acesta reduce activitatea enzimelor oxidative, care sunt responsabile de oxidarea fenolilor.<\/li>\n<li>Reduce con\u021binutul de metale (Fe \u0219i Cu).<\/li>\n<\/ul>\n<p>Acest preparat specific, care combin\u0103 propriet\u0103\u021bile antimicrobiene, antioxidante \u0219i antioxidante, este un instrument eficient pentru reducerea nivelului de sulf \u00een timpul fabric\u0103rii vinului.<\/p>\n<ul>\n<li>Reduce substan\u021bial sau elimin\u0103 popula\u021biile de <em>Brettanomyces<\/em>, reduc\u00e2nd riscul de deteriorare datorat prezen\u021bei acestei drojdii contaminante. Reduce \u00een mod eficient popula\u021biile de <em>Brettanomyces \u0219i <\/em>de bacterii lactice. Ca orice alt antimicrobian, reducerea popula\u021biilor depinde de \u00eenc\u0103rc\u0103tura microbiologic\u0103.<\/li>\n<li>Efect antioxidant \u0219i de protec\u021bie \u00eempotriva oxid\u0103rii. Efect antioxidant natural, protejeaz\u0103 frac\u021biunea aromatic\u0103 \u0219i limiteaz\u0103 rumenirea fructelor.<\/li>\n<li>Catalizatori de oxidare inactivi. Acesta reduce activitatea enzimelor oxidative, care sunt responsabile de oxidarea fenolilor.<\/li>\n<li>Reduce con\u021binutul de metale (Fe \u0219i Cu)<\/li>\n<\/ul>\n<h4>APLICA\u021aIE<\/h4>\n<p>Tratamentul de oprire a ferment\u0103rii pentru a evita consumul de zaharuri din must de c\u0103tre bacteriile lactice (amidon lactic) \u0219i pentru a reduce riscul de cre\u0219tere a acidit\u0103\u021bii volatile.<\/p>\n<p>Sf\u00e2r\u0219itul fermenta\u021biei alcoolice pentru a controla \u00eenc\u0103rc\u0103tura microbian\u0103, a proteja aromele \u0219i a \u00eent\u00e2rzia evolu\u021bia vinurilor.<\/p>\n<p>Controlul fermenta\u021biei malolactice (FML): \u00eent\u00e2rzie sau inhib\u0103 fermenta\u021bia malolactic\u0103. Dup\u0103 decantare, este posibil\u0103 dezvoltarea fermenta\u021biei malolactice dup\u0103 inocularea cu bacterii lactice.<\/p>\n<p>&#8220;Am\u00e2narea FML dup\u0103 fermenta\u021bia alcoolic\u0103 \u00een vinificarea \u00een ro\u0219u, permi\u021b\u00e2nd lucrul cu microoxigenarea.<\/p>\n<p>&#8220;Inhibarea fermenta\u021biei malolactice \u00een produc\u021bia de vinuri ro\u0219ii \u0219i albe tinere pentru a p\u0103stra aciditatea.<\/p>\n<p>Stabilitatea microbiologic\u0103 a popula\u021biei bacteriene din vinurile ro\u0219ii dup\u0103 fermenta\u021bia malolactic\u0103, reduc\u00e2nd doza de SO2 utilizat\u0103 \u00een timpul conserv\u0103rii vinului.<\/p>\n<p>\u00cenvechire pe drojdie \u0219i vin finit. Pentru controlul \u00eenc\u0103rc\u0103turii microbiene, protec\u021bia aromelor \u0219i \u00eent\u00e2rzierea dezvolt\u0103rii vinului.<\/p>\n<p>Clarificarea mustului \u0219i a vinului.<\/p>\n<p>Reducerea con\u021binutului de metale (Fe \u0219i Cu).<\/p>\n<h3>DOZAJ<\/h3>\n<div class=\"page\" title=\"Pagina 2\">\n<div class=\"section\">\n<div class=\"layoutArea\">\n<div class=\"column\">\n<div class=\"page\" title=\"Pagina 2\">\n<div class=\"section\">\n<div class=\"layoutArea\">\n<div class=\"column\">\n<div class=\"page\" title=\"Pagina 2\">\n<div class=\"section\">\n<div class=\"layoutArea\">\n<div class=\"column\">\n<p>Must sau vin: 10-30g\/hl<\/p>\n<\/div>\n<\/div>\n<\/div>\n<\/div>\n<\/div>\n<\/div>\n<\/div>\n<\/div>\n<\/div>\n<\/div>\n<\/div>\n<\/div>\n<p>&nbsp;<\/p>\n","protected":false},"excerpt":{"rendered":"<p>Acest preparat specific, care combin\u0103 propriet\u0103\u021bile antimicrobiene, antioxidante \u0219i antioxidante, este un instrument eficient pentru reducerea nivelului de sulf \u00een timpul fabric\u0103rii vinului.<\/p>\n","protected":false},"featured_media":43610,"template":"","meta":{"_acf_changed":false,"inline_featured_image":false,"site-sidebar-layout":"default","site-content-layout":"default","ast-site-content-layout":"default","site-content-style":"default","site-sidebar-style":"default","ast-global-header-display":"","ast-banner-title-visibility":"","ast-main-header-display":"","ast-hfb-above-header-display":"","ast-hfb-below-header-display":"","ast-hfb-mobile-header-display":"","site-post-title":"","ast-breadcrumbs-content":"","ast-featured-img":"","footer-sml-layout":"","ast-disable-related-posts":"","theme-transparent-header-meta":"default","adv-header-id-meta":"","stick-header-meta":"","header-above-stick-meta":"","header-main-stick-meta":"","header-below-stick-meta":"","astra-migrate-meta-layouts":"set","ast-page-background-enabled":"default","ast-page-background-meta":{"desktop":{"background-color":"var(--ast-global-color-5)","background-image":"","background-repeat":"repeat","background-position":"center center","background-size":"auto","background-attachment":"scroll","background-type":"","background-media":"","overlay-type":"","overlay-color":"","overlay-opacity":"","overlay-gradient":""},"tablet":{"background-color":"","background-image":"","background-repeat":"repeat","background-position":"center center","background-size":"auto","background-attachment":"scroll","background-type":"","background-media":"","overlay-type":"","overlay-color":"","overlay-opacity":"","overlay-gradient":""},"mobile":{"background-color":"","background-image":"","background-repeat":"repeat","background-position":"center center","background-size":"auto","background-attachment":"scroll","background-type":"","background-media":"","overlay-type":"","overlay-color":"","overlay-opacity":"","overlay-gradient":""}},"ast-content-background-meta":{"desktop":{"background-color":"var(--ast-global-color-4)","background-image":"","background-repeat":"repeat","background-position":"center center","background-size":"auto","background-attachment":"scroll","background-type":"","background-media":"","overlay-type":"","overlay-color":"","overlay-opacity":"","overlay-gradient":""},"tablet":{"background-color":"var(--ast-global-color-4)","background-image":"","background-repeat":"repeat","background-position":"center center","background-size":"auto","background-attachment":"scroll","background-type":"","background-media":"","overlay-type":"","overlay-color":"","overlay-opacity":"","overlay-gradient":""},"mobile":{"background-color":"var(--ast-global-color-4)","background-image":"","background-repeat":"repeat","background-position":"center center","background-size":"auto","background-attachment":"scroll","background-type":"","background-media":"","overlay-type":"","overlay-color":"","overlay-opacity":"","overlay-gradient":""}}},"product_brand":[],"product_cat":[890],"product_tag":[],"class_list":{"0":"post-89028","1":"product","2":"type-product","3":"status-publish","4":"has-post-thumbnail","6":"product_cat-control-microbiologic-ro-produse-oenologice","7":"pa_aplicacion-fa-fml-ru","8":"pa_aplicacion-struguri-si-must","9":"pa_ecologico-autorizat-eu","10":"pa_estilo-de-vino-alb","11":"pa_estilo-de-vino-roz","12":"pa_objetivo-protectie-antioxidanta","13":"pa_objetivo-protectie-microbiologica","14":"pa_objetivo-stabilizare","15":"pa_vegano-vegetarian","16":"desktop-align-left","17":"tablet-align-left","18":"mobile-align-left","20":"first","21":"instock","22":"featured","23":"shipping-taxable","24":"product-type-simple"},"acf":[],"_links":{"self":[{"href":"https:\/\/agrovin.com\/ro\/wp-json\/wp\/v2\/product\/89028","targetHints":{"allow":["GET"]}}],"collection":[{"href":"https:\/\/agrovin.com\/ro\/wp-json\/wp\/v2\/product"}],"about":[{"href":"https:\/\/agrovin.com\/ro\/wp-json\/wp\/v2\/types\/product"}],"version-history":[{"count":1,"href":"https:\/\/agrovin.com\/ro\/wp-json\/wp\/v2\/product\/89028\/revisions"}],"predecessor-version":[{"id":120272,"href":"https:\/\/agrovin.com\/ro\/wp-json\/wp\/v2\/product\/89028\/revisions\/120272"}],"wp:featuredmedia":[{"embeddable":true,"href":"https:\/\/agrovin.com\/ro\/wp-json\/wp\/v2\/media\/43610"}],"wp:attachment":[{"href":"https:\/\/agrovin.com\/ro\/wp-json\/wp\/v2\/media?parent=89028"}],"wp:term":[{"taxonomy":"product_brand","embeddable":true,"href":"https:\/\/agrovin.com\/ro\/wp-json\/wp\/v2\/product_brand?post=89028"},{"taxonomy":"product_cat","embeddable":true,"href":"https:\/\/agrovin.com\/ro\/wp-json\/wp\/v2\/product_cat?post=89028"},{"taxonomy":"product_tag","embeddable":true,"href":"https:\/\/agrovin.com\/ro\/wp-json\/wp\/v2\/product_tag?post=89028"}],"curies":[{"name":"wp","href":"https:\/\/api.w.org\/{rel}","templated":true}]}}