{"id":89018,"date":"2019-02-28T10:13:51","date_gmt":"2022-11-04T14:14:04","guid":{"rendered":"https:\/\/staging.agrovin.com\/fara-categorie\/bomboane-spirit-candy\/"},"modified":"2024-08-23T13:16:21","modified_gmt":"2024-08-23T12:16:21","slug":"spirit-candy","status":"publish","type":"product","link":"https:\/\/agrovin.com\/ro\/produse-oenologice\/alternative-de-stejar-produse-oenologice\/spirit-candy\/","title":{"rendered":"SPIRIT CANDY"},"content":{"rendered":"<h3>CARACTERISTICI<\/h3>\n<p>Implicat \u00een senza\u021bia de fructe la doze mici. Spirit Candy favorizeaz\u0103 percep\u021bia de fructe coapte. La doze mai mari, contribuie la senza\u021bia de note de stejar nepr\u0103jit, influen\u021b\u00e2nd prospe\u021bimea aromatic\u0103 cu note de subarboret \u0219i ierburi aromatice.<\/p>\n<p>\u00cen special pentru a oferi dulcea\u021b\u0103 \u00een palat. Este, de asemenea, implicat subtil \u00een contribu\u021bia gr\u0103simii \u0219i a persisten\u021bei.<\/p>\n<p>Dintre toate beneficiile stejarului, putem eviden\u021bia urm\u0103toarele:<\/p>\n<ul>\n<li>Suprafa\u021b\u0103 de contact mai mare, rat\u0103 mai mare de eliberare a compusului.<\/li>\n<li>Materie prim\u0103 de aceea\u0219i calitate ca \u0219i doagele \u0219i a\u0219chiile.<\/li>\n<li>Chiar \u0219i pr\u0103jirea.<\/li>\n<li>Nu con\u021bine lian\u021bi artificiali.<\/li>\n<li>Aplicare u\u0219oar\u0103, cu plas\u0103 direct \u00een vin.<\/li>\n<\/ul>\n<h3>DOZAJ<\/h3>\n<ul>\n<li>Vin 0,25-3 g\/l<\/li>\n<\/ul>\n<p>At\u00e2t doza, c\u00e2t \u0219i durata tratamentului vor depinde de gradul de recidiv\u0103 \u0219i de intensitatea caracteristicilor dorite. Spirit Candy, datorit\u0103 formatului s\u0103u special de pelete, faciliteaz\u0103 perioadele scurte de tratament.<br \/>\nDurata tratamentului poate varia \u00eentre 2 \u0219i 3 s\u0103pt\u0103m\u00e2ni, \u00een func\u021bie de vinul de plecare \u0219i de efectul urm\u0103rit. Este recomandabil s\u0103 se efectueze teste preliminare pentru a clarifica<br \/>\ndozare \u0219i degust\u0103ri frecvente pentru a determina durata optim\u0103 de tratament.<\/p>\n","protected":false},"excerpt":{"rendered":"<p>Respect maxim al soiului, cu o <strong>fuziune de vanilie \u0219i caramel<\/strong>. Toppingul, un format inovator \u00een alternativele de stejar, un instrument foarte util \u00een vinifica\u021bie. Spirit Candy, datorit\u0103 structurii, porozit\u0103\u021bii \u0219i permeabilit\u0103\u021bii sale, produce o <strong>eliberare rapid\u0103<\/strong> a compu\u0219ilor aromatici cu o <strong>doz\u0103 redus\u0103<\/strong> \u00een compara\u021bie cu formatele actuale. Spirit Candy are o concentra\u021bie mare de vanilin\u0103 \u0219i cis-whiskylacton\u0103.<\/p>\n<ul>\n<li>Suprafa\u021b\u0103 de contact mai mare, rat\u0103 mai mare de eliberare a compusului.<\/li>\n<li>Materie prim\u0103 de aceea\u0219i calitate ca \u0219i doagele \u0219i a\u0219chiile.<\/li>\n<li>Nu con\u021bine lian\u021bi artificiali.<\/li>\n<li>Aplicare u\u0219oar\u0103, cu plas\u0103 direct \u00een vin.<\/li>\n<\/ul>\n","protected":false},"featured_media":67841,"template":"","meta":{"_acf_changed":false,"inline_featured_image":false,"site-sidebar-layout":"default","site-content-layout":"default","ast-site-content-layout":"default","site-content-style":"default","site-sidebar-style":"default","ast-global-header-display":"","ast-banner-title-visibility":"","ast-main-header-display":"","ast-hfb-above-header-display":"","ast-hfb-below-header-display":"","ast-hfb-mobile-header-display":"","site-post-title":"","ast-breadcrumbs-content":"","ast-featured-img":"","footer-sml-layout":"","ast-disable-related-posts":"","theme-transparent-header-meta":"default","adv-header-id-meta":"","stick-header-meta":"","header-above-stick-meta":"","header-main-stick-meta":"","header-below-stick-meta":"","astra-migrate-meta-layouts":"default","ast-page-background-enabled":"default","ast-page-background-meta":{"desktop":{"background-color":"var(--ast-global-color-5)","background-image":"","background-repeat":"repeat","background-position":"center center","background-size":"auto","background-attachment":"scroll","background-type":"","background-media":"","overlay-type":"","overlay-color":"","overlay-opacity":"","overlay-gradient":""},"tablet":{"background-color":"","background-image":"","background-repeat":"repeat","background-position":"center center","background-size":"auto","background-attachment":"scroll","background-type":"","background-media":"","overlay-type":"","overlay-color":"","overlay-opacity":"","overlay-gradient":""},"mobile":{"background-color":"","background-image":"","background-repeat":"repeat","background-position":"center center","background-size":"auto","background-attachment":"scroll","background-type":"","background-media":"","overlay-type":"","overlay-color":"","overlay-opacity":"","overlay-gradient":""}},"ast-content-background-meta":{"desktop":{"background-color":"var(--ast-global-color-4)","background-image":"","background-repeat":"repeat","background-position":"center center","background-size":"auto","background-attachment":"scroll","background-type":"","background-media":"","overlay-type":"","overlay-color":"","overlay-opacity":"","overlay-gradient":""},"tablet":{"background-color":"var(--ast-global-color-4)","background-image":"","background-repeat":"repeat","background-position":"center center","background-size":"auto","background-attachment":"scroll","background-type":"","background-media":"","overlay-type":"","overlay-color":"","overlay-opacity":"","overlay-gradient":""},"mobile":{"background-color":"var(--ast-global-color-4)","background-image":"","background-repeat":"repeat","background-position":"center center","background-size":"auto","background-attachment":"scroll","background-type":"","background-media":"","overlay-type":"","overlay-color":"","overlay-opacity":"","overlay-gradient":""}}},"product_brand":[],"product_cat":[223],"product_tag":[442],"class_list":{"0":"post-89018","1":"product","2":"type-product","3":"status-publish","4":"has-post-thumbnail","6":"product_cat-alternative-de-stejar-produse-oenologice","7":"product_tag-stejar-american","8":"pa_ecologico-autorizat-eu","9":"pa_ecologico-autorizat-nop-usda","10":"pa_estilo-de-vino-alb","11":"pa_estilo-de-vino-butoi","12":"pa_estilo-de-vino-rosu","13":"pa_estilo-de-vino-roz","14":"pa_objetivo-fin","15":"pa_vegano-vegetarian","16":"desktop-align-left","17":"tablet-align-left","18":"mobile-align-left","20":"first","21":"instock","22":"featured","23":"shipping-taxable","24":"product-type-simple"},"acf":[],"_links":{"self":[{"href":"https:\/\/agrovin.com\/ro\/wp-json\/wp\/v2\/product\/89018","targetHints":{"allow":["GET"]}}],"collection":[{"href":"https:\/\/agrovin.com\/ro\/wp-json\/wp\/v2\/product"}],"about":[{"href":"https:\/\/agrovin.com\/ro\/wp-json\/wp\/v2\/types\/product"}],"version-history":[{"count":1,"href":"https:\/\/agrovin.com\/ro\/wp-json\/wp\/v2\/product\/89018\/revisions"}],"predecessor-version":[{"id":116226,"href":"https:\/\/agrovin.com\/ro\/wp-json\/wp\/v2\/product\/89018\/revisions\/116226"}],"wp:featuredmedia":[{"embeddable":true,"href":"https:\/\/agrovin.com\/ro\/wp-json\/wp\/v2\/media\/67841"}],"wp:attachment":[{"href":"https:\/\/agrovin.com\/ro\/wp-json\/wp\/v2\/media?parent=89018"}],"wp:term":[{"taxonomy":"product_brand","embeddable":true,"href":"https:\/\/agrovin.com\/ro\/wp-json\/wp\/v2\/product_brand?post=89018"},{"taxonomy":"product_cat","embeddable":true,"href":"https:\/\/agrovin.com\/ro\/wp-json\/wp\/v2\/product_cat?post=89018"},{"taxonomy":"product_tag","embeddable":true,"href":"https:\/\/agrovin.com\/ro\/wp-json\/wp\/v2\/product_tag?post=89018"}],"curies":[{"name":"wp","href":"https:\/\/api.w.org\/{rel}","templated":true}]}}