{"id":89008,"date":"2018-09-12T11:43:29","date_gmt":"2022-11-04T14:13:49","guid":{"rendered":"https:\/\/staging.agrovin.com\/fara-categorie\/beco-protect-fs\/"},"modified":"2024-08-23T16:25:12","modified_gmt":"2024-08-23T15:25:12","slug":"beco-protect-fs-2","status":"publish","type":"product","link":"https:\/\/agrovin.com\/ro\/produse-oenologice\/produse-filtrare\/beco-protect-fs-2\/","title":{"rendered":"BECO PROTECT FS"},"content":{"rendered":"<h3>CARACTERISTICI<\/h3>\n<p>Cartu\u0219ele de filtrare de ad\u00e2ncime BECO PROTECT FS cu straturi de polipropilen\u0103 de \u00eenalt\u0103 calitate, special plisate. Un cartu\u0219 de suport interior \u0219i exterior din polipropilen\u0103 asigur\u0103 o stabilitate mecanic\u0103 maxim\u0103. Toate materialele utilizate garanteaz\u0103 o filtrare neutr\u0103 din punct de vedere al produsului, f\u0103r\u0103 adsorb\u021bie sau migrare de particule.<\/p>\n","protected":false},"excerpt":{"rendered":"<h5>CARACTERISTICI:<\/h5>\n<p>Cartu\u0219ele de filtrare de ad\u00e2ncime <strong>BECO PROTECT FS FineStream<\/strong> sunt cartu\u0219e de filtrare de ad\u00e2ncime inovatoare, cu un design unic care m\u0103re\u0219te suprafa\u021ba de filtrare. O alt\u0103 caracteristic\u0103 unic\u0103 este debitul variabil al cartu\u0219elor de filtrare de ad\u00e2ncime BECO PROTECT FS. Debitul poate fi dinspre exterior spre interior sau, \u00een cazul \u00een care partea de intrare \u0219i de ie\u0219ire a carcasei este schimbat\u0103, din interior spre exterior. Efectul de filtrare este p\u0103strat. Cartu\u0219ele filtrante de ad\u00e2ncime BECO PROTECT FS sunt utilizate \u00een industria b\u0103uturilor.<\/p>\n<p>&nbsp;<\/p>\n<p><a href=\"https:\/\/agrovin.com\/agrv\/pdf\/filtracion\/cartuchos\/BECOPROTECT_FS.pdf\" target=\"_blank\" rel=\"noopener\"><strong>Specifica\u021bii tehnice<\/strong><\/a><\/p>\n","protected":false},"featured_media":23459,"template":"","meta":{"_acf_changed":false,"inline_featured_image":false,"site-sidebar-layout":"default","site-content-layout":"default","ast-site-content-layout":"default","site-content-style":"default","site-sidebar-style":"default","ast-global-header-display":"","ast-banner-title-visibility":"","ast-main-header-display":"","ast-hfb-above-header-display":"","ast-hfb-below-header-display":"","ast-hfb-mobile-header-display":"","site-post-title":"","ast-breadcrumbs-content":"","ast-featured-img":"","footer-sml-layout":"","ast-disable-related-posts":"","theme-transparent-header-meta":"default","adv-header-id-meta":"","stick-header-meta":"","header-above-stick-meta":"","header-main-stick-meta":"","header-below-stick-meta":"","astra-migrate-meta-layouts":"default","ast-page-background-enabled":"default","ast-page-background-meta":{"desktop":{"background-color":"var(--ast-global-color-5)","background-image":"","background-repeat":"repeat","background-position":"center center","background-size":"auto","background-attachment":"scroll","background-type":"","background-media":"","overlay-type":"","overlay-color":"","overlay-opacity":"","overlay-gradient":""},"tablet":{"background-color":"","background-image":"","background-repeat":"repeat","background-position":"center center","background-size":"auto","background-attachment":"scroll","background-type":"","background-media":"","overlay-type":"","overlay-color":"","overlay-opacity":"","overlay-gradient":""},"mobile":{"background-color":"","background-image":"","background-repeat":"repeat","background-position":"center center","background-size":"auto","background-attachment":"scroll","background-type":"","background-media":"","overlay-type":"","overlay-color":"","overlay-opacity":"","overlay-gradient":""}},"ast-content-background-meta":{"desktop":{"background-color":"var(--ast-global-color-4)","background-image":"","background-repeat":"repeat","background-position":"center center","background-size":"auto","background-attachment":"scroll","background-type":"","background-media":"","overlay-type":"","overlay-color":"","overlay-opacity":"","overlay-gradient":""},"tablet":{"background-color":"var(--ast-global-color-4)","background-image":"","background-repeat":"repeat","background-position":"center center","background-size":"auto","background-attachment":"scroll","background-type":"","background-media":"","overlay-type":"","overlay-color":"","overlay-opacity":"","overlay-gradient":""},"mobile":{"background-color":"var(--ast-global-color-4)","background-image":"","background-repeat":"repeat","background-position":"center center","background-size":"auto","background-attachment":"scroll","background-type":"","background-media":"","overlay-type":"","overlay-color":"","overlay-opacity":"","overlay-gradient":""}}},"product_brand":[],"product_cat":[360],"product_tag":[],"class_list":{"0":"post-89008","1":"product","2":"type-product","3":"status-publish","4":"has-post-thumbnail","6":"product_cat-produse-filtrare","7":"desktop-align-left","8":"tablet-align-left","9":"mobile-align-left","11":"first","12":"instock","13":"virtual","14":"product-type-simple"},"acf":[],"_links":{"self":[{"href":"https:\/\/agrovin.com\/ro\/wp-json\/wp\/v2\/product\/89008","targetHints":{"allow":["GET"]}}],"collection":[{"href":"https:\/\/agrovin.com\/ro\/wp-json\/wp\/v2\/product"}],"about":[{"href":"https:\/\/agrovin.com\/ro\/wp-json\/wp\/v2\/types\/product"}],"version-history":[{"count":1,"href":"https:\/\/agrovin.com\/ro\/wp-json\/wp\/v2\/product\/89008\/revisions"}],"predecessor-version":[{"id":116238,"href":"https:\/\/agrovin.com\/ro\/wp-json\/wp\/v2\/product\/89008\/revisions\/116238"}],"wp:featuredmedia":[{"embeddable":true,"href":"https:\/\/agrovin.com\/ro\/wp-json\/wp\/v2\/media\/23459"}],"wp:attachment":[{"href":"https:\/\/agrovin.com\/ro\/wp-json\/wp\/v2\/media?parent=89008"}],"wp:term":[{"taxonomy":"product_brand","embeddable":true,"href":"https:\/\/agrovin.com\/ro\/wp-json\/wp\/v2\/product_brand?post=89008"},{"taxonomy":"product_cat","embeddable":true,"href":"https:\/\/agrovin.com\/ro\/wp-json\/wp\/v2\/product_cat?post=89008"},{"taxonomy":"product_tag","embeddable":true,"href":"https:\/\/agrovin.com\/ro\/wp-json\/wp\/v2\/product_tag?post=89008"}],"curies":[{"name":"wp","href":"https:\/\/api.w.org\/{rel}","templated":true}]}}