{"id":89003,"date":"2018-07-10T14:04:17","date_gmt":"2022-11-04T14:13:01","guid":{"rendered":"https:\/\/staging.agrovin.com\/fara-categorie\/proveget-flot\/"},"modified":"2022-11-05T10:13:59","modified_gmt":"2022-11-05T09:13:59","slug":"proveget-flot","status":"publish","type":"product","link":"https:\/\/agrovin.com\/ro\/produse-oenologice\/flotatie-produse-oenologice\/proveget-flot\/","title":{"rendered":"PROVEGET FLOT"},"content":{"rendered":"<h3>CARACTERISTICI<\/h3>\n<p>Proveget FLOT \u00eembun\u0103t\u0103\u021be\u0219te consisten\u021ba \u0219i viteza de formare a flocurilor prin combinarea caracteristicilor electrostatice ale proteinelor vegetale cu cele ale chitinei-glucanului, o polizaharid\u0103 cu o \u00eenc\u0103rc\u0103tur\u0103 ridicat\u0103. Ca urmare, se accelereaz\u0103 eliminarea particulelor din must, inclusiv a elementelor poten\u021bial oxidabile. Prin \u00eembun\u0103t\u0103\u021birea compact\u0103rii flocului, performan\u021ba este \u00eembun\u0103t\u0103\u021bit\u0103 semnificativ.<\/p>\n<p>Proveget FLOT este un produs natural, de origine non-animal\u0103, ob\u021binut din materii prime f\u0103r\u0103 organisme modificate genetic (Non GMO).<\/p>\n<h3>APLICA\u021aIE<\/h3>\n<p>Clarificarea dinamic\u0103 a mustului prin flotare.<\/p>\n<p>Musturi albe, ros\u00e9 \u0219i ro\u0219ii provenite din termovinificare.<\/p>\n<h3>DOZAJ<\/h3>\n<div class=\"page\" title=\"Pagina 2\">\n<div class=\"layoutArea\">\n<div class=\"column\">\n<div class=\"page\" title=\"Pagina 2\">\n<div class=\"layoutArea\">\n<div class=\"column\">\n<p>Flotarea mustului: 50-200 ml\/hl<\/p>\n<p>Must: 200-500 ml\/hl<\/p>\n<p>Vin: 100-300 ml\/hl<\/p>\n<\/div>\n<\/div>\n<\/div>\n<\/div>\n<\/div>\n<\/div>\n","protected":false},"excerpt":{"rendered":"<p>Proveget FLOT este solu\u021bia ideal\u0103 pentru o clarificare rapid\u0103 \u0219i de \u00eenalt\u0103 performan\u021b\u0103. Este o alternativ\u0103 la utilizarea adjuvan\u021bilor de origine animal\u0103 \u0219i chiar \u00eembun\u0103t\u0103\u021be\u0219te caracteristicile acestor adjuvan\u021bi prin eliminarea mai eficient\u0103 a substan\u021belor poten\u021bial oxidabile.<\/p>\n","protected":false},"featured_media":122249,"template":"","meta":{"_acf_changed":false,"inline_featured_image":false,"site-sidebar-layout":"default","site-content-layout":"default","ast-site-content-layout":"default","site-content-style":"default","site-sidebar-style":"default","ast-global-header-display":"","ast-banner-title-visibility":"","ast-main-header-display":"","ast-hfb-above-header-display":"","ast-hfb-below-header-display":"","ast-hfb-mobile-header-display":"","site-post-title":"","ast-breadcrumbs-content":"","ast-featured-img":"","footer-sml-layout":"","ast-disable-related-posts":"","theme-transparent-header-meta":"default","adv-header-id-meta":"","stick-header-meta":"","header-above-stick-meta":"","header-main-stick-meta":"","header-below-stick-meta":"","astra-migrate-meta-layouts":"default","ast-page-background-enabled":"default","ast-page-background-meta":{"desktop":{"background-color":"var(--ast-global-color-5)","background-image":"","background-repeat":"repeat","background-position":"center center","background-size":"auto","background-attachment":"scroll","background-type":"","background-media":"","overlay-type":"","overlay-color":"","overlay-opacity":"","overlay-gradient":""},"tablet":{"background-color":"","background-image":"","background-repeat":"repeat","background-position":"center center","background-size":"auto","background-attachment":"scroll","background-type":"","background-media":"","overlay-type":"","overlay-color":"","overlay-opacity":"","overlay-gradient":""},"mobile":{"background-color":"","background-image":"","background-repeat":"repeat","background-position":"center center","background-size":"auto","background-attachment":"scroll","background-type":"","background-media":"","overlay-type":"","overlay-color":"","overlay-opacity":"","overlay-gradient":""}},"ast-content-background-meta":{"desktop":{"background-color":"var(--ast-global-color-4)","background-image":"","background-repeat":"repeat","background-position":"center center","background-size":"auto","background-attachment":"scroll","background-type":"","background-media":"","overlay-type":"","overlay-color":"","overlay-opacity":"","overlay-gradient":""},"tablet":{"background-color":"var(--ast-global-color-4)","background-image":"","background-repeat":"repeat","background-position":"center center","background-size":"auto","background-attachment":"scroll","background-type":"","background-media":"","overlay-type":"","overlay-color":"","overlay-opacity":"","overlay-gradient":""},"mobile":{"background-color":"var(--ast-global-color-4)","background-image":"","background-repeat":"repeat","background-position":"center center","background-size":"auto","background-attachment":"scroll","background-type":"","background-media":"","overlay-type":"","overlay-color":"","overlay-opacity":"","overlay-gradient":""}}},"product_brand":[],"product_cat":[687,168],"product_tag":[501],"class_list":{"0":"post-89003","1":"product","2":"type-product","3":"status-publish","4":"has-post-thumbnail","6":"product_cat-flotatie-produse-oenologice","7":"product_cat-clarificanti","8":"product_tag-must-ro","9":"pa_aplicacion-struguri-si-must","10":"pa_estilo-de-vino-alb","11":"pa_estilo-de-vino-rosu","12":"pa_estilo-de-vino-roz","13":"pa_origen-formulare","14":"pa_vegano-vegetarian","15":"desktop-align-left","16":"tablet-align-left","17":"mobile-align-left","19":"first","20":"instock","21":"virtual","22":"product-type-simple"},"acf":[],"_links":{"self":[{"href":"https:\/\/agrovin.com\/ro\/wp-json\/wp\/v2\/product\/89003","targetHints":{"allow":["GET"]}}],"collection":[{"href":"https:\/\/agrovin.com\/ro\/wp-json\/wp\/v2\/product"}],"about":[{"href":"https:\/\/agrovin.com\/ro\/wp-json\/wp\/v2\/types\/product"}],"version-history":[{"count":0,"href":"https:\/\/agrovin.com\/ro\/wp-json\/wp\/v2\/product\/89003\/revisions"}],"wp:featuredmedia":[{"embeddable":true,"href":"https:\/\/agrovin.com\/ro\/wp-json\/wp\/v2\/media\/122249"}],"wp:attachment":[{"href":"https:\/\/agrovin.com\/ro\/wp-json\/wp\/v2\/media?parent=89003"}],"wp:term":[{"taxonomy":"product_brand","embeddable":true,"href":"https:\/\/agrovin.com\/ro\/wp-json\/wp\/v2\/product_brand?post=89003"},{"taxonomy":"product_cat","embeddable":true,"href":"https:\/\/agrovin.com\/ro\/wp-json\/wp\/v2\/product_cat?post=89003"},{"taxonomy":"product_tag","embeddable":true,"href":"https:\/\/agrovin.com\/ro\/wp-json\/wp\/v2\/product_tag?post=89003"}],"curies":[{"name":"wp","href":"https:\/\/api.w.org\/{rel}","templated":true}]}}