{"id":88993,"date":"2018-08-06T11:08:15","date_gmt":"2022-11-04T14:12:46","guid":{"rendered":"https:\/\/staging.agrovin.com\/fara-categorie\/actimax-varietal\/"},"modified":"2023-03-13T12:14:16","modified_gmt":"2023-03-13T11:14:16","slug":"actimax-varietal","status":"publish","type":"product","link":"https:\/\/agrovin.com\/ro\/produse-oenologice\/nutrienti\/actimax-varietal\/","title":{"rendered":"ACTIMAX VARIETAL"},"content":{"rendered":"<h3>CARACTERISTICI<\/h3>\n<ul>\n<li>Eliberarea de precursori de soiuri prin aportul s\u0103u concentrat de azot organic. Asigur\u0103 con\u021binutul de AGN, evit\u00e2nd utilizarea s\u0103rurilor de amoniu. Furnizeaz\u0103 aminoacizi pentru generarea de proteine de transport \u0219i enzime.<\/li>\n<li>Efect antioxidant, prevenind oxidarea \u0219i protej\u00e2nd frac\u021bia aromatic\u0103 liber\u0103.<\/li>\n<li>Sechestrant de metale, previne oxidarea direct\u0103 \u0219i \u00eent\u00e2rzie evolu\u021bia aromatic\u0103 \u0219i fenolic\u0103.<\/li>\n<\/ul>\n<p>Nutrient organic echilibrat pentru fermenta\u021bia alcoolic\u0103. Potrivit pentru a exprima poten\u021bialul varietal al strugurilor albi \u0219i ro\u0219ii \u0219i pentru a le proteja evolu\u021bia \u00een timp. Este o surs\u0103 bogat\u0103 de aminoacizi.<\/p>\n<p>Azotul organic, format din aminoacizi, este deficitar \u00een majoritatea proceselor de fermentare alcoolic\u0103. Acest nutrient asigur\u0103 un aport echilibrat de aminoacizi \u0219i vitamine \u00een faza ini\u021bial\u0103 de fermentare, reduc\u00e2nd apari\u021bia problemelor \u00een faza final\u0103 a ferment\u0103rii. Disponibilitatea aminoacizilor optimizeaz\u0103 calitatea organoleptic\u0103 a vinurilor \u0219i permite geneza enzimelor responsabile de eliberarea precursorilor aromatici. \u00cen plus, limiteaz\u0103 produc\u021bia de hidrogen sulfurat \u0219i, astfel, previne producerea de defecte de reducere. Corectarea AFN cu acest preparat nu prezint\u0103 niciun risc de cre\u0219tere a temperaturii sau de devia\u021bii senzoriale.<\/p>\n<p>Capacitate antioxidant\u0103 natural\u0103 ridicat\u0103, datorit\u0103 efectului dublu asigurat de con\u021binutul ridicat de glutation redus \u0219i de capacitatea de sechestrare a metalelor. Ca urmare, aromele eliberate sunt protejate, iar evolu\u021bia lor este \u00eent\u00e2rziat\u0103 \u00een timp.<\/p>\n<p>Acest nutrient pentru fermenta\u021bia alcoolic\u0103 este rezultatul cercet\u0103rilor efectuate \u00een cadrul proiectului NUTRIAROMA Nutri\u021bia cu azot \u0219i influen\u021ba sa asupra eliber\u0103rii de arome varietale tiolice de c\u0103tre drojdii, care a beneficiat de sprijin financiar din partea Uniunii Europene prin fonduri FEDER \u0219i a CDTI (Ministerul Industriei) (cofinan\u021bare UE 85%). Proiectul \u00ee\u0219i propune s\u0103 ob\u021bin\u0103 o viziune mai ampl\u0103 asupra modului \u00een care nutri\u021bia cu azot poate afecta eliberarea aromelor de soiuri prin intermediul activit\u0103\u021bii enzimatice a drojdiilor responsabile de dezv\u0103luirea precursorilor aromatici \u00een vin \u00een timpul fermenta\u021biei.<\/p>\n<h3>APLICA\u021aIE<\/h3>\n<p>Se utilizeaz\u0103 \u00eenainte de \u00eenceperea fermenta\u021biei alcoolice, \u00eenainte sau \u00een timpul aplic\u0103rii tulpinii de drojdie. Aplicarea acestui nutrient stimuleaz\u0103 popula\u021biile de drojdie \u00een orice proces de fabricare a berii, sporindu-le abilit\u0103\u021bile calitative. Se recomand\u0103 \u00een mod special:<\/p>\n<ul>\n<li>Pentru \u00eembun\u0103t\u0103\u021birea caracterului varietal \u00een vinurile albe \u0219i ro\u0219ii.<\/li>\n<li>Pentru a exprima caracteristicile aromatice ale soiurilor cu un profil tiolic (Sauvignon Blanc, Verdejo) sau terpenic (Moscatel, Chardonnay, Albari\u00f1o).<\/li>\n<li>Pentru a marca caracteristicile fructelor ro\u0219ii sau negre din soiurile ro\u0219ii (Tempranillo, Garnacha, Monastrell, Merlot, Cabernet Sauvignon).<\/li>\n<li>\u00cen musturile provenite din struguri cu deficit de azot asimilabil, cu un con\u021binut probabil ridicat de alcool \u0219i din struguri supramatura\u021bi.<\/li>\n<li>\u00cen musturile destinate produc\u021biei de vinuri albe \u0219i roze la temperaturi sc\u0103zute.<\/li>\n<li>\u00cen musturi de struguri albi foarte bine clarificate.<\/li>\n<li>Datorit\u0103 efectului s\u0103u protector \u00eempotriva oxid\u0103rii, este recomandat \u00een produc\u021bia de vinuri albe \u0219i ro\u0219ii pentru \u00eenvechire, unde se dore\u0219te protejarea caracterului varietal, \u00eent\u00e2rziind evolu\u021bia frac\u021biunii aromatice \u0219i a culorii.<\/li>\n<\/ul>\n<h3>DOZAJ<\/h3>\n<div class=\"page\" title=\"Pagina 2\">\n<div class=\"layoutArea\">\n<div class=\"column\">\n<p>Must \/ strugure: <span style=\"font-size: 16px;\">20-40 g\/hl<\/span><\/p>\n<\/div>\n<\/div>\n<\/div>\n<p>&nbsp;<\/p>\n","protected":false},"excerpt":{"rendered":"<p>Activator organic pentru fermenta\u021bia alcoolic\u0103. Expresie varietal\u0103 maxim\u0103. Eliberarea \u0219i protec\u021bia precursorilor aromatici.<\/p>\n","protected":false},"featured_media":42581,"template":"","meta":{"_acf_changed":false,"inline_featured_image":false,"site-sidebar-layout":"default","site-content-layout":"default","ast-site-content-layout":"default","site-content-style":"default","site-sidebar-style":"default","ast-global-header-display":"","ast-banner-title-visibility":"","ast-main-header-display":"","ast-hfb-above-header-display":"","ast-hfb-below-header-display":"","ast-hfb-mobile-header-display":"","site-post-title":"","ast-breadcrumbs-content":"","ast-featured-img":"","footer-sml-layout":"","ast-disable-related-posts":"","theme-transparent-header-meta":"default","adv-header-id-meta":"","stick-header-meta":"","header-above-stick-meta":"","header-main-stick-meta":"","header-below-stick-meta":"","astra-migrate-meta-layouts":"default","ast-page-background-enabled":"default","ast-page-background-meta":{"desktop":{"background-color":"var(--ast-global-color-5)","background-image":"","background-repeat":"repeat","background-position":"center center","background-size":"auto","background-attachment":"scroll","background-type":"","background-media":"","overlay-type":"","overlay-color":"","overlay-opacity":"","overlay-gradient":""},"tablet":{"background-color":"","background-image":"","background-repeat":"repeat","background-position":"center center","background-size":"auto","background-attachment":"scroll","background-type":"","background-media":"","overlay-type":"","overlay-color":"","overlay-opacity":"","overlay-gradient":""},"mobile":{"background-color":"","background-image":"","background-repeat":"repeat","background-position":"center center","background-size":"auto","background-attachment":"scroll","background-type":"","background-media":"","overlay-type":"","overlay-color":"","overlay-opacity":"","overlay-gradient":""}},"ast-content-background-meta":{"desktop":{"background-color":"var(--ast-global-color-4)","background-image":"","background-repeat":"repeat","background-position":"center center","background-size":"auto","background-attachment":"scroll","background-type":"","background-media":"","overlay-type":"","overlay-color":"","overlay-opacity":"","overlay-gradient":""},"tablet":{"background-color":"var(--ast-global-color-4)","background-image":"","background-repeat":"repeat","background-position":"center center","background-size":"auto","background-attachment":"scroll","background-type":"","background-media":"","overlay-type":"","overlay-color":"","overlay-opacity":"","overlay-gradient":""},"mobile":{"background-color":"var(--ast-global-color-4)","background-image":"","background-repeat":"repeat","background-position":"center center","background-size":"auto","background-attachment":"scroll","background-type":"","background-media":"","overlay-type":"","overlay-color":"","overlay-opacity":"","overlay-gradient":""}}},"product_brand":[],"product_cat":[213],"product_tag":[294],"class_list":{"0":"post-88993","1":"product","2":"type-product","3":"status-publish","4":"has-post-thumbnail","6":"product_cat-nutrienti","7":"product_tag-nutrienti-organic","8":"pa_aplicacion-fa-fml-ru","9":"pa_composicion-organic-ro","10":"pa_estilo-de-vino-alb","11":"pa_estilo-de-vino-butoi","12":"pa_estilo-de-vino-rosu","13":"pa_estilo-de-vino-roz","14":"pa_estilo-de-vino-sclipitor","15":"pa_vegano-vegetarian","16":"desktop-align-left","17":"tablet-align-left","18":"mobile-align-left","20":"first","21":"instock","22":"virtual","23":"product-type-simple"},"acf":[],"_links":{"self":[{"href":"https:\/\/agrovin.com\/ro\/wp-json\/wp\/v2\/product\/88993","targetHints":{"allow":["GET"]}}],"collection":[{"href":"https:\/\/agrovin.com\/ro\/wp-json\/wp\/v2\/product"}],"about":[{"href":"https:\/\/agrovin.com\/ro\/wp-json\/wp\/v2\/types\/product"}],"version-history":[{"count":0,"href":"https:\/\/agrovin.com\/ro\/wp-json\/wp\/v2\/product\/88993\/revisions"}],"wp:featuredmedia":[{"embeddable":true,"href":"https:\/\/agrovin.com\/ro\/wp-json\/wp\/v2\/media\/42581"}],"wp:attachment":[{"href":"https:\/\/agrovin.com\/ro\/wp-json\/wp\/v2\/media?parent=88993"}],"wp:term":[{"taxonomy":"product_brand","embeddable":true,"href":"https:\/\/agrovin.com\/ro\/wp-json\/wp\/v2\/product_brand?post=88993"},{"taxonomy":"product_cat","embeddable":true,"href":"https:\/\/agrovin.com\/ro\/wp-json\/wp\/v2\/product_cat?post=88993"},{"taxonomy":"product_tag","embeddable":true,"href":"https:\/\/agrovin.com\/ro\/wp-json\/wp\/v2\/product_tag?post=88993"}],"curies":[{"name":"wp","href":"https:\/\/api.w.org\/{rel}","templated":true}]}}