{"id":88978,"date":"2018-07-09T09:27:33","date_gmt":"2022-11-04T14:12:18","guid":{"rendered":"https:\/\/staging.agrovin.com\/fara-categorie\/enovin-fl\/"},"modified":"2022-11-05T15:09:27","modified_gmt":"2022-11-05T14:09:27","slug":"enovin-fl","status":"publish","type":"product","link":"https:\/\/agrovin.com\/ro\/produse-oenologice\/flotatie-produse-oenologice\/enovin-fl\/","title":{"rendered":"ENOVIN FL"},"content":{"rendered":"<h3>CARACTERISTICI<\/h3>\n<p>Aceasta faciliteaz\u0103 degradarea rapid\u0103 a pectinei \u0219i ridicarea la suprafa\u021b\u0103 a particulelor solide, permi\u021b\u00e2nd cur\u0103\u021barea rapid\u0103 a mustului.<\/p>\n<p>Favorizeaz\u0103 ac\u021biunea complementar\u0103 a agen\u021bilor de clarificare (gelatin\u0103, sol de silice, bentonit\u0103).<\/p>\n<p>Garanteaz\u0103 formarea unei spume compacte \u0219i dense pe flotor \u0219i separarea perfect\u0103 a mustului.<\/p>\n<h3>APLICA\u021aIE<\/h3>\n<ul>\n<li>Flotare dinamic\u0103 de despr\u0103fuire. Datorit\u0103 particularit\u0103\u021bii intrinseci a sistemului de decantare prin flota\u021bie, mecanismul de ac\u021biune al enzimelor este diferit fa\u021b\u0103 de alte procese oenologice: degradarea pectinei trebuie s\u0103 aib\u0103 loc foarte rapid (&lt;4 ore) \u0219i trebuie s\u0103 r\u0103m\u00e2n\u0103 sub form\u0103 de flocoane mici pentru a putea urca la suprafa\u021b\u0103. Activit\u0103\u021bile de t\u0103iere din acest preparat faciliteaz\u0103 acest proces.<\/li>\n<li>Poate fi utilizat \u0219i pentru alte procese dinamice de drenaj: centrifugare.<\/li>\n<\/ul>\n<h3>DOZAJ<\/h3>\n<div class=\"page\" title=\"Pagina 1\">\n<div class=\"section\">\n<div class=\"layoutArea\">\n<div class=\"column\">\n<p>Decantare: &gt; 2 g\/ hl<\/p>\n<p>Flotare: &gt; 2 g\/ hl<\/p>\n<p>Centrifugare: &gt; 2 g\/ hl<\/p>\n<\/div>\n<div class=\"column\">\n<p>&nbsp;<\/p>\n<\/div>\n<\/div>\n<\/div>\n<\/div>\n","protected":false},"excerpt":{"rendered":"<p>Enovin FL este un preparat enzimatic lichid special pentru procesele dinamice de despr\u0103fuire \u0219i \u00een special pentru flota\u021bie.<\/p>\n","protected":false},"featured_media":43921,"template":"","meta":{"_acf_changed":false,"inline_featured_image":false,"site-sidebar-layout":"default","site-content-layout":"default","ast-site-content-layout":"default","site-content-style":"default","site-sidebar-style":"default","ast-global-header-display":"","ast-banner-title-visibility":"","ast-main-header-display":"","ast-hfb-above-header-display":"","ast-hfb-below-header-display":"","ast-hfb-mobile-header-display":"","site-post-title":"","ast-breadcrumbs-content":"","ast-featured-img":"","footer-sml-layout":"","ast-disable-related-posts":"","theme-transparent-header-meta":"default","adv-header-id-meta":"","stick-header-meta":"","header-above-stick-meta":"","header-main-stick-meta":"","header-below-stick-meta":"","astra-migrate-meta-layouts":"default","ast-page-background-enabled":"default","ast-page-background-meta":{"desktop":{"background-color":"var(--ast-global-color-5)","background-image":"","background-repeat":"repeat","background-position":"center center","background-size":"auto","background-attachment":"scroll","background-type":"","background-media":"","overlay-type":"","overlay-color":"","overlay-opacity":"","overlay-gradient":""},"tablet":{"background-color":"","background-image":"","background-repeat":"repeat","background-position":"center center","background-size":"auto","background-attachment":"scroll","background-type":"","background-media":"","overlay-type":"","overlay-color":"","overlay-opacity":"","overlay-gradient":""},"mobile":{"background-color":"","background-image":"","background-repeat":"repeat","background-position":"center center","background-size":"auto","background-attachment":"scroll","background-type":"","background-media":"","overlay-type":"","overlay-color":"","overlay-opacity":"","overlay-gradient":""}},"ast-content-background-meta":{"desktop":{"background-color":"var(--ast-global-color-4)","background-image":"","background-repeat":"repeat","background-position":"center center","background-size":"auto","background-attachment":"scroll","background-type":"","background-media":"","overlay-type":"","overlay-color":"","overlay-opacity":"","overlay-gradient":""},"tablet":{"background-color":"var(--ast-global-color-4)","background-image":"","background-repeat":"repeat","background-position":"center center","background-size":"auto","background-attachment":"scroll","background-type":"","background-media":"","overlay-type":"","overlay-color":"","overlay-opacity":"","overlay-gradient":""},"mobile":{"background-color":"var(--ast-global-color-4)","background-image":"","background-repeat":"repeat","background-position":"center center","background-size":"auto","background-attachment":"scroll","background-type":"","background-media":"","overlay-type":"","overlay-color":"","overlay-opacity":"","overlay-gradient":""}}},"product_brand":[],"product_cat":[687,178],"product_tag":[572],"class_list":{"0":"post-88978","1":"product","2":"type-product","3":"status-publish","4":"has-post-thumbnail","6":"product_cat-flotatie-produse-oenologice","7":"product_cat-enzime-produse-oenologice","8":"product_tag-curatare-a-mustului","9":"pa_aplicacion-fa-fml-ru","10":"pa_ecologico-autorizat-eu","11":"pa_ecologico-autorizat-nop-usda","12":"pa_estilo-de-vino-alb","13":"pa_estilo-de-vino-rosu","14":"pa_estilo-de-vino-roz","15":"pa_objetivo-flotatie","16":"pa_vegano-vegetarian","17":"desktop-align-left","18":"tablet-align-left","19":"mobile-align-left","21":"first","22":"instock","23":"virtual","24":"product-type-simple"},"acf":[],"_links":{"self":[{"href":"https:\/\/agrovin.com\/ro\/wp-json\/wp\/v2\/product\/88978","targetHints":{"allow":["GET"]}}],"collection":[{"href":"https:\/\/agrovin.com\/ro\/wp-json\/wp\/v2\/product"}],"about":[{"href":"https:\/\/agrovin.com\/ro\/wp-json\/wp\/v2\/types\/product"}],"version-history":[{"count":0,"href":"https:\/\/agrovin.com\/ro\/wp-json\/wp\/v2\/product\/88978\/revisions"}],"wp:featuredmedia":[{"embeddable":true,"href":"https:\/\/agrovin.com\/ro\/wp-json\/wp\/v2\/media\/43921"}],"wp:attachment":[{"href":"https:\/\/agrovin.com\/ro\/wp-json\/wp\/v2\/media?parent=88978"}],"wp:term":[{"taxonomy":"product_brand","embeddable":true,"href":"https:\/\/agrovin.com\/ro\/wp-json\/wp\/v2\/product_brand?post=88978"},{"taxonomy":"product_cat","embeddable":true,"href":"https:\/\/agrovin.com\/ro\/wp-json\/wp\/v2\/product_cat?post=88978"},{"taxonomy":"product_tag","embeddable":true,"href":"https:\/\/agrovin.com\/ro\/wp-json\/wp\/v2\/product_tag?post=88978"}],"curies":[{"name":"wp","href":"https:\/\/api.w.org\/{rel}","templated":true}]}}