{"id":88963,"date":"2018-06-01T07:44:24","date_gmt":"2022-11-04T14:11:46","guid":{"rendered":"https:\/\/staging.agrovin.com\/fara-categorie\/acid-ascorbic\/"},"modified":"2025-06-25T10:29:28","modified_gmt":"2025-06-25T08:29:28","slug":"acido-ascorbico","status":"publish","type":"product","link":"https:\/\/agrovin.com\/ro\/produse-oenologice\/antioxidanti-produse-oenologice\/acido-ascorbico\/","title":{"rendered":"ACID ASCORBIC"},"content":{"rendered":"<h3>CARACTERISTICI<\/h3>\n<p>\u00cempiedic\u0103 oxidarea Fe(II) \u00een Fe(III), prevenind astfel falimentul feric, de\u0219i, din cauza limitei legale, este un tratament foarte limitat.<\/p>\n<h3>APLICA\u021aIE<\/h3>\n<p>Antioxidant \u00een musturi \u0219i vinuri.<\/p>\n<h3>DOZAJ<\/h3>\n<ul>\n<li>Must sau vin 5 &#8211; 8 g\/hl<\/li>\n<li>Curativ 15 &#8211; 20 g\/hl<\/li>\n<\/ul>\n<p>Limita maxim\u0103 legal\u0103 \u00een vinuri: 25 g\/hl.<\/p>\n","protected":false},"excerpt":{"rendered":"<p>Acidul ascorbic sau vitamina C este un conservant care, atunci c\u00e2nd este ad\u0103ugat \u00een vin, se oxideaz\u0103 prin consumarea oxigenului dizolvat, protej\u00e2nd astfel vinul, \u00eempiedic\u00e2nd oxidarea compu\u0219ilor aromatici (p\u0103str\u00e2nd aroma \u0219i fructuozitatea) \u0219i a compu\u0219ilor polifenolici.<\/p>\n","protected":false},"featured_media":46502,"template":"","meta":{"_acf_changed":false,"inline_featured_image":false,"site-sidebar-layout":"default","site-content-layout":"default","ast-site-content-layout":"default","site-content-style":"default","site-sidebar-style":"default","ast-global-header-display":"","ast-banner-title-visibility":"","ast-main-header-display":"","ast-hfb-above-header-display":"","ast-hfb-below-header-display":"","ast-hfb-mobile-header-display":"","site-post-title":"","ast-breadcrumbs-content":"","ast-featured-img":"","footer-sml-layout":"","ast-disable-related-posts":"","theme-transparent-header-meta":"default","adv-header-id-meta":"","stick-header-meta":"","header-above-stick-meta":"","header-main-stick-meta":"","header-below-stick-meta":"","astra-migrate-meta-layouts":"set","ast-page-background-enabled":"default","ast-page-background-meta":{"desktop":{"background-color":"var(--ast-global-color-5)","background-image":"","background-repeat":"repeat","background-position":"center center","background-size":"auto","background-attachment":"scroll","background-type":"","background-media":"","overlay-type":"","overlay-color":"","overlay-opacity":"","overlay-gradient":""},"tablet":{"background-color":"","background-image":"","background-repeat":"repeat","background-position":"center center","background-size":"auto","background-attachment":"scroll","background-type":"","background-media":"","overlay-type":"","overlay-color":"","overlay-opacity":"","overlay-gradient":""},"mobile":{"background-color":"","background-image":"","background-repeat":"repeat","background-position":"center center","background-size":"auto","background-attachment":"scroll","background-type":"","background-media":"","overlay-type":"","overlay-color":"","overlay-opacity":"","overlay-gradient":""}},"ast-content-background-meta":{"desktop":{"background-color":"var(--ast-global-color-4)","background-image":"","background-repeat":"repeat","background-position":"center center","background-size":"auto","background-attachment":"scroll","background-type":"","background-media":"","overlay-type":"","overlay-color":"","overlay-opacity":"","overlay-gradient":""},"tablet":{"background-color":"var(--ast-global-color-4)","background-image":"","background-repeat":"repeat","background-position":"center center","background-size":"auto","background-attachment":"scroll","background-type":"","background-media":"","overlay-type":"","overlay-color":"","overlay-opacity":"","overlay-gradient":""},"mobile":{"background-color":"var(--ast-global-color-4)","background-image":"","background-repeat":"repeat","background-position":"center center","background-size":"auto","background-attachment":"scroll","background-type":"","background-media":"","overlay-type":"","overlay-color":"","overlay-opacity":"","overlay-gradient":""}}},"product_brand":[],"product_cat":[163],"product_tag":[521],"class_list":{"0":"post-88963","1":"product","2":"type-product","3":"status-publish","4":"has-post-thumbnail","6":"product_cat-antioxidanti-produse-oenologice","7":"product_tag-vin-ro","8":"pa_ecologico-autorizat-eu","9":"pa_ecologico-autorizat-nop-usda","10":"pa_estilo-de-vino-alb","11":"pa_estilo-de-vino-rosu","12":"pa_estilo-de-vino-roz","13":"pa_objetivo-protectie-antioxidanta","14":"pa_vegano-vegetarian","15":"desktop-align-left","16":"tablet-align-left","17":"mobile-align-left","19":"first","20":"instock","21":"virtual","22":"product-type-simple"},"acf":[],"_links":{"self":[{"href":"https:\/\/agrovin.com\/ro\/wp-json\/wp\/v2\/product\/88963","targetHints":{"allow":["GET"]}}],"collection":[{"href":"https:\/\/agrovin.com\/ro\/wp-json\/wp\/v2\/product"}],"about":[{"href":"https:\/\/agrovin.com\/ro\/wp-json\/wp\/v2\/types\/product"}],"version-history":[{"count":1,"href":"https:\/\/agrovin.com\/ro\/wp-json\/wp\/v2\/product\/88963\/revisions"}],"predecessor-version":[{"id":120327,"href":"https:\/\/agrovin.com\/ro\/wp-json\/wp\/v2\/product\/88963\/revisions\/120327"}],"wp:featuredmedia":[{"embeddable":true,"href":"https:\/\/agrovin.com\/ro\/wp-json\/wp\/v2\/media\/46502"}],"wp:attachment":[{"href":"https:\/\/agrovin.com\/ro\/wp-json\/wp\/v2\/media?parent=88963"}],"wp:term":[{"taxonomy":"product_brand","embeddable":true,"href":"https:\/\/agrovin.com\/ro\/wp-json\/wp\/v2\/product_brand?post=88963"},{"taxonomy":"product_cat","embeddable":true,"href":"https:\/\/agrovin.com\/ro\/wp-json\/wp\/v2\/product_cat?post=88963"},{"taxonomy":"product_tag","embeddable":true,"href":"https:\/\/agrovin.com\/ro\/wp-json\/wp\/v2\/product_tag?post=88963"}],"curies":[{"name":"wp","href":"https:\/\/api.w.org\/{rel}","templated":true}]}}