{"id":88958,"date":"2018-06-01T08:08:49","date_gmt":"2022-11-04T14:11:38","guid":{"rendered":"https:\/\/staging.agrovin.com\/fara-categorie\/bactervin\/"},"modified":"2025-06-27T10:12:38","modified_gmt":"2025-06-27T08:12:38","slug":"bactervin","status":"publish","type":"product","link":"https:\/\/agrovin.com\/ro\/produse-oenologice\/control-microbiologic-ro-produse-oenologice\/bactervin\/","title":{"rendered":"BACTERVIN"},"content":{"rendered":"<h4>CARACTERISTICI<\/h4>\n<p>Acesta permite ob\u021binerea unor vinuri mai pu\u021bin oxidate, protej\u00e2nd culoarea \u0219i aroma, \u0219i cu o aciditate volatil\u0103 mai mic\u0103, datorit\u0103 efectelor sale ca vin:<\/p>\n<ul>\n<li>Antioxidant: posed\u0103 propriet\u0103\u021bi reduc\u0103toare, captur\u00e2nd oxigenul \u0219i prevenind oxidarea.<\/li>\n<li>Anti-oxidaz\u0103: Distruge oxidazele, prevenind apari\u021bia fisurilor.<\/li>\n<li>Antimicrobian: exercit\u0103 o activitate inhibitoare asupra drojdiilor, bacteriilor lactice \u0219i a bacteriilor acetice. Bactervin furnizeaz\u0103 acid galic vinului, consolid\u00e2ndu-i capacitatea antioxidant\u0103. Randamentul teoretic de SO2 furnizat de Bactervin este de 50%.<\/li>\n<\/ul>\n<h4>APLICA\u021aIE<\/h4>\n<p>Pe vinuri din recolte problematice cu o calitate sanitar\u0103 slab\u0103.<\/p>\n<h4>DOZAJ<\/h4>\n<ul>\n<li>Preventiv 5-10 g\/hl<\/li>\n<li>Curativ 10-15 g\/hl<\/li>\n<li>Doza maxim\u0103 legal\u0103: 30 g\/hl<\/li>\n<\/ul>\n<p>Con\u021binutul total de dioxid de sulf nu poate dep\u0103\u0219i 150 mg\/l pentru vinurile ro\u0219ii \u0219i 200 mg\/l pentru vinurile albe \u0219i ros\u00e9. \u00cen cazul \u00een care cantitatea de zah\u0103r rezidual (exprimat\u0103 ca glucoz\u0103+fructoz\u0103) este de 5 g\/l sau mai mare, valorile admise sunt de 200 mg\/l pentru vinurile ro\u0219ii \u0219i de 250 mg\/l pentru vinurile albe \u0219i ros\u00e9.<\/p>\n","protected":false},"excerpt":{"rendered":"<p>Bactervin este un conservant care ajut\u0103 la prevenirea dezvolt\u0103rii microorganismelor \u00een vinurile cu o calitate sanitar\u0103 slab\u0103.<\/p>\n","protected":false},"featured_media":21431,"template":"","meta":{"_acf_changed":false,"inline_featured_image":false,"site-sidebar-layout":"default","site-content-layout":"default","ast-site-content-layout":"default","site-content-style":"default","site-sidebar-style":"default","ast-global-header-display":"","ast-banner-title-visibility":"","ast-main-header-display":"","ast-hfb-above-header-display":"","ast-hfb-below-header-display":"","ast-hfb-mobile-header-display":"","site-post-title":"","ast-breadcrumbs-content":"","ast-featured-img":"","footer-sml-layout":"","ast-disable-related-posts":"","theme-transparent-header-meta":"default","adv-header-id-meta":"","stick-header-meta":"","header-above-stick-meta":"","header-main-stick-meta":"","header-below-stick-meta":"","astra-migrate-meta-layouts":"set","ast-page-background-enabled":"default","ast-page-background-meta":{"desktop":{"background-color":"var(--ast-global-color-5)","background-image":"","background-repeat":"repeat","background-position":"center center","background-size":"auto","background-attachment":"scroll","background-type":"","background-media":"","overlay-type":"","overlay-color":"","overlay-opacity":"","overlay-gradient":""},"tablet":{"background-color":"","background-image":"","background-repeat":"repeat","background-position":"center center","background-size":"auto","background-attachment":"scroll","background-type":"","background-media":"","overlay-type":"","overlay-color":"","overlay-opacity":"","overlay-gradient":""},"mobile":{"background-color":"","background-image":"","background-repeat":"repeat","background-position":"center center","background-size":"auto","background-attachment":"scroll","background-type":"","background-media":"","overlay-type":"","overlay-color":"","overlay-opacity":"","overlay-gradient":""}},"ast-content-background-meta":{"desktop":{"background-color":"var(--ast-global-color-4)","background-image":"","background-repeat":"repeat","background-position":"center center","background-size":"auto","background-attachment":"scroll","background-type":"","background-media":"","overlay-type":"","overlay-color":"","overlay-opacity":"","overlay-gradient":""},"tablet":{"background-color":"var(--ast-global-color-4)","background-image":"","background-repeat":"repeat","background-position":"center center","background-size":"auto","background-attachment":"scroll","background-type":"","background-media":"","overlay-type":"","overlay-color":"","overlay-opacity":"","overlay-gradient":""},"mobile":{"background-color":"var(--ast-global-color-4)","background-image":"","background-repeat":"repeat","background-position":"center center","background-size":"auto","background-attachment":"scroll","background-type":"","background-media":"","overlay-type":"","overlay-color":"","overlay-opacity":"","overlay-gradient":""}}},"product_brand":[],"product_cat":[890,163],"product_tag":[],"class_list":{"0":"post-88958","1":"product","2":"type-product","3":"status-publish","4":"has-post-thumbnail","6":"product_cat-control-microbiologic-ro-produse-oenologice","7":"product_cat-antioxidanti-produse-oenologice","8":"pa_ecologico-autorizat-eu","9":"pa_estilo-de-vino-alb","10":"pa_estilo-de-vino-butoi","11":"pa_estilo-de-vino-rosu","12":"pa_estilo-de-vino-roz","13":"pa_estilo-de-vino-sclipitor","14":"pa_objetivo-protectie-antioxidanta","15":"pa_objetivo-protectie-microbiologica","16":"pa_objetivo-stabilizare","17":"pa_vegano-vegetarian","18":"desktop-align-left","19":"tablet-align-left","20":"mobile-align-left","22":"first","23":"instock","24":"virtual","25":"product-type-simple"},"acf":[],"_links":{"self":[{"href":"https:\/\/agrovin.com\/ro\/wp-json\/wp\/v2\/product\/88958","targetHints":{"allow":["GET"]}}],"collection":[{"href":"https:\/\/agrovin.com\/ro\/wp-json\/wp\/v2\/product"}],"about":[{"href":"https:\/\/agrovin.com\/ro\/wp-json\/wp\/v2\/types\/product"}],"version-history":[{"count":1,"href":"https:\/\/agrovin.com\/ro\/wp-json\/wp\/v2\/product\/88958\/revisions"}],"predecessor-version":[{"id":120471,"href":"https:\/\/agrovin.com\/ro\/wp-json\/wp\/v2\/product\/88958\/revisions\/120471"}],"wp:featuredmedia":[{"embeddable":true,"href":"https:\/\/agrovin.com\/ro\/wp-json\/wp\/v2\/media\/21431"}],"wp:attachment":[{"href":"https:\/\/agrovin.com\/ro\/wp-json\/wp\/v2\/media?parent=88958"}],"wp:term":[{"taxonomy":"product_brand","embeddable":true,"href":"https:\/\/agrovin.com\/ro\/wp-json\/wp\/v2\/product_brand?post=88958"},{"taxonomy":"product_cat","embeddable":true,"href":"https:\/\/agrovin.com\/ro\/wp-json\/wp\/v2\/product_cat?post=88958"},{"taxonomy":"product_tag","embeddable":true,"href":"https:\/\/agrovin.com\/ro\/wp-json\/wp\/v2\/product_tag?post=88958"}],"curies":[{"name":"wp","href":"https:\/\/api.w.org\/{rel}","templated":true}]}}