{"id":88948,"date":"2018-06-01T07:49:41","date_gmt":"2022-11-04T14:11:21","guid":{"rendered":"https:\/\/staging.agrovin.com\/fara-categorie\/redoxvin\/"},"modified":"2022-11-05T13:43:59","modified_gmt":"2022-11-05T12:43:59","slug":"redoxvin","status":"publish","type":"product","link":"https:\/\/agrovin.com\/ro\/produse-oenologice\/antioxidanti-produse-oenologice\/redoxvin\/","title":{"rendered":"REDOXVIN"},"content":{"rendered":"<h3>CARACTERISTICI<\/h3>\n<p>Combina\u021bia dintre acidul ascorbic \u0219i acidul citric reduce rapid oxigenul dizolvat \u00een vin \u0219i previne formarea complexelor pe baz\u0103 de fier, evit\u00e2nd astfel o eventual\u0103 tulburare \u0219i chiar un tratament cu ferocianur\u0103 de potasiu. Prezen\u021ba metabisulfitului de potasiu men\u021bine constante nivelurile de SO2 liber. Redoxvin men\u021bine prospe\u021bimea \u0219i caracterul fructat al vinurilor.<\/p>\n<h3>APLICA\u021aIE<\/h3>\n<p>\u00cen vin, \u00een special \u00een tratarea vinurilor cu con\u021binut alcoolic sc\u0103zut \u0219i aciditate total\u0103 sc\u0103zut\u0103.<\/p>\n<h3>DOZAJ<\/h3>\n<ul>\n<li>Efect antioxidant \u0219i anti-fier 10-15 g\/hl<\/li>\n<li>Stabilizare microbiologic\u0103 20-30 g\/hl<\/li>\n<li>Vinuri albe \u0219i roze 10-30 g\/hl<\/li>\n<li>Vinuri ro\u0219ii 10-20 g\/hl<\/li>\n<li>Doza maxim\u0103 legal\u0103: 75 g\/hl<\/li>\n<\/ul>\n<p>Con\u021binutul total de dioxid de sulf nu poate dep\u0103\u0219i 150 mg\/l pentru vinurile ro\u0219ii \u0219i 200 mg\/l pentru vinurile albe \u0219i ros\u00e9. \u00cen cazul \u00een care cantitatea de zah\u0103r rezidual (exprimat\u0103 ca glucoz\u0103+fructoz\u0103) este de 5 g\/l sau mai mare, valorile admise sunt de 200 mg\/l pentru vinurile ro\u0219ii \u0219i de 250 mg\/l pentru vinurile albe \u0219i ros\u00e9.<br \/>\nNOT\u0102: Doza de Redoxvin va fi determinat\u0103 \u00een cadrul unor teste anterioare \u0219i va depinde de nevoile fiec\u0103rui vin.<\/p>\n","protected":false},"excerpt":{"rendered":"<p>Redoxvin previne oxidarea \u00een vinuri. De asemenea, ajut\u0103 la ob\u021binerea unei mai bune stabilit\u0103\u021bi cromatice \u0219i aromatice. Datorit\u0103 ac\u021biunii acidului citric, acesta men\u021bine fierul \u00een stare redus\u0103 (Fe(II)) \u0219i, prin urmare, este solubil, \u00eempiedic\u00e2nd astfel degradarea fierului.<\/p>\n","protected":false},"featured_media":21437,"template":"","meta":{"_acf_changed":false,"inline_featured_image":false,"site-sidebar-layout":"default","site-content-layout":"default","ast-site-content-layout":"default","site-content-style":"default","site-sidebar-style":"default","ast-global-header-display":"","ast-banner-title-visibility":"","ast-main-header-display":"","ast-hfb-above-header-display":"","ast-hfb-below-header-display":"","ast-hfb-mobile-header-display":"","site-post-title":"","ast-breadcrumbs-content":"","ast-featured-img":"","footer-sml-layout":"","ast-disable-related-posts":"","theme-transparent-header-meta":"default","adv-header-id-meta":"","stick-header-meta":"","header-above-stick-meta":"","header-main-stick-meta":"","header-below-stick-meta":"","astra-migrate-meta-layouts":"default","ast-page-background-enabled":"default","ast-page-background-meta":{"desktop":{"background-color":"var(--ast-global-color-5)","background-image":"","background-repeat":"repeat","background-position":"center center","background-size":"auto","background-attachment":"scroll","background-type":"","background-media":"","overlay-type":"","overlay-color":"","overlay-opacity":"","overlay-gradient":""},"tablet":{"background-color":"","background-image":"","background-repeat":"repeat","background-position":"center center","background-size":"auto","background-attachment":"scroll","background-type":"","background-media":"","overlay-type":"","overlay-color":"","overlay-opacity":"","overlay-gradient":""},"mobile":{"background-color":"","background-image":"","background-repeat":"repeat","background-position":"center center","background-size":"auto","background-attachment":"scroll","background-type":"","background-media":"","overlay-type":"","overlay-color":"","overlay-opacity":"","overlay-gradient":""}},"ast-content-background-meta":{"desktop":{"background-color":"var(--ast-global-color-4)","background-image":"","background-repeat":"repeat","background-position":"center center","background-size":"auto","background-attachment":"scroll","background-type":"","background-media":"","overlay-type":"","overlay-color":"","overlay-opacity":"","overlay-gradient":""},"tablet":{"background-color":"var(--ast-global-color-4)","background-image":"","background-repeat":"repeat","background-position":"center center","background-size":"auto","background-attachment":"scroll","background-type":"","background-media":"","overlay-type":"","overlay-color":"","overlay-opacity":"","overlay-gradient":""},"mobile":{"background-color":"var(--ast-global-color-4)","background-image":"","background-repeat":"repeat","background-position":"center center","background-size":"auto","background-attachment":"scroll","background-type":"","background-media":"","overlay-type":"","overlay-color":"","overlay-opacity":"","overlay-gradient":""}}},"product_brand":[],"product_cat":[163],"product_tag":[521],"class_list":{"0":"post-88948","1":"product","2":"type-product","3":"status-publish","4":"has-post-thumbnail","6":"product_cat-antioxidanti-produse-oenologice","7":"product_tag-vin-ro","8":"pa_ecologico-autorizat-eu","9":"pa_estilo-de-vino-alb","10":"pa_estilo-de-vino-rosu","11":"pa_estilo-de-vino-roz","12":"pa_objetivo-protectie-microbiologica","13":"pa_vegano-vegetarian","14":"desktop-align-left","15":"tablet-align-left","16":"mobile-align-left","18":"first","19":"instock","20":"virtual","21":"product-type-simple"},"acf":[],"_links":{"self":[{"href":"https:\/\/agrovin.com\/ro\/wp-json\/wp\/v2\/product\/88948","targetHints":{"allow":["GET"]}}],"collection":[{"href":"https:\/\/agrovin.com\/ro\/wp-json\/wp\/v2\/product"}],"about":[{"href":"https:\/\/agrovin.com\/ro\/wp-json\/wp\/v2\/types\/product"}],"version-history":[{"count":0,"href":"https:\/\/agrovin.com\/ro\/wp-json\/wp\/v2\/product\/88948\/revisions"}],"wp:featuredmedia":[{"embeddable":true,"href":"https:\/\/agrovin.com\/ro\/wp-json\/wp\/v2\/media\/21437"}],"wp:attachment":[{"href":"https:\/\/agrovin.com\/ro\/wp-json\/wp\/v2\/media?parent=88948"}],"wp:term":[{"taxonomy":"product_brand","embeddable":true,"href":"https:\/\/agrovin.com\/ro\/wp-json\/wp\/v2\/product_brand?post=88948"},{"taxonomy":"product_cat","embeddable":true,"href":"https:\/\/agrovin.com\/ro\/wp-json\/wp\/v2\/product_cat?post=88948"},{"taxonomy":"product_tag","embeddable":true,"href":"https:\/\/agrovin.com\/ro\/wp-json\/wp\/v2\/product_tag?post=88948"}],"curies":[{"name":"wp","href":"https:\/\/api.w.org\/{rel}","templated":true}]}}