{"id":88928,"date":"2018-05-09T09:51:36","date_gmt":"2022-11-04T14:10:49","guid":{"rendered":"https:\/\/staging.agrovin.com\/fara-categorie\/becodisc-r\/"},"modified":"2022-11-04T15:10:49","modified_gmt":"2022-11-04T14:10:49","slug":"becodisc-be-pure-2","status":"publish","type":"product","link":"https:\/\/agrovin.com\/ro\/produse-oenologice\/produse-filtrare\/becodisc-be-pure-2\/","title":{"rendered":"BECODISC R+"},"content":{"rendered":"<h3>CARACTERISTICI<\/h3>\n<p>Modulele de filtrare \u00een profunzime BECODISC R+ se caracterizeaz\u0103 prin puritatea lor ridicat\u0103.<br \/>\nDatorit\u0103 dezvolt\u0103rii constante a produselor noastre, am reu\u0219it s\u0103 le \u00eembun\u0103t\u0103\u021bim semnificativ propriet\u0103\u021bile excelente prin cre\u0219terea stabilit\u0103\u021bii. Acest lucru permite utilizatorului s\u0103 \u00eembun\u0103t\u0103\u021beasc\u0103 \u00een mod considerabil durata de via\u021b\u0103 a filtrului prin sp\u0103lare invers\u0103. Sp\u0103larea invers\u0103 poate fi efectuat\u0103 f\u0103r\u0103 utilizarea de echipamente suplimentare.<br \/>\n\u00cen seria inovatoare de module de filtrare \u00een ad\u00e2ncime BECODISC R+ de la Eaton, celuloza ultrapur\u0103 este \u00eempletit\u0103 pentru a forma o structur\u0103 special\u0103, care nu necesit\u0103 componente anorganice pentru filtrarea microbiologic\u0103.<\/p>\n","protected":false},"excerpt":{"rendered":"<p>Module de filtrare a ad\u00e2ncimii.<\/p>\n","protected":false},"featured_media":14755,"template":"","meta":{"_acf_changed":false,"inline_featured_image":false,"site-sidebar-layout":"default","site-content-layout":"default","ast-site-content-layout":"default","site-content-style":"default","site-sidebar-style":"default","ast-global-header-display":"","ast-banner-title-visibility":"","ast-main-header-display":"","ast-hfb-above-header-display":"","ast-hfb-below-header-display":"","ast-hfb-mobile-header-display":"","site-post-title":"","ast-breadcrumbs-content":"","ast-featured-img":"","footer-sml-layout":"","ast-disable-related-posts":"","theme-transparent-header-meta":"default","adv-header-id-meta":"","stick-header-meta":"","header-above-stick-meta":"","header-main-stick-meta":"","header-below-stick-meta":"","astra-migrate-meta-layouts":"default","ast-page-background-enabled":"default","ast-page-background-meta":{"desktop":{"background-color":"var(--ast-global-color-5)","background-image":"","background-repeat":"repeat","background-position":"center center","background-size":"auto","background-attachment":"scroll","background-type":"","background-media":"","overlay-type":"","overlay-color":"","overlay-opacity":"","overlay-gradient":""},"tablet":{"background-color":"","background-image":"","background-repeat":"repeat","background-position":"center center","background-size":"auto","background-attachment":"scroll","background-type":"","background-media":"","overlay-type":"","overlay-color":"","overlay-opacity":"","overlay-gradient":""},"mobile":{"background-color":"","background-image":"","background-repeat":"repeat","background-position":"center center","background-size":"auto","background-attachment":"scroll","background-type":"","background-media":"","overlay-type":"","overlay-color":"","overlay-opacity":"","overlay-gradient":""}},"ast-content-background-meta":{"desktop":{"background-color":"var(--ast-global-color-4)","background-image":"","background-repeat":"repeat","background-position":"center center","background-size":"auto","background-attachment":"scroll","background-type":"","background-media":"","overlay-type":"","overlay-color":"","overlay-opacity":"","overlay-gradient":""},"tablet":{"background-color":"var(--ast-global-color-4)","background-image":"","background-repeat":"repeat","background-position":"center center","background-size":"auto","background-attachment":"scroll","background-type":"","background-media":"","overlay-type":"","overlay-color":"","overlay-opacity":"","overlay-gradient":""},"mobile":{"background-color":"var(--ast-global-color-4)","background-image":"","background-repeat":"repeat","background-position":"center center","background-size":"auto","background-attachment":"scroll","background-type":"","background-media":"","overlay-type":"","overlay-color":"","overlay-opacity":"","overlay-gradient":""}}},"product_brand":[],"product_cat":[360],"product_tag":[],"class_list":{"0":"post-88928","1":"product","2":"type-product","3":"status-publish","4":"has-post-thumbnail","6":"product_cat-produse-filtrare","7":"desktop-align-left","8":"tablet-align-left","9":"mobile-align-left","11":"first","12":"instock","13":"virtual","14":"product-type-simple"},"acf":[],"_links":{"self":[{"href":"https:\/\/agrovin.com\/ro\/wp-json\/wp\/v2\/product\/88928","targetHints":{"allow":["GET"]}}],"collection":[{"href":"https:\/\/agrovin.com\/ro\/wp-json\/wp\/v2\/product"}],"about":[{"href":"https:\/\/agrovin.com\/ro\/wp-json\/wp\/v2\/types\/product"}],"version-history":[{"count":0,"href":"https:\/\/agrovin.com\/ro\/wp-json\/wp\/v2\/product\/88928\/revisions"}],"wp:featuredmedia":[{"embeddable":true,"href":"https:\/\/agrovin.com\/ro\/wp-json\/wp\/v2\/media\/14755"}],"wp:attachment":[{"href":"https:\/\/agrovin.com\/ro\/wp-json\/wp\/v2\/media?parent=88928"}],"wp:term":[{"taxonomy":"product_brand","embeddable":true,"href":"https:\/\/agrovin.com\/ro\/wp-json\/wp\/v2\/product_brand?post=88928"},{"taxonomy":"product_cat","embeddable":true,"href":"https:\/\/agrovin.com\/ro\/wp-json\/wp\/v2\/product_cat?post=88928"},{"taxonomy":"product_tag","embeddable":true,"href":"https:\/\/agrovin.com\/ro\/wp-json\/wp\/v2\/product_tag?post=88928"}],"curies":[{"name":"wp","href":"https:\/\/api.w.org\/{rel}","templated":true}]}}