{"id":88923,"date":"2018-03-06T15:18:18","date_gmt":"2022-11-04T14:10:42","guid":{"rendered":"https:\/\/staging.agrovin.com\/fara-categorie\/carbonat-de-calciu\/"},"modified":"2022-11-05T13:19:41","modified_gmt":"2022-11-05T12:19:41","slug":"carbonato-calcico","status":"publish","type":"product","link":"https:\/\/agrovin.com\/ro\/produse-oenologice\/acidifiant-dezacidifiant-produse-oenologice\/carbonato-calcico\/","title":{"rendered":"CARBONATO C\u00c1LCICO"},"content":{"rendered":"<h3>CARACTERISTICI<\/h3>\n<p>\u00cen reac\u021bie cu mustul, se hidrolizeaz\u0103 \u00een acid carbonic, care se descompune \u00een dioxid de carbon \u0219i ap\u0103, pe de o parte, \u0219i ioni de calciu, pe de alt\u0103 parte. Ace\u0219ti ioni se adaug\u0103 la con\u021binutul total de calciu al vinului. Astfel se va realiza dezacidificarea prin neutralizarea excesului de aciditate din musturi prin s\u0103rare.<\/p>\n<h3>APLICA\u021aIE<\/h3>\n<ul>\n<li>La recoltare, ca un dezacidificator de must.<\/li>\n<li>\u00cen vinurile albe, ros\u00e9 \u0219i ro\u0219ii pentru corectarea acidit\u0103\u021bii \u00een timpul procesului de vinificare.<\/li>\n<\/ul>\n<h3>DOZAJ<\/h3>\n<ul>\n<li>Must\/Vin 0,2 &#8211; 0,6 g\/l<\/li>\n<\/ul>\n<p>Deacidificarea maxim\u0103 admis\u0103 \u00een vinuri este de 1 g\/l exprimat\u0103 \u00een acid tartric, ceea ce corespunde unei doze de carbonat de calciu de 0,65 g\/l.<br \/>\nAcest produs poate face obiectul unei declara\u021bii.<br \/>\nNot\u0103: \u00cen cazul \u00een care se aplic\u0103 \u00eenainte de \u00eembuteliere, a\u0219tepta\u021bi 4-6 s\u0103pt\u0103m\u00e2ni \u00eenainte de \u00eembuteliere.<\/p>\n<p>&nbsp;<\/p>\n<p>&nbsp;<\/p>\n","protected":false},"excerpt":{"rendered":"<p>Carbonatul de calciu (E-170) este un agent de dezacidificare care modific\u0103 pH-ul prin reducerea acidit\u0103\u021bii.<\/p>\n","protected":false},"featured_media":52952,"template":"","meta":{"_acf_changed":false,"inline_featured_image":false,"site-sidebar-layout":"default","site-content-layout":"default","ast-site-content-layout":"default","site-content-style":"default","site-sidebar-style":"default","ast-global-header-display":"","ast-banner-title-visibility":"","ast-main-header-display":"","ast-hfb-above-header-display":"","ast-hfb-below-header-display":"","ast-hfb-mobile-header-display":"","site-post-title":"","ast-breadcrumbs-content":"","ast-featured-img":"","footer-sml-layout":"","ast-disable-related-posts":"","theme-transparent-header-meta":"default","adv-header-id-meta":"","stick-header-meta":"","header-above-stick-meta":"","header-main-stick-meta":"","header-below-stick-meta":"","astra-migrate-meta-layouts":"default","ast-page-background-enabled":"default","ast-page-background-meta":{"desktop":{"background-color":"var(--ast-global-color-5)","background-image":"","background-repeat":"repeat","background-position":"center center","background-size":"auto","background-attachment":"scroll","background-type":"","background-media":"","overlay-type":"","overlay-color":"","overlay-opacity":"","overlay-gradient":""},"tablet":{"background-color":"","background-image":"","background-repeat":"repeat","background-position":"center center","background-size":"auto","background-attachment":"scroll","background-type":"","background-media":"","overlay-type":"","overlay-color":"","overlay-opacity":"","overlay-gradient":""},"mobile":{"background-color":"","background-image":"","background-repeat":"repeat","background-position":"center center","background-size":"auto","background-attachment":"scroll","background-type":"","background-media":"","overlay-type":"","overlay-color":"","overlay-opacity":"","overlay-gradient":""}},"ast-content-background-meta":{"desktop":{"background-color":"var(--ast-global-color-4)","background-image":"","background-repeat":"repeat","background-position":"center center","background-size":"auto","background-attachment":"scroll","background-type":"","background-media":"","overlay-type":"","overlay-color":"","overlay-opacity":"","overlay-gradient":""},"tablet":{"background-color":"var(--ast-global-color-4)","background-image":"","background-repeat":"repeat","background-position":"center center","background-size":"auto","background-attachment":"scroll","background-type":"","background-media":"","overlay-type":"","overlay-color":"","overlay-opacity":"","overlay-gradient":""},"mobile":{"background-color":"var(--ast-global-color-4)","background-image":"","background-repeat":"repeat","background-position":"center center","background-size":"auto","background-attachment":"scroll","background-type":"","background-media":"","overlay-type":"","overlay-color":"","overlay-opacity":"","overlay-gradient":""}}},"product_brand":[],"product_cat":[451],"product_tag":[456],"class_list":{"0":"post-88923","1":"product","2":"type-product","3":"status-publish","4":"has-post-thumbnail","6":"product_cat-acidifiant-dezacidifiant-produse-oenologice","7":"product_tag-dezacidifiant","8":"pa_vegano-vegetarian","9":"desktop-align-left","10":"tablet-align-left","11":"mobile-align-left","13":"first","14":"instock","15":"virtual","16":"product-type-simple"},"acf":[],"_links":{"self":[{"href":"https:\/\/agrovin.com\/ro\/wp-json\/wp\/v2\/product\/88923","targetHints":{"allow":["GET"]}}],"collection":[{"href":"https:\/\/agrovin.com\/ro\/wp-json\/wp\/v2\/product"}],"about":[{"href":"https:\/\/agrovin.com\/ro\/wp-json\/wp\/v2\/types\/product"}],"version-history":[{"count":0,"href":"https:\/\/agrovin.com\/ro\/wp-json\/wp\/v2\/product\/88923\/revisions"}],"wp:featuredmedia":[{"embeddable":true,"href":"https:\/\/agrovin.com\/ro\/wp-json\/wp\/v2\/media\/52952"}],"wp:attachment":[{"href":"https:\/\/agrovin.com\/ro\/wp-json\/wp\/v2\/media?parent=88923"}],"wp:term":[{"taxonomy":"product_brand","embeddable":true,"href":"https:\/\/agrovin.com\/ro\/wp-json\/wp\/v2\/product_brand?post=88923"},{"taxonomy":"product_cat","embeddable":true,"href":"https:\/\/agrovin.com\/ro\/wp-json\/wp\/v2\/product_cat?post=88923"},{"taxonomy":"product_tag","embeddable":true,"href":"https:\/\/agrovin.com\/ro\/wp-json\/wp\/v2\/product_tag?post=88923"}],"curies":[{"name":"wp","href":"https:\/\/api.w.org\/{rel}","templated":true}]}}