{"id":119224,"date":"2025-04-08T12:22:24","date_gmt":"2025-04-08T10:22:25","guid":{"rendered":"https:\/\/agrovin.com\/?post_type=product&#038;p=119224"},"modified":"2025-07-16T11:58:49","modified_gmt":"2025-07-16T09:58:49","slug":"actimax-flow","status":"publish","type":"product","link":"https:\/\/agrovin.com\/ro\/produse-oenologice\/nutrienti\/actimax-flow\/","title":{"rendered":"ACTIMAX FLOW"},"content":{"rendered":"<h2>CARACTERISTICI<\/h2>\n<p>Actimax Flow este un nutrient organic care furnizeaz\u0103 \u00een mod echilibrat factori esen\u021biali pentru drojdii. Baza nutri\u021bional\u0103 a drojdiilor se concentreaz\u0103 pe nutrien\u021bi primari \u0219i secundari care favorizeaz\u0103 nu doar dezvoltarea popula\u021biei de drojdii, ci \u0219i vitalitatea \u0219i viabilitatea acestora.<\/p>\n<p>Aplicarea Actimax Flow cre\u0219te con\u021binutul de NFA (Azot U\u0219or Asimilabil) \u00eentr-o cantitate optim\u0103, asigur\u00e2nd o popula\u021bie adecvat\u0103 de drojdii f\u0103r\u0103 a fi nevoie de ad\u0103ugarea s\u0103rurilor de amoniu, care pot declan\u0219a RCN. Asimilarea \u0219i stocarea sa permit drojdiei un consum treptat, r\u0103m\u00e2n\u00e2nd ca rezerv\u0103 de azot p\u00e2n\u0103 la sf\u00e2r\u0219itul fermenta\u021biei alcoolice.<\/p>\n<p>Formula sa permite eliberarea progresiv\u0103 a aminoacizilor, \u00eent\u0103rind genera\u021biile urm\u0103toare de drojdii \u0219i asigur\u00e2nd un proces fermentativ mai eficient \u0219i echilibrat.<\/p>\n<p>\u00cen plus, Actimax Flow furnizeaz\u0103 aminoacizi primari esen\u021biali pentru sinteza proteinelor de transport \u0219i a enzimelor implicate \u00een formarea \u0219i eliberarea aromelor.<\/p>\n<h2>BENEFICIILE ACTIMAX FLOW CA NUTRIENT OENOLOGIC<\/h2>\n<ul>\n<li>\u00cembun\u0103t\u0103\u021be\u0219te cinetica fermentativ\u0103.<\/li>\n<li>Furnizeaz\u0103 aminoacizi esen\u021biali pentru sinteza enzimelor \u0219i proteinelor de transport.<\/li>\n<li>Favorizeaz\u0103 eliberarea aromelor varietale.<\/li>\n<li>Permite o fermenta\u021bie controlat\u0103 f\u0103r\u0103 s\u0103ruri de amoniu.<\/li>\n<li>\u00cent\u0103re\u0219te activitatea genera\u021biilor viitoare de drojdii.<\/li>\n<\/ul>\n<h2>COMPOZI\u021aIE<\/h2>\n<p><strong>Baz\u0103 organic\u0103:<\/strong> Combina\u021bie de drojdii inactivate \u0219i autolizate <em>(Saccharomyces cerevisiae).<\/em><\/p>\n<p><strong>Contribu\u021bie per doz\u0103 de 30 g\/hL:<\/strong><\/p>\n<ul>\n<li>NFA (Azot U\u0219or Asimilabil): 28 mg\/L<\/li>\n<li>NOPA (Azot Organic): 18 mg\/L<\/li>\n<\/ul>\n<h2>UTILIZARE \u0218I APLICARE A ACTIMAX FLOW<\/h2>\n<p>Se utilizeaz\u0103 \u00eenainte de \u00eenceperea fermenta\u021biei alcoolice. Este recomandat \u00een special \u00een apa de rehidratare pentru a favoriza un aport frac\u021bionat de aminoacizi.<\/p>\n<p><strong>Recomandat pentru:<\/strong><\/p>\n<ul>\n<li>Musturi cu nevoi medii de NFA.<\/li>\n<li>Vinificarea soiurilor ro\u0219ii cu poten\u021bial alcoolic ridicat.<\/li>\n<li>Musturi destinate vinurilor albe \u0219i ros\u00e9 la temperaturi sc\u0103zute.<\/li>\n<li>Musturi din soiuri albe foarte limpezite.<\/li>\n<li>\u00cen orice tip de vinificare pentru a optimiza caracteristicile tulpinii de drojdie utilizate.<\/li>\n<li>Pentru a poten\u021ba expresia varietal\u0103 \u00een vinurile albe, ros\u00e9 \u0219i ro\u0219ii.<\/li>\n<\/ul>\n<h2>CUM SE UTILIZEAZ\u0102 ACTIMAX FLOW \u00ceN CRAM\u0102<\/h2>\n<p><strong>Doza recomandat\u0103:<\/strong> 20\u201330 g\/hL<\/p>\n<p><strong>Preparare:<\/strong> Se dizolv\u0103 \u00een 10 ori greutatea sa \u00een ap\u0103 sau must<\/p>\n<p><strong>Aplicare:<\/strong><\/p>\n<ol>\n<li>Se adaug\u0103 \u00een apa de rehidratare a drojdiei<\/li>\n<li>Se introduce \u00een tanc \u00eenainte de \u00eenceperea fermenta\u021biei alcoolice<\/li>\n<li>Se omogenizeaz\u0103 complet<\/li>\n<\/ol>\n<p><em>Se utilizeaz\u0103 \u00een aceea\u0219i zi \u00een care a fost preparat.<\/em><\/p>\n","protected":false},"excerpt":{"rendered":"<p>Actimax Flow este un nutrient oenologic 100% organic, conceput pentru a \u00eembun\u0103t\u0103\u021bi dezvoltarea drojdiilor \u00een timpul fermenta\u021biei alcoolice.<\/p>\n<p>Formula sa echilibreaz\u0103 aportul de azot \u0219i aminoacizi esen\u021biali, sporind viabilitatea, vitalitatea \u0219i eficien\u021ba fermentativ\u0103 a drojdiilor, f\u0103r\u0103 a produce efecte secundare nedorite precum RCN (Reprimarea Catabolic\u0103 a Azotului).<\/p>\n","protected":false},"featured_media":119230,"template":"","meta":{"_acf_changed":false,"inline_featured_image":false,"site-sidebar-layout":"default","site-content-layout":"default","ast-site-content-layout":"default","site-content-style":"default","site-sidebar-style":"default","ast-global-header-display":"","ast-banner-title-visibility":"","ast-main-header-display":"","ast-hfb-above-header-display":"","ast-hfb-below-header-display":"","ast-hfb-mobile-header-display":"","site-post-title":"","ast-breadcrumbs-content":"","ast-featured-img":"","footer-sml-layout":"","ast-disable-related-posts":"","theme-transparent-header-meta":"default","adv-header-id-meta":"","stick-header-meta":"","header-above-stick-meta":"","header-main-stick-meta":"","header-below-stick-meta":"","astra-migrate-meta-layouts":"set","ast-page-background-enabled":"default","ast-page-background-meta":{"desktop":{"background-color":"var(--ast-global-color-5)","background-image":"","background-repeat":"repeat","background-position":"center center","background-size":"auto","background-attachment":"scroll","background-type":"","background-media":"","overlay-type":"","overlay-color":"","overlay-opacity":"","overlay-gradient":""},"tablet":{"background-color":"","background-image":"","background-repeat":"repeat","background-position":"center center","background-size":"auto","background-attachment":"scroll","background-type":"","background-media":"","overlay-type":"","overlay-color":"","overlay-opacity":"","overlay-gradient":""},"mobile":{"background-color":"","background-image":"","background-repeat":"repeat","background-position":"center center","background-size":"auto","background-attachment":"scroll","background-type":"","background-media":"","overlay-type":"","overlay-color":"","overlay-opacity":"","overlay-gradient":""}},"ast-content-background-meta":{"desktop":{"background-color":"var(--ast-global-color-4)","background-image":"","background-repeat":"repeat","background-position":"center center","background-size":"auto","background-attachment":"scroll","background-type":"","background-media":"","overlay-type":"","overlay-color":"","overlay-opacity":"","overlay-gradient":""},"tablet":{"background-color":"var(--ast-global-color-4)","background-image":"","background-repeat":"repeat","background-position":"center center","background-size":"auto","background-attachment":"scroll","background-type":"","background-media":"","overlay-type":"","overlay-color":"","overlay-opacity":"","overlay-gradient":""},"mobile":{"background-color":"var(--ast-global-color-4)","background-image":"","background-repeat":"repeat","background-position":"center center","background-size":"auto","background-attachment":"scroll","background-type":"","background-media":"","overlay-type":"","overlay-color":"","overlay-opacity":"","overlay-gradient":""}}},"product_brand":[],"product_cat":[213],"product_tag":[294],"class_list":{"0":"post-119224","1":"product","2":"type-product","3":"status-publish","4":"has-post-thumbnail","6":"product_cat-nutrienti","7":"product_tag-nutrienti-organic","8":"pa_aplicacion-fa-fml-ru","9":"pa_composicion-organic-ro","10":"pa_ecologico-autorizat-eu","11":"pa_ecologico-autorizat-nop-usda","12":"pa_estilo-de-vino-alb","13":"pa_estilo-de-vino-butoi","14":"pa_estilo-de-vino-rosu","15":"pa_estilo-de-vino-roz","16":"pa_estilo-de-vino-sclipitor","17":"pa_vegano-vegetarian","18":"desktop-align-left","19":"tablet-align-left","20":"mobile-align-left","22":"first","23":"instock","24":"virtual","25":"product-type-simple"},"acf":[],"_links":{"self":[{"href":"https:\/\/agrovin.com\/ro\/wp-json\/wp\/v2\/product\/119224","targetHints":{"allow":["GET"]}}],"collection":[{"href":"https:\/\/agrovin.com\/ro\/wp-json\/wp\/v2\/product"}],"about":[{"href":"https:\/\/agrovin.com\/ro\/wp-json\/wp\/v2\/types\/product"}],"version-history":[{"count":5,"href":"https:\/\/agrovin.com\/ro\/wp-json\/wp\/v2\/product\/119224\/revisions"}],"predecessor-version":[{"id":121084,"href":"https:\/\/agrovin.com\/ro\/wp-json\/wp\/v2\/product\/119224\/revisions\/121084"}],"wp:featuredmedia":[{"embeddable":true,"href":"https:\/\/agrovin.com\/ro\/wp-json\/wp\/v2\/media\/119230"}],"wp:attachment":[{"href":"https:\/\/agrovin.com\/ro\/wp-json\/wp\/v2\/media?parent=119224"}],"wp:term":[{"taxonomy":"product_brand","embeddable":true,"href":"https:\/\/agrovin.com\/ro\/wp-json\/wp\/v2\/product_brand?post=119224"},{"taxonomy":"product_cat","embeddable":true,"href":"https:\/\/agrovin.com\/ro\/wp-json\/wp\/v2\/product_cat?post=119224"},{"taxonomy":"product_tag","embeddable":true,"href":"https:\/\/agrovin.com\/ro\/wp-json\/wp\/v2\/product_tag?post=119224"}],"curies":[{"name":"wp","href":"https:\/\/api.w.org\/{rel}","templated":true}]}}