{"id":109409,"date":"2023-11-17T12:46:19","date_gmt":"2023-11-17T11:46:20","guid":{"rendered":"https:\/\/agrovin.com\/?post_type=product&#038;p=109409"},"modified":"2024-08-20T11:28:27","modified_gmt":"2024-08-20T10:28:27","slug":"caldevin","status":"publish","type":"product","link":"https:\/\/agrovin.com\/ro\/produse-oenologice\/stabilizatori\/caldevin\/","title":{"rendered":"CALDEVIN"},"content":{"rendered":"<h3>APLICA\u021aIE<\/h3>\n<p>Caldevin se utilizeaz\u0103 pe vinurile cu poten\u021biale probleme de precipitare a s\u0103rurilor de tartrat de calciu. Acesta se g\u0103se\u0219te la adresa reduce concentra\u021bia de calciu instabil.<\/p>\n<h3>DOZAJ<\/h3>\n<div class=\"page\" title=\"Pagina 1\">\n<div class=\"section\">\n<div class=\"layoutArea\">\n<div class=\"column\">\n<p>Dozaj recomandat: 50-100 g\/hl<br \/>\nDoza maxim\u0103 legal\u0103: 200 g\/hl<\/p>\n<h3>INSTRUC\u021aIUNI DE UTILIZARE<\/h3>\n<p>Suspenda\u021bi Caldevin \u00een de 5 ori greutatea sa \u00een vin \u0219i ad\u0103uga\u021bi la volumul total de vin. Se agit\u0103 timp de 60 min.<br \/>\nSe las\u0103 s\u0103 ac\u021bioneze timp de 10 zile la o temperatur\u0103 controlat\u0103 \u00eentre 8-14\u00b0C.<br \/>\nDup\u0103 tratament, vinul trebuie filtrat pentru a ajuta la eliminarea cristalelor de tartrat de calciu.<\/p>\n<\/div>\n<\/div>\n<\/div>\n<\/div>\n","protected":false},"excerpt":{"rendered":"<p>Caldevin este un adjuvant oenologic care favorizeaz\u0103 eliminarea calciului instabil. Acesta provoac\u0103 formarea de cristale de tartrat de calciu, reduc\u00e2nd astfel riscul de precipita\u021bii tartrice. Tartrat de calciu neutru tartratul de calciu micronizat este foarte selectiv \u00een eliminarea calciului.<\/p>\n","protected":false},"featured_media":109415,"template":"","meta":{"_acf_changed":false,"inline_featured_image":false,"site-sidebar-layout":"default","site-content-layout":"default","ast-site-content-layout":"default","site-content-style":"default","site-sidebar-style":"default","ast-global-header-display":"","ast-banner-title-visibility":"","ast-main-header-display":"","ast-hfb-above-header-display":"","ast-hfb-below-header-display":"","ast-hfb-mobile-header-display":"","site-post-title":"","ast-breadcrumbs-content":"","ast-featured-img":"","footer-sml-layout":"","ast-disable-related-posts":"","theme-transparent-header-meta":"default","adv-header-id-meta":"","stick-header-meta":"","header-above-stick-meta":"","header-main-stick-meta":"","header-below-stick-meta":"","astra-migrate-meta-layouts":"default","ast-page-background-enabled":"default","ast-page-background-meta":{"desktop":{"background-color":"var(--ast-global-color-5)","background-image":"","background-repeat":"repeat","background-position":"center center","background-size":"auto","background-attachment":"scroll","background-type":"","background-media":"","overlay-type":"","overlay-color":"","overlay-opacity":"","overlay-gradient":""},"tablet":{"background-color":"","background-image":"","background-repeat":"repeat","background-position":"center center","background-size":"auto","background-attachment":"scroll","background-type":"","background-media":"","overlay-type":"","overlay-color":"","overlay-opacity":"","overlay-gradient":""},"mobile":{"background-color":"","background-image":"","background-repeat":"repeat","background-position":"center center","background-size":"auto","background-attachment":"scroll","background-type":"","background-media":"","overlay-type":"","overlay-color":"","overlay-opacity":"","overlay-gradient":""}},"ast-content-background-meta":{"desktop":{"background-color":"var(--ast-global-color-4)","background-image":"","background-repeat":"repeat","background-position":"center center","background-size":"auto","background-attachment":"scroll","background-type":"","background-media":"","overlay-type":"","overlay-color":"","overlay-opacity":"","overlay-gradient":""},"tablet":{"background-color":"var(--ast-global-color-4)","background-image":"","background-repeat":"repeat","background-position":"center center","background-size":"auto","background-attachment":"scroll","background-type":"","background-media":"","overlay-type":"","overlay-color":"","overlay-opacity":"","overlay-gradient":""},"mobile":{"background-color":"var(--ast-global-color-4)","background-image":"","background-repeat":"repeat","background-position":"center center","background-size":"auto","background-attachment":"scroll","background-type":"","background-media":"","overlay-type":"","overlay-color":"","overlay-opacity":"","overlay-gradient":""}}},"product_brand":[],"product_cat":[183],"product_tag":[414],"class_list":{"0":"post-109409","1":"product","2":"type-product","3":"status-publish","4":"has-post-thumbnail","6":"product_cat-stabilizatori","7":"product_tag-stabilitate-tartrica","8":"pa_objetivo-stabilizare","9":"desktop-align-left","10":"tablet-align-left","11":"mobile-align-left","13":"first","14":"instock","15":"virtual","16":"product-type-simple"},"acf":[],"_links":{"self":[{"href":"https:\/\/agrovin.com\/ro\/wp-json\/wp\/v2\/product\/109409","targetHints":{"allow":["GET"]}}],"collection":[{"href":"https:\/\/agrovin.com\/ro\/wp-json\/wp\/v2\/product"}],"about":[{"href":"https:\/\/agrovin.com\/ro\/wp-json\/wp\/v2\/types\/product"}],"version-history":[{"count":1,"href":"https:\/\/agrovin.com\/ro\/wp-json\/wp\/v2\/product\/109409\/revisions"}],"predecessor-version":[{"id":116032,"href":"https:\/\/agrovin.com\/ro\/wp-json\/wp\/v2\/product\/109409\/revisions\/116032"}],"wp:featuredmedia":[{"embeddable":true,"href":"https:\/\/agrovin.com\/ro\/wp-json\/wp\/v2\/media\/109415"}],"wp:attachment":[{"href":"https:\/\/agrovin.com\/ro\/wp-json\/wp\/v2\/media?parent=109409"}],"wp:term":[{"taxonomy":"product_brand","embeddable":true,"href":"https:\/\/agrovin.com\/ro\/wp-json\/wp\/v2\/product_brand?post=109409"},{"taxonomy":"product_cat","embeddable":true,"href":"https:\/\/agrovin.com\/ro\/wp-json\/wp\/v2\/product_cat?post=109409"},{"taxonomy":"product_tag","embeddable":true,"href":"https:\/\/agrovin.com\/ro\/wp-json\/wp\/v2\/product_tag?post=109409"}],"curies":[{"name":"wp","href":"https:\/\/api.w.org\/{rel}","templated":true}]}}