{"id":109321,"date":"2023-05-10T11:53:14","date_gmt":"2023-05-10T10:53:14","guid":{"rendered":"https:\/\/agrovin.com\/fara-categorie\/microstab-ml\/"},"modified":"2024-07-07T20:14:25","modified_gmt":"2024-07-07T19:14:25","slug":"microstab-ml","status":"publish","type":"product","link":"https:\/\/agrovin.com\/ro\/produse-oenologice\/control-microbiologic-ro-produse-oenologice\/microstab-ml\/","title":{"rendered":"MICROSTAB ML"},"content":{"rendered":"<h3>APLICARE<\/h3>\n<p>\u00cen vin alb \u0219i ro\u0219u cu scopul de a:<\/p>\n<ul>\n<li>controla fermenta\u021bia malolactic\u0103. \u00cent\u00e2rzia \u0219i chiar inhiba fermenta\u021bia malolactic\u0103. Permite men\u021binerea acidit\u0103\u021bii \u0219i a pH-ului ini\u021bial al vinurilor \u0219i reduce formarea de amine biogene.<\/li>\n<li>\u00eembun\u0103t\u0103\u021bi stabilitatea microbiologic\u0103. Reduce semnificativ popula\u021bia de bacterii lactice \u0219i ajut\u0103 la controlarea popula\u021biei de <i>Brettanomyces.<\/i><\/li>\n<li>reduce concentra\u021bia de SO<sub>2<\/sub>. Datorit\u0103 \u00eembun\u0103t\u0103\u021birii stabilit\u0103\u021bii microbiologice, MICROSTAB ML ajut\u0103 la reducerea concentra\u021biei de acid sulfuros care trebuie aplicat\u0103 pe perioada de conservare a vinurilor.<\/li>\n<\/ul>\n<p>Vinurile tratate cu MICROSTAB ML, \u00een concentra\u021biile recomandate, nu modific\u0103 profilul olfactiv al vinurilor, evit\u00e2nd posibilele anomalii derivate din dezvoltarea bacteriilor lactice \u0219i \u00een plus, ajut\u0103 la p\u0103strarea acidit\u0103\u021bii ini\u021biale a vinului.<\/p>\n<h3><strong>COMPOZI\u021aIE<\/strong><\/h3>\n<p>Fumaric acid (E297) \u0219i chitosan.<\/p>\n<h3>DOZAJ<\/h3>\n<p>Vin: 30-60 g\/hl<\/p>\n<h3>MOD DE UTILIZARE<\/h3>\n<ol>\n<li>Resuspendare \u00een de 15 ori greutatea sa \u00een vin prin agita\u021bie.<\/li>\n<li>\u00cencorporarea \u00een volumul total de vin cu omogenizare continu\u0103. Asigurarea unei temperaturi mai mari de 12 <sup>o<\/sup>C<\/li>\n<\/ol>\n<p>&nbsp;<\/p>\n","protected":false},"excerpt":{"rendered":"<p>Preparare specific\u0103 care poten\u021beaz\u0103 efectul sinergic al acidului fumaric \u0219i al chitosanului ca stabilizatori biologici pe bacterii lactice.<\/p>\n<p>Propriet\u0103\u021bile bacteriostatice \u0219i bactericide ale acidului fumaric, care ac\u021bioneaz\u0103 penetr\u00e2nd membrana bacteriilor lactice \u0219i efectul antimicrobian, prin alterarea structurii celulare a chitosanului.<\/p>\n<p>MICROSTAB ML permite inhibarea fermenta\u021biei malolactice pe perioade lungi de timp \u0219i poate ajunge chiar la stoparea unei fermenta\u021bii malolactice \u00eencepute deja. \u00cen plus, MICROSTAB ML reduce popula\u021biile de <i>Brettanomyces,<\/i> diminu\u00e2nd riscul de alter\u0103ri cauzat de prezen\u021bei acestei drojdii contaminante. Datorit\u0103 prepar\u0103rii specifice, pe perioada depozit\u0103rii va fi posibil\u0103 reducerea concentra\u021biei de SO<sub>2<\/sub>.<\/p>\n","protected":false},"featured_media":104253,"template":"","meta":{"_acf_changed":false,"inline_featured_image":false,"site-sidebar-layout":"default","site-content-layout":"default","ast-site-content-layout":"default","site-content-style":"default","site-sidebar-style":"default","ast-global-header-display":"","ast-banner-title-visibility":"","ast-main-header-display":"","ast-hfb-above-header-display":"","ast-hfb-below-header-display":"","ast-hfb-mobile-header-display":"","site-post-title":"","ast-breadcrumbs-content":"","ast-featured-img":"","footer-sml-layout":"","ast-disable-related-posts":"","theme-transparent-header-meta":"default","adv-header-id-meta":"","stick-header-meta":"","header-above-stick-meta":"","header-main-stick-meta":"","header-below-stick-meta":"","astra-migrate-meta-layouts":"default","ast-page-background-enabled":"default","ast-page-background-meta":{"desktop":{"background-color":"var(--ast-global-color-5)","background-image":"","background-repeat":"repeat","background-position":"center center","background-size":"auto","background-attachment":"scroll","background-type":"","background-media":"","overlay-type":"","overlay-color":"","overlay-opacity":"","overlay-gradient":""},"tablet":{"background-color":"","background-image":"","background-repeat":"repeat","background-position":"center center","background-size":"auto","background-attachment":"scroll","background-type":"","background-media":"","overlay-type":"","overlay-color":"","overlay-opacity":"","overlay-gradient":""},"mobile":{"background-color":"","background-image":"","background-repeat":"repeat","background-position":"center center","background-size":"auto","background-attachment":"scroll","background-type":"","background-media":"","overlay-type":"","overlay-color":"","overlay-opacity":"","overlay-gradient":""}},"ast-content-background-meta":{"desktop":{"background-color":"var(--ast-global-color-4)","background-image":"","background-repeat":"repeat","background-position":"center center","background-size":"auto","background-attachment":"scroll","background-type":"","background-media":"","overlay-type":"","overlay-color":"","overlay-opacity":"","overlay-gradient":""},"tablet":{"background-color":"var(--ast-global-color-4)","background-image":"","background-repeat":"repeat","background-position":"center center","background-size":"auto","background-attachment":"scroll","background-type":"","background-media":"","overlay-type":"","overlay-color":"","overlay-opacity":"","overlay-gradient":""},"mobile":{"background-color":"var(--ast-global-color-4)","background-image":"","background-repeat":"repeat","background-position":"center center","background-size":"auto","background-attachment":"scroll","background-type":"","background-media":"","overlay-type":"","overlay-color":"","overlay-opacity":"","overlay-gradient":""}}},"product_brand":[],"product_cat":[890],"product_tag":[],"class_list":{"0":"post-109321","1":"product","2":"type-product","3":"status-publish","4":"has-post-thumbnail","6":"product_cat-control-microbiologic-ro-produse-oenologice","7":"pa_ecologico-autorizat-eu","8":"pa_estilo-de-vino-alb","9":"pa_estilo-de-vino-rosu","10":"pa_objetivo-protectie-antioxidanta","11":"pa_objetivo-protectie-microbiologica","12":"pa_objetivo-stabilizare","13":"pa_vegano-vegetarian","14":"desktop-align-left","15":"tablet-align-left","16":"mobile-align-left","18":"first","19":"instock","20":"virtual","21":"product-type-simple"},"acf":[],"_links":{"self":[{"href":"https:\/\/agrovin.com\/ro\/wp-json\/wp\/v2\/product\/109321","targetHints":{"allow":["GET"]}}],"collection":[{"href":"https:\/\/agrovin.com\/ro\/wp-json\/wp\/v2\/product"}],"about":[{"href":"https:\/\/agrovin.com\/ro\/wp-json\/wp\/v2\/types\/product"}],"version-history":[{"count":0,"href":"https:\/\/agrovin.com\/ro\/wp-json\/wp\/v2\/product\/109321\/revisions"}],"wp:featuredmedia":[{"embeddable":true,"href":"https:\/\/agrovin.com\/ro\/wp-json\/wp\/v2\/media\/104253"}],"wp:attachment":[{"href":"https:\/\/agrovin.com\/ro\/wp-json\/wp\/v2\/media?parent=109321"}],"wp:term":[{"taxonomy":"product_brand","embeddable":true,"href":"https:\/\/agrovin.com\/ro\/wp-json\/wp\/v2\/product_brand?post=109321"},{"taxonomy":"product_cat","embeddable":true,"href":"https:\/\/agrovin.com\/ro\/wp-json\/wp\/v2\/product_cat?post=109321"},{"taxonomy":"product_tag","embeddable":true,"href":"https:\/\/agrovin.com\/ro\/wp-json\/wp\/v2\/product_tag?post=109321"}],"curies":[{"name":"wp","href":"https:\/\/api.w.org\/{rel}","templated":true}]}}