{"id":107065,"date":"2023-07-04T15:16:13","date_gmt":"2023-07-04T14:16:16","guid":{"rendered":"https:\/\/agrovin.com\/?post_type=product&#038;p=107065"},"modified":"2024-04-24T12:15:00","modified_gmt":"2024-04-24T11:15:00","slug":"clarifine-vegan","status":"publish","type":"product","link":"https:\/\/agrovin.com\/ro\/produse-oenologice\/clarificanti\/clarifine-vegan\/","title":{"rendered":"CLARIFINE VEGAN"},"content":{"rendered":"<h3 class=\"p1\">APLICA\u021aIE<\/h3>\n<p class=\"p1\">Clarifine VEGAN are o mare putere de clarificare, a fost dezvoltat pentru tratarea vinurilor albe, roze \u0219i ro\u0219ii.<\/p>\n<p class=\"p1\"><strong>\u00cen vinurile albe \u0219i roze:<\/strong><\/p>\n<p class=\"p1\">\u2022 Elimin\u0103 polifenolii oxida\u021bi \u0219i oxidabili, protej\u00e2nd vinul de oxidare.<\/p>\n<p class=\"p1\">\u2022 Reduce senza\u021biile astringente \u0219i amare.<\/p>\n<p class=\"p1\">\u2022 \u00cembun\u0103t\u0103\u021be\u0219te onctuozitatea.<\/p>\n<p class=\"p1\"><strong>\u00cen vinurile ro\u0219ii:<\/strong><\/p>\n<p class=\"p2\">\u2022 Reduce \u00eenc\u0103rc\u0103tura polifenolic\u0103, \u00een principal prin eliminarea taninurilor mai reactive.<\/p>\n<p class=\"p2\">\u2022 Scade senza\u021biile astringente \u0219i amare.<\/p>\n<p class=\"p2\">\u2022 \u00cembun\u0103t\u0103\u021be\u0219te onctuozitatea.<\/p>\n<h3><\/h3>\n<p>&nbsp;<\/p>\n<h3>DOZE<\/h3>\n<p>Vin alb \u0219i ros\u00e9: 2-10 g\/hl<\/p>\n<p>Vin ro\u0219u: 5-20 g\/hl<\/p>\n<p><strong>Doza maxim\u0103 legal\u0103<\/strong><\/p>\n<p>Must de struguri, vin alb \u0219i ros\u00e9: 60 g\/hl;<\/p>\n<p>Vin ro\u0219u: 100 g\/hl<\/p>\n<h3><\/h3>\n<p>&nbsp;<\/p>\n<h3 class=\"p1\">MOD DE LUCRU<\/h3>\n<p class=\"p2\">1. Se dilueaz\u0103 cantitatea necesar\u0103 de Clarifine Vegan cu ap\u0103 \u00een propor\u021bie de 1:10 \u0219i se omogenizeaz\u0103.<\/p>\n<p class=\"p2\">2. Dup\u0103 dizolvare, se adaug\u0103 la volumul total \u0219i se omogenizeaz\u0103 prin pompare.<\/p>\n<p>&nbsp;<\/p>\n<p class=\"p2\"><em>*\u00cen cazul vinurilor albe \u0219i ros\u00e9, se recomand\u0103 ad\u0103ugarea de adjuvan\u021bi de limpezire, cum ar fi bentonita, solul de siliciu sau taninul, pentru a \u00eembun\u0103t\u0103\u021bi flocularea.<\/em><\/p>\n<p>&nbsp;<\/p>\n","protected":false},"excerpt":{"rendered":"<p class=\"p1\">Clarifine VEGAN este un clarificator complex pe baz\u0103 de extract proteic de drojdie \u0219i proteine vegetale, utilizarea sa d\u0103 na\u0219tere unor vinuri cu claritate \u0219i str\u0103lucire ridicate.<\/p>\n<p class=\"p1\">Combinatia sinergica de proteine confera Clarifine VEGAN o excelenta capacitate de clarificare, proteina vegetala favorizeaza eliminarea polifenolilor oxidati si oxidabili, in timp ce extractul proteic din drojdii imbunatateste senzatiile tactile ale vinului, reducand astringenta si amara.<\/p>\n<p><img fetchpriority=\"high\" decoding=\"async\" class=\"alignnone size-medium wp-image-105411\" src=\"https:\/\/agrovin.com\/wp-content\/uploads\/2023\/06\/RU-Iconos.svg\" alt=\"\" width=\"300\" height=\"300\" \/><\/p>\n","protected":false},"featured_media":107071,"template":"","meta":{"_acf_changed":false,"inline_featured_image":false,"site-sidebar-layout":"default","site-content-layout":"default","ast-site-content-layout":"default","site-content-style":"default","site-sidebar-style":"default","ast-global-header-display":"","ast-banner-title-visibility":"","ast-main-header-display":"","ast-hfb-above-header-display":"","ast-hfb-below-header-display":"","ast-hfb-mobile-header-display":"","site-post-title":"","ast-breadcrumbs-content":"","ast-featured-img":"","footer-sml-layout":"","ast-disable-related-posts":"","theme-transparent-header-meta":"default","adv-header-id-meta":"","stick-header-meta":"","header-above-stick-meta":"","header-main-stick-meta":"","header-below-stick-meta":"","astra-migrate-meta-layouts":"default","ast-page-background-enabled":"default","ast-page-background-meta":{"desktop":{"background-color":"var(--ast-global-color-5)","background-image":"","background-repeat":"repeat","background-position":"center center","background-size":"auto","background-attachment":"scroll","background-type":"","background-media":"","overlay-type":"","overlay-color":"","overlay-opacity":"","overlay-gradient":""},"tablet":{"background-color":"","background-image":"","background-repeat":"repeat","background-position":"center center","background-size":"auto","background-attachment":"scroll","background-type":"","background-media":"","overlay-type":"","overlay-color":"","overlay-opacity":"","overlay-gradient":""},"mobile":{"background-color":"","background-image":"","background-repeat":"repeat","background-position":"center center","background-size":"auto","background-attachment":"scroll","background-type":"","background-media":"","overlay-type":"","overlay-color":"","overlay-opacity":"","overlay-gradient":""}},"ast-content-background-meta":{"desktop":{"background-color":"var(--ast-global-color-4)","background-image":"","background-repeat":"repeat","background-position":"center center","background-size":"auto","background-attachment":"scroll","background-type":"","background-media":"","overlay-type":"","overlay-color":"","overlay-opacity":"","overlay-gradient":""},"tablet":{"background-color":"var(--ast-global-color-4)","background-image":"","background-repeat":"repeat","background-position":"center center","background-size":"auto","background-attachment":"scroll","background-type":"","background-media":"","overlay-type":"","overlay-color":"","overlay-opacity":"","overlay-gradient":""},"mobile":{"background-color":"var(--ast-global-color-4)","background-image":"","background-repeat":"repeat","background-position":"center center","background-size":"auto","background-attachment":"scroll","background-type":"","background-media":"","overlay-type":"","overlay-color":"","overlay-opacity":"","overlay-gradient":""}}},"product_brand":[],"product_cat":[168],"product_tag":[],"class_list":{"0":"post-107065","1":"product","2":"type-product","3":"status-publish","4":"has-post-thumbnail","6":"product_cat-clarificanti","7":"pa_ecologico-autorizat-eu","8":"pa_estilo-de-vino-alb","9":"pa_estilo-de-vino-rosu","10":"pa_estilo-de-vino-roz","11":"pa_objetivo-clarificare","12":"pa_objetivo-imbunatatirea-senzoriala","13":"pa_objetivo-stabilitatea-culorii","14":"pa_origen-vegetala","15":"pa_vegano-vegetarian","16":"desktop-align-left","17":"tablet-align-left","18":"mobile-align-left","20":"first","21":"instock","22":"virtual","23":"product-type-simple"},"acf":[],"_links":{"self":[{"href":"https:\/\/agrovin.com\/ro\/wp-json\/wp\/v2\/product\/107065","targetHints":{"allow":["GET"]}}],"collection":[{"href":"https:\/\/agrovin.com\/ro\/wp-json\/wp\/v2\/product"}],"about":[{"href":"https:\/\/agrovin.com\/ro\/wp-json\/wp\/v2\/types\/product"}],"version-history":[{"count":0,"href":"https:\/\/agrovin.com\/ro\/wp-json\/wp\/v2\/product\/107065\/revisions"}],"wp:featuredmedia":[{"embeddable":true,"href":"https:\/\/agrovin.com\/ro\/wp-json\/wp\/v2\/media\/107071"}],"wp:attachment":[{"href":"https:\/\/agrovin.com\/ro\/wp-json\/wp\/v2\/media?parent=107065"}],"wp:term":[{"taxonomy":"product_brand","embeddable":true,"href":"https:\/\/agrovin.com\/ro\/wp-json\/wp\/v2\/product_brand?post=107065"},{"taxonomy":"product_cat","embeddable":true,"href":"https:\/\/agrovin.com\/ro\/wp-json\/wp\/v2\/product_cat?post=107065"},{"taxonomy":"product_tag","embeddable":true,"href":"https:\/\/agrovin.com\/ro\/wp-json\/wp\/v2\/product_tag?post=107065"}],"curies":[{"name":"wp","href":"https:\/\/api.w.org\/{rel}","templated":true}]}}