{"id":105892,"date":"2023-06-22T09:58:16","date_gmt":"2023-06-22T08:58:16","guid":{"rendered":"https:\/\/agrovin.com\/?post_type=product&#038;p=105892"},"modified":"2023-06-23T12:18:38","modified_gmt":"2023-06-23T11:18:38","slug":"fibromarc-c","status":"publish","type":"product","link":"https:\/\/agrovin.com\/ro\/produse-oenologice\/clarificanti\/fibromarc-c\/","title":{"rendered":"Fibromarc C+"},"content":{"rendered":"<h3>APLICA\u021aIE<\/h3>\n<p>&nbsp;<\/p>\n<p>FIBROMARC C+ este solu\u021bia oenologic\u0103 perfect\u0103 pentru reducerea concentra\u021biei reziduurilor de pesticide din musturi \u0219i vinuri.<\/p>\n<ul>\n<li>Reduce riscul opririi fermenta\u021biei<\/li>\n<li>Promoveaz\u0103 produc\u021bia de vinuri sanitare mai sigure<\/li>\n<li>Minimizeaz\u0103 riscul abaterilor organoleptice.<\/li>\n<li>Promoveaz\u0103 stabilizarea tartric\u0103<\/li>\n<\/ul>\n<h3><\/h3>\n<h3>DOZAJ \u0218I INSTRUC\u021aIUNI DE UTILIZARE<\/h3>\n<p style=\"font-weight: 400;\"><u>\u00cenainte de fermentarea alcoolic\u0103<\/u><\/p>\n<ul style=\"font-weight: 400;\">\n<li>FIBROMARC C+ se adaug\u0103 \u00een bunc\u0103r \u0219i se \u00eendep\u0103rteaz\u0103 \u00een pres\u0103 &#8211; pentru musturile albe \u0219i roz &#8211; sau \u00een stivuirea post-fermentare &#8211; pentru ro\u0219ii &#8211;<\/li>\n<\/ul>\n<p style=\"font-weight: 400;\">\u00a0\u00a0\u00a0\u00a0\u00a0\u00a0Dozare 0,5-1 g\/l<\/p>\n<p style=\"font-weight: 400;\"><u>Dup\u0103 fermentarea alcoolic\u0103<\/u><\/p>\n<ul style=\"font-weight: 400;\">\n<li>FIBROMARC C+ se adaug\u0103 \u00eentr-un rezervor \u0219i se \u00eendep\u0103rteaz\u0103 prin transfer la 24 de ore dup\u0103<br \/>\ncontact.<\/li>\n<\/ul>\n<p style=\"font-weight: 400;\">\u00a0\u00a0\u00a0\u00a0\u00a0\u00a0Dozare: 0,5 \u2013 1,5 g\/l<\/p>\n<p style=\"font-weight: 400;\"><u>\u00cen filtrarea aluvionar\u0103<\/u><\/p>\n<ul>\n<li style=\"font-weight: 400;\">FIBROMARC C+ se utilizeaz\u0103 la formarea stratului prealabil cu diatomee radifil. Se aplic\u0103 form\u00e2nd o structur\u0103 sandwich (mai \u00eent\u00e2i un strat cu 0,75 kg de Radifil pe m2 de suprafa\u021b\u0103 de filtrare, apoi 1- 1,5 kg de FIBROMARC C + pe m2 de suprafa\u021b\u0103 de filtrare \u0219i \u00een final un alt strat de 0,75 kg de Radifil pe m2 de suprafa\u021b\u0103 de filtrare)<\/li>\n<\/ul>\n<h3><\/h3>\n<h3>PREZENTARE<\/h3>\n<p>Containere de 1 kg \u0219i 10 kg<\/p>\n<p>&nbsp;<\/p>\n","protected":false},"excerpt":{"rendered":"<p>Ac\u021biunea comun\u0103 a fibrelor vegetale selectate din struguri albi \u0219i celuloz\u0103 \u00een FIBROMARC C+, confer\u0103 acestui instrument oenologic o capacitate mare de adsorb\u021bie, cu o afinitate puternic\u0103 pentru reziduurile de pesticide.<\/p>\n","protected":false},"featured_media":105825,"template":"","meta":{"_acf_changed":false,"inline_featured_image":false,"site-sidebar-layout":"default","site-content-layout":"default","ast-site-content-layout":"default","site-content-style":"default","site-sidebar-style":"default","ast-global-header-display":"","ast-banner-title-visibility":"","ast-main-header-display":"","ast-hfb-above-header-display":"","ast-hfb-below-header-display":"","ast-hfb-mobile-header-display":"","site-post-title":"","ast-breadcrumbs-content":"","ast-featured-img":"","footer-sml-layout":"","ast-disable-related-posts":"","theme-transparent-header-meta":"default","adv-header-id-meta":"","stick-header-meta":"","header-above-stick-meta":"","header-main-stick-meta":"","header-below-stick-meta":"","astra-migrate-meta-layouts":"default","ast-page-background-enabled":"default","ast-page-background-meta":{"desktop":{"background-color":"var(--ast-global-color-5)","background-image":"","background-repeat":"repeat","background-position":"center center","background-size":"auto","background-attachment":"scroll","background-type":"","background-media":"","overlay-type":"","overlay-color":"","overlay-opacity":"","overlay-gradient":""},"tablet":{"background-color":"","background-image":"","background-repeat":"repeat","background-position":"center center","background-size":"auto","background-attachment":"scroll","background-type":"","background-media":"","overlay-type":"","overlay-color":"","overlay-opacity":"","overlay-gradient":""},"mobile":{"background-color":"","background-image":"","background-repeat":"repeat","background-position":"center center","background-size":"auto","background-attachment":"scroll","background-type":"","background-media":"","overlay-type":"","overlay-color":"","overlay-opacity":"","overlay-gradient":""}},"ast-content-background-meta":{"desktop":{"background-color":"var(--ast-global-color-4)","background-image":"","background-repeat":"repeat","background-position":"center center","background-size":"auto","background-attachment":"scroll","background-type":"","background-media":"","overlay-type":"","overlay-color":"","overlay-opacity":"","overlay-gradient":""},"tablet":{"background-color":"var(--ast-global-color-4)","background-image":"","background-repeat":"repeat","background-position":"center center","background-size":"auto","background-attachment":"scroll","background-type":"","background-media":"","overlay-type":"","overlay-color":"","overlay-opacity":"","overlay-gradient":""},"mobile":{"background-color":"var(--ast-global-color-4)","background-image":"","background-repeat":"repeat","background-position":"center center","background-size":"auto","background-attachment":"scroll","background-type":"","background-media":"","overlay-type":"","overlay-color":"","overlay-opacity":"","overlay-gradient":""}}},"product_brand":[],"product_cat":[168],"product_tag":[],"class_list":{"0":"post-105892","1":"product","2":"type-product","3":"status-publish","4":"has-post-thumbnail","6":"product_cat-clarificanti","7":"pa_estilo-de-vino-alb","8":"pa_estilo-de-vino-rosu","9":"pa_estilo-de-vino-roz","10":"pa_objetivo-clarificare","11":"pa_origen-vegetala","12":"pa_vegano-vegetarian","13":"desktop-align-left","14":"tablet-align-left","15":"mobile-align-left","17":"first","18":"instock","19":"virtual","20":"product-type-simple"},"acf":[],"_links":{"self":[{"href":"https:\/\/agrovin.com\/ro\/wp-json\/wp\/v2\/product\/105892","targetHints":{"allow":["GET"]}}],"collection":[{"href":"https:\/\/agrovin.com\/ro\/wp-json\/wp\/v2\/product"}],"about":[{"href":"https:\/\/agrovin.com\/ro\/wp-json\/wp\/v2\/types\/product"}],"version-history":[{"count":0,"href":"https:\/\/agrovin.com\/ro\/wp-json\/wp\/v2\/product\/105892\/revisions"}],"wp:featuredmedia":[{"embeddable":true,"href":"https:\/\/agrovin.com\/ro\/wp-json\/wp\/v2\/media\/105825"}],"wp:attachment":[{"href":"https:\/\/agrovin.com\/ro\/wp-json\/wp\/v2\/media?parent=105892"}],"wp:term":[{"taxonomy":"product_brand","embeddable":true,"href":"https:\/\/agrovin.com\/ro\/wp-json\/wp\/v2\/product_brand?post=105892"},{"taxonomy":"product_cat","embeddable":true,"href":"https:\/\/agrovin.com\/ro\/wp-json\/wp\/v2\/product_cat?post=105892"},{"taxonomy":"product_tag","embeddable":true,"href":"https:\/\/agrovin.com\/ro\/wp-json\/wp\/v2\/product_tag?post=105892"}],"curies":[{"name":"wp","href":"https:\/\/api.w.org\/{rel}","templated":true}]}}