{"id":105851,"date":"2023-05-23T08:53:46","date_gmt":"2023-05-23T07:53:46","guid":{"rendered":"https:\/\/agrovin.com\/fara-categorie\/viniferm-ns-chance\/"},"modified":"2024-05-27T07:29:20","modified_gmt":"2024-05-27T06:29:20","slug":"viniferm-ns-chance","status":"publish","type":"product","link":"https:\/\/agrovin.com\/ro\/produse-oenologice\/drojdie\/viniferm-ns-chance\/","title":{"rendered":"VINIFERM NS CHANCE"},"content":{"rendered":"<h3>CARACTERISTICI<\/h3>\n<p>Tulpin\u0103 de drojdie non-Saccharomyces Lachancea thermotolerans selectat\u0103 pentru capacitatea sa ridicat\u0103 de sintez\u0103 a acidului lactic. Utilizarea Viniferm NS CHANCE rezolv\u0103 problema pierderii de aciditate \u00een vinuri din cauza schimb\u0103rilor climatice. Aceasta \u00eencurajeaz\u0103 producerea de vinuri mai lungi, mai complexe \u0219i mai fine.<\/p>\n<h3>PROPRIET\u0102\u021aI OENOLOGICE<\/h3>\n<table style=\"height: 312px;\" width=\"764\">\n<tbody>\n<tr>\n<td width=\"281\"><strong>Puterea de fermentare<\/strong><\/td>\n<td width=\"246\">Mediu (&lt;10 %\/% vol.)<\/td>\n<\/tr>\n<tr>\n<td width=\"281\"><strong>Temperatura de lucru<\/strong><\/td>\n<td width=\"246\">14-20\u00baC<\/td>\n<\/tr>\n<tr>\n<td width=\"281\"><strong>NCerin\u021be nutri\u021bionale<\/strong><\/td>\n<td width=\"246\">Mediu (azot organic)<\/td>\n<\/tr>\n<tr>\n<td width=\"281\"><strong>Randament alcoolic<\/strong><\/td>\n<td width=\"246\">Sc\u0103zut<\/td>\n<\/tr>\n<tr>\n<td width=\"281\"><strong>Rezisten\u021ba la sulf <\/strong><\/td>\n<td width=\"246\">Moderat (&lt;50 ppm)<\/td>\n<\/tr>\n<tr>\n<td width=\"281\"><strong>Formarea acidit\u0103\u021bii volatile<\/strong><\/td>\n<td width=\"246\">Sc\u0103zut<\/td>\n<\/tr>\n<\/tbody>\n<\/table>\n<h3>DOSIS<\/h3>\n<p class=\"p1\"><span class=\"s1\">10-20 g\/hl <\/span><\/p>\n<h3>INSTRUC\u021aIUNI DE UTILIZARE<\/h3>\n<p>Pentru a ob\u021bine cele mai bune rezultate, este esen\u021bial s\u0103 se asigure o bun\u0103 implantare a tulpinii \u00een mediu, astfel \u00eenc\u00e2t este important s\u0103:<\/p>\n<p><span style=\"font-weight: 300;\">\u2192 S\u0103 se men\u021bin\u0103 o bun\u0103 igien\u0103 \u00een pivni\u021b\u0103.\u00a0<\/span><\/p>\n<p><span style=\"font-weight: 300;\">\u2192 Ad\u0103uga\u021bi drojdia c\u00e2t mai cur\u00e2nd posibil.\u00a0<\/span><\/p>\n<p><span style=\"font-weight: 300;\">\u2192 S\u0103 respecta\u021bi doza prescris\u0103.<\/span><\/p>\n<p><span style=\"font-weight: 300;\">\u2192 Rehidrata\u021bi bine drojdia.<\/span><\/p>\n<p><strong>Rehidratare :\u00a0<\/strong><\/p>\n<p><span style=\"font-weight: 300;\">1 &#8211; Ad\u0103uga\u021bi drojdia uscat\u0103 la o cantitate de ap\u0103 de 10 ori mai mare dec\u00e2t greutatea sa, la 35 oC &#8211; 40 oC (10 litri de ap\u0103 pentru 1 kg de drojdie).<\/span><\/p>\n<p><span style=\"font-weight: 300;\">2 &#8211; A\u0219tepta\u021bi 10 minute.\u00a0<\/span><\/p>\n<p><span style=\"font-weight: 300;\">3 &#8211; Amesteca\u021bi amestecul.\u00a0<\/span><\/p>\n<p><span style=\"font-weight: 300;\">4- A\u0219tepta\u021bi 10 minute \u0219i ad\u0103uga\u021bi la must, asigur\u00e2ndu-v\u0103 c\u0103 nu exist\u0103 o diferen\u021b\u0103 mai mare de 10\u00b0C \u00eentre mediul rehidratat \u0219i must.<\/span><\/p>\n<p><strong>Precau\u021bii de lucru :<\/strong><\/p>\n<p><span style=\"font-weight: 300;\">&#8211; \u00cen toate cazurile, drojdia nu trebuie s\u0103 fie rehidratat\u0103 mai mult de 30 de minute \u00een absen\u021ba zaharurilor.\u00a0<\/span><\/p>\n<p><span style=\"font-weight: 300;\">&#8211; Respectarea timpilor, temperaturilor \u0219i metodelor de utilizare descrise mai sus garanteaz\u0103 viabilitatea maxim\u0103 a drojdiei rehidratate.<\/span><\/p>\n<p>&nbsp;<\/p>\n","protected":false},"excerpt":{"rendered":"<p><span style=\"font-weight: 300;\">Tulpin\u0103 de drojdie non-Saccharomyces Lachancea thermotolerans selectat\u0103 pentru capacitatea sa ridicat\u0103 de sintez\u0103 a acidului lactic. Utilizarea Viniferm NS CHANCE rezolv\u0103 problema pierderii de aciditate \u00een vinuri din cauza schimb\u0103rilor climatice. Aceasta \u00eencurajeaz\u0103 producerea de vinuri mai lungi, mai complexe \u0219i mai fine.<\/span><\/p>\n<p><span style=\"font-weight: 300;\">Viniferm NS CHANCE nu numai c\u0103 are o putere acidifiant\u0103 ridicat\u0103 &#8211; formare crescut\u0103 de acid lactic -, dar cre\u0219te \u0219i complexitatea aromatic\u0103, \u00eembun\u0103t\u0103\u021be\u0219te fine\u021bea \u0219i moliciunea &#8211; datorit\u0103 form\u0103rii de glicerol &#8211; \u0219i produce vinuri cu aciditate volatil\u0103 sc\u0103zut\u0103 datorit\u0103 implant\u0103rii sale rapide.<\/span><\/p>\n<p>Selec\u021bia NS CHANCE este rezultatul unei activit\u0103\u021bi de cercetare extinse pe care Agrovin a \u00eenceput-o \u00een urm\u0103 cu mai bine de 10 ani, \u00een colaborare cu departamentul de Microbiologie III al Universit\u0103\u021bii Complutense din Madrid. Aceast\u0103 activitate, care a generat un know-how anterior, a culminat \u00eentr-un mod specific \u00een cadrul <a href=\"https:\/\/www.lowphwine.es\/\" target=\"_blank\" rel=\"nofollow noopener\">proiectului LowpHWine<\/a> (https:\/\/www.lowphwine.es\/), \u00eempreun\u0103 cu Universitatea Politehnic\u0103 din Madrid. Acesta este un proiect de consor\u021biu public-privat (IDI-20210393) care beneficiaz\u0103 de sprijinul financiar al CDTI Inovare prin Programul strategic CIEN (Consor\u021bii na\u021bionale de cercetare strategic\u0103) \u0219i care, dup\u0103 ce a \u00eenceput \u00een septembrie 2020, se va \u00eencheia la 31 august 2024.<\/p>\n<p><a href=\"https:\/\/www.tecnovino.com\/estudian-soluciones-para-evitar-la-perdida-de-acidez-en-los-vinos-como-consecuencia-del-cambio-climatico\/\" target=\"_blank\" rel=\"nofollow noopener\"><img decoding=\"async\" class=\"alignnone wp-image-107436\" src=\"https:\/\/agrovin.com\/wp-content\/uploads\/2023\/07\/Lowphwine-300x162.png\" alt=\"\" width=\"165\" height=\"89\" \/><\/a>\u00a0 \u00a0 \u00a0 \u00a0 <img decoding=\"async\" class=\"alignnone wp-image-107448\" style=\"font-weight: inherit;\" src=\"https:\/\/agrovin.com\/wp-content\/uploads\/2023\/07\/CDTI-1.png\" alt=\"\" width=\"93\" height=\"42\" \/><\/p>\n<p>&nbsp;<\/p>\n","protected":false},"featured_media":104239,"template":"","meta":{"_acf_changed":false,"inline_featured_image":false,"site-sidebar-layout":"default","site-content-layout":"default","ast-site-content-layout":"default","site-content-style":"default","site-sidebar-style":"default","ast-global-header-display":"","ast-banner-title-visibility":"","ast-main-header-display":"","ast-hfb-above-header-display":"","ast-hfb-below-header-display":"","ast-hfb-mobile-header-display":"","site-post-title":"","ast-breadcrumbs-content":"","ast-featured-img":"","footer-sml-layout":"","ast-disable-related-posts":"","theme-transparent-header-meta":"default","adv-header-id-meta":"","stick-header-meta":"","header-above-stick-meta":"","header-main-stick-meta":"","header-below-stick-meta":"","astra-migrate-meta-layouts":"default","ast-page-background-enabled":"default","ast-page-background-meta":{"desktop":{"background-color":"var(--ast-global-color-5)","background-image":"","background-repeat":"repeat","background-position":"center center","background-size":"auto","background-attachment":"scroll","background-type":"","background-media":"","overlay-type":"","overlay-color":"","overlay-opacity":"","overlay-gradient":""},"tablet":{"background-color":"","background-image":"","background-repeat":"repeat","background-position":"center center","background-size":"auto","background-attachment":"scroll","background-type":"","background-media":"","overlay-type":"","overlay-color":"","overlay-opacity":"","overlay-gradient":""},"mobile":{"background-color":"","background-image":"","background-repeat":"repeat","background-position":"center center","background-size":"auto","background-attachment":"scroll","background-type":"","background-media":"","overlay-type":"","overlay-color":"","overlay-opacity":"","overlay-gradient":""}},"ast-content-background-meta":{"desktop":{"background-color":"var(--ast-global-color-4)","background-image":"","background-repeat":"repeat","background-position":"center center","background-size":"auto","background-attachment":"scroll","background-type":"","background-media":"","overlay-type":"","overlay-color":"","overlay-opacity":"","overlay-gradient":""},"tablet":{"background-color":"var(--ast-global-color-4)","background-image":"","background-repeat":"repeat","background-position":"center center","background-size":"auto","background-attachment":"scroll","background-type":"","background-media":"","overlay-type":"","overlay-color":"","overlay-opacity":"","overlay-gradient":""},"mobile":{"background-color":"var(--ast-global-color-4)","background-image":"","background-repeat":"repeat","background-position":"center center","background-size":"auto","background-attachment":"scroll","background-type":"","background-media":"","overlay-type":"","overlay-color":"","overlay-opacity":"","overlay-gradient":""}}},"product_brand":[],"product_cat":[2089],"product_tag":[],"class_list":{"0":"post-105851","1":"product","2":"type-product","3":"status-publish","4":"has-post-thumbnail","6":"product_cat-drojdie","7":"pa_ecologico-autorizat-eu","8":"pa_estilo-de-vino-rosu","9":"pa_vegano-vegetarian","10":"desktop-align-left","11":"tablet-align-left","12":"mobile-align-left","14":"first","15":"instock","16":"virtual","17":"product-type-simple"},"acf":[],"_links":{"self":[{"href":"https:\/\/agrovin.com\/ro\/wp-json\/wp\/v2\/product\/105851","targetHints":{"allow":["GET"]}}],"collection":[{"href":"https:\/\/agrovin.com\/ro\/wp-json\/wp\/v2\/product"}],"about":[{"href":"https:\/\/agrovin.com\/ro\/wp-json\/wp\/v2\/types\/product"}],"version-history":[{"count":0,"href":"https:\/\/agrovin.com\/ro\/wp-json\/wp\/v2\/product\/105851\/revisions"}],"wp:featuredmedia":[{"embeddable":true,"href":"https:\/\/agrovin.com\/ro\/wp-json\/wp\/v2\/media\/104239"}],"wp:attachment":[{"href":"https:\/\/agrovin.com\/ro\/wp-json\/wp\/v2\/media?parent=105851"}],"wp:term":[{"taxonomy":"product_brand","embeddable":true,"href":"https:\/\/agrovin.com\/ro\/wp-json\/wp\/v2\/product_brand?post=105851"},{"taxonomy":"product_cat","embeddable":true,"href":"https:\/\/agrovin.com\/ro\/wp-json\/wp\/v2\/product_cat?post=105851"},{"taxonomy":"product_tag","embeddable":true,"href":"https:\/\/agrovin.com\/ro\/wp-json\/wp\/v2\/product_tag?post=105851"}],"curies":[{"name":"wp","href":"https:\/\/api.w.org\/{rel}","templated":true}]}}