{"id":104721,"date":"2023-05-23T11:18:37","date_gmt":"2023-05-23T10:18:37","guid":{"rendered":"https:\/\/agrovin.com\/fara-categorie\/clarifine-proyeast\/"},"modified":"2024-07-08T16:00:09","modified_gmt":"2024-07-08T15:00:09","slug":"clarifine-proyeast","status":"publish","type":"product","link":"https:\/\/agrovin.com\/ro\/produse-oenologice\/clarificanti\/clarifine-proyeast\/","title":{"rendered":"CLARIFINE PROYEAST"},"content":{"rendered":"<h3 class=\"p1\">APLICA\u021aIE<\/h3>\n<p class=\"p2\">Capacitatea sa excelent\u0103 de calibrare favorizeaz\u0103 claritatea vinurilor \u0219i, de asemenea, le spore\u0219te str\u0103lucirea.<\/p>\n<p class=\"p2\">\u00cen vinuri albe, ros\u00e9 \u0219i ro\u0219ii, cu scopul de:<\/p>\n<p>&#8211; Promoveaz\u0103 eliminarea polifenolilor oxida\u021bi \u0219i oxidabili, protej\u00e2nd vinul de oxidare \u0219i prevenind brunificarea \u0219i pierderea aromelor.<\/p>\n<p>&#8211; O finisare respectuoas\u0103, care elimin\u0103 taninurile cele mai astringente, \u00eembun\u0103t\u0103\u021bind fine\u021bea \u0219i respect\u00e2nd structura vinului.<\/p>\n<p>&#8211; Caracteristici senzoriale \u00eembun\u0103t\u0103\u021bite, se ob\u021bin vinuri cu o franche\u021be aromatic\u0103 mai mare.<\/p>\n<p>&#8211; Nu provoac\u0103 instabilitate proteic\u0103.<\/p>\n<h3><\/h3>\n<p>&nbsp;<\/p>\n<h3>DOZE<\/h3>\n<p>Vin alb \u0219i ros\u00e9: 1-10 g\/hl<\/p>\n<p>Vin ro\u0219u: 5-20 g\/hl<\/p>\n<p><strong>Doza maxim\u0103 legal\u0103<\/strong><\/p>\n<p>Must de struguri, vin alb \u0219i ros\u00e9: 30 g\/hl; vin ro\u0219u: 60 g\/hl<\/p>\n<h3><\/h3>\n<p>&nbsp;<\/p>\n<h3 class=\"p1\">MOD DE LUCRU<\/h3>\n<p class=\"p2\">1. Se dilueaz\u0103 cantitatea necesar\u0103 de Clarifine ProYeast cu ap\u0103 \u00een propor\u021bie de 1:10 \u0219i se omogenizeaz\u0103.<\/p>\n<p class=\"p2\">2. Dup\u0103 dizolvare, se adaug\u0103 la volumul total \u0219i se omogenizeaz\u0103 prin pompare.<\/p>\n<p>&nbsp;<\/p>\n<p class=\"p2\"><em>*\u00cen cazul vinurilor albe \u0219i ros\u00e9, se recomand\u0103 ad\u0103ugarea de adjuvan\u021bi de limpezire, cum ar fi bentonita, solul de siliciu sau taninul, pentru a \u00eembun\u0103t\u0103\u021bi flocularea.<\/em><\/p>\n<p>&nbsp;<\/p>\n","protected":false},"excerpt":{"rendered":"<p>Clarifine ProYeast este un clarificator pe baz\u0103 de extract proteic de drojdie <em>Saccharomyces cerevisiae. <\/em><\/p>\n<p>Procesul s\u0103u delicat de extrac\u021bie produce o protein\u0103 de drojdie cu o greutate molecular\u0103 mai mare de 15 KDa \u0219i o capacitate de calibrare excelent\u0103, potrivit\u0103 pentru un limpezire subtil\u0103 a vinurilor albe, ros\u00e9 \u0219i ro\u0219ii.<\/p>\n<p><img fetchpriority=\"high\" decoding=\"async\" class=\"alignnone size-medium wp-image-105411\" src=\"https:\/\/agrovin.com\/wp-content\/uploads\/2023\/06\/RU-Iconos.svg\" alt=\"\" width=\"300\" height=\"300\" \/><\/p>\n","protected":false},"featured_media":104320,"template":"","meta":{"_acf_changed":false,"inline_featured_image":false,"site-sidebar-layout":"default","site-content-layout":"default","ast-site-content-layout":"default","site-content-style":"default","site-sidebar-style":"default","ast-global-header-display":"","ast-banner-title-visibility":"","ast-main-header-display":"","ast-hfb-above-header-display":"","ast-hfb-below-header-display":"","ast-hfb-mobile-header-display":"","site-post-title":"","ast-breadcrumbs-content":"","ast-featured-img":"","footer-sml-layout":"","ast-disable-related-posts":"","theme-transparent-header-meta":"default","adv-header-id-meta":"","stick-header-meta":"","header-above-stick-meta":"","header-main-stick-meta":"","header-below-stick-meta":"","astra-migrate-meta-layouts":"default","ast-page-background-enabled":"default","ast-page-background-meta":{"desktop":{"background-color":"var(--ast-global-color-5)","background-image":"","background-repeat":"repeat","background-position":"center center","background-size":"auto","background-attachment":"scroll","background-type":"","background-media":"","overlay-type":"","overlay-color":"","overlay-opacity":"","overlay-gradient":""},"tablet":{"background-color":"","background-image":"","background-repeat":"repeat","background-position":"center center","background-size":"auto","background-attachment":"scroll","background-type":"","background-media":"","overlay-type":"","overlay-color":"","overlay-opacity":"","overlay-gradient":""},"mobile":{"background-color":"","background-image":"","background-repeat":"repeat","background-position":"center center","background-size":"auto","background-attachment":"scroll","background-type":"","background-media":"","overlay-type":"","overlay-color":"","overlay-opacity":"","overlay-gradient":""}},"ast-content-background-meta":{"desktop":{"background-color":"var(--ast-global-color-4)","background-image":"","background-repeat":"repeat","background-position":"center center","background-size":"auto","background-attachment":"scroll","background-type":"","background-media":"","overlay-type":"","overlay-color":"","overlay-opacity":"","overlay-gradient":""},"tablet":{"background-color":"var(--ast-global-color-4)","background-image":"","background-repeat":"repeat","background-position":"center center","background-size":"auto","background-attachment":"scroll","background-type":"","background-media":"","overlay-type":"","overlay-color":"","overlay-opacity":"","overlay-gradient":""},"mobile":{"background-color":"var(--ast-global-color-4)","background-image":"","background-repeat":"repeat","background-position":"center center","background-size":"auto","background-attachment":"scroll","background-type":"","background-media":"","overlay-type":"","overlay-color":"","overlay-opacity":"","overlay-gradient":""}}},"product_brand":[],"product_cat":[168],"product_tag":[],"class_list":{"0":"post-104721","1":"product","2":"type-product","3":"status-publish","4":"has-post-thumbnail","6":"product_cat-clarificanti","7":"pa_ecologico-autorizat-eu","8":"pa_ecologico-autorizat-nop-usda","9":"pa_estilo-de-vino-alb","10":"pa_estilo-de-vino-rosu","11":"pa_estilo-de-vino-roz","12":"pa_objetivo-clarificare","13":"pa_objetivo-imbunatatirea-senzoriala","14":"pa_objetivo-stabilitatea-culorii","15":"pa_origen-vegetala","16":"pa_vegano-vegetarian","17":"desktop-align-left","18":"tablet-align-left","19":"mobile-align-left","21":"first","22":"instock","23":"virtual","24":"product-type-simple"},"acf":[],"_links":{"self":[{"href":"https:\/\/agrovin.com\/ro\/wp-json\/wp\/v2\/product\/104721","targetHints":{"allow":["GET"]}}],"collection":[{"href":"https:\/\/agrovin.com\/ro\/wp-json\/wp\/v2\/product"}],"about":[{"href":"https:\/\/agrovin.com\/ro\/wp-json\/wp\/v2\/types\/product"}],"version-history":[{"count":0,"href":"https:\/\/agrovin.com\/ro\/wp-json\/wp\/v2\/product\/104721\/revisions"}],"wp:featuredmedia":[{"embeddable":true,"href":"https:\/\/agrovin.com\/ro\/wp-json\/wp\/v2\/media\/104320"}],"wp:attachment":[{"href":"https:\/\/agrovin.com\/ro\/wp-json\/wp\/v2\/media?parent=104721"}],"wp:term":[{"taxonomy":"product_brand","embeddable":true,"href":"https:\/\/agrovin.com\/ro\/wp-json\/wp\/v2\/product_brand?post=104721"},{"taxonomy":"product_cat","embeddable":true,"href":"https:\/\/agrovin.com\/ro\/wp-json\/wp\/v2\/product_cat?post=104721"},{"taxonomy":"product_tag","embeddable":true,"href":"https:\/\/agrovin.com\/ro\/wp-json\/wp\/v2\/product_tag?post=104721"}],"curies":[{"name":"wp","href":"https:\/\/api.w.org\/{rel}","templated":true}]}}