{"id":104501,"date":"2023-05-11T13:36:46","date_gmt":"2023-05-11T12:36:46","guid":{"rendered":"https:\/\/agrovin.com\/?post_type=product&#038;p=104501"},"modified":"2026-02-03T12:21:07","modified_gmt":"2026-02-03T10:21:07","slug":"acido-fumarico","status":"publish","type":"product","link":"https:\/\/agrovin.com\/ro\/produse-oenologice\/control-microbiologic-ro-produse-oenologice\/acido-fumarico\/","title":{"rendered":"ACID FUMARIC"},"content":{"rendered":"<h4>APLICA\u021aIE<\/h4>\n<p>\u00cen vinul alb \u0219i ro\u0219u:<\/p>\n<p>1. Controlul cre\u0219terii \u0219i activit\u0103\u021bii bacteriilor lactice 2. Controlul cre\u0219terii \u0219i activit\u0103\u021bii bacteriilor lactice.<\/p>\n<p>2. Reducerea dozei de dioxid de sulf.<\/p>\n<p>3. P\u0103strarea acidit\u0103\u021bii malice.<\/p>\n<h4>DOZARE<\/h4>\n<p>Vin : 30-60 g\/hl<\/p>\n<h4>INSTRUC\u021aIUNI DE UTILIZARE<\/h4>\n<p>1. Se resuspend\u0103 \u00een 15 ori greutatea sa \u00een vin, cu agitare.<\/p>\n<p>2. Se adaug\u0103 la volumul total de vin cu omogenizare continu\u0103. 3. Asigura\u021bi o temperatur\u0103 de peste 10\u00baC.<\/p>\n","protected":false},"excerpt":{"rendered":"<p>Acidul fumaric este un stabilizator biologic cu efect bactericid \u0219i bacteriostatic \u00eempotriva bacteriilor lactice.<\/p>\n<p>Acesta ac\u021bioneaz\u0103 ca inhibitor al fermenta\u021biei malolactice (FML) la doze mici \u0219i f\u0103r\u0103 repercusiuni organoleptice.<\/p>\n","protected":false},"featured_media":104259,"template":"","meta":{"_acf_changed":false,"inline_featured_image":false,"site-sidebar-layout":"default","site-content-layout":"default","ast-site-content-layout":"default","site-content-style":"default","site-sidebar-style":"default","ast-global-header-display":"","ast-banner-title-visibility":"","ast-main-header-display":"","ast-hfb-above-header-display":"","ast-hfb-below-header-display":"","ast-hfb-mobile-header-display":"","site-post-title":"","ast-breadcrumbs-content":"","ast-featured-img":"","footer-sml-layout":"","ast-disable-related-posts":"","theme-transparent-header-meta":"default","adv-header-id-meta":"","stick-header-meta":"","header-above-stick-meta":"","header-main-stick-meta":"","header-below-stick-meta":"","astra-migrate-meta-layouts":"set","ast-page-background-enabled":"default","ast-page-background-meta":{"desktop":{"background-color":"var(--ast-global-color-5)","background-image":"","background-repeat":"repeat","background-position":"center center","background-size":"auto","background-attachment":"scroll","background-type":"","background-media":"","overlay-type":"","overlay-color":"","overlay-opacity":"","overlay-gradient":""},"tablet":{"background-color":"","background-image":"","background-repeat":"repeat","background-position":"center center","background-size":"auto","background-attachment":"scroll","background-type":"","background-media":"","overlay-type":"","overlay-color":"","overlay-opacity":"","overlay-gradient":""},"mobile":{"background-color":"","background-image":"","background-repeat":"repeat","background-position":"center center","background-size":"auto","background-attachment":"scroll","background-type":"","background-media":"","overlay-type":"","overlay-color":"","overlay-opacity":"","overlay-gradient":""}},"ast-content-background-meta":{"desktop":{"background-color":"var(--ast-global-color-4)","background-image":"","background-repeat":"repeat","background-position":"center center","background-size":"auto","background-attachment":"scroll","background-type":"","background-media":"","overlay-type":"","overlay-color":"","overlay-opacity":"","overlay-gradient":""},"tablet":{"background-color":"var(--ast-global-color-4)","background-image":"","background-repeat":"repeat","background-position":"center center","background-size":"auto","background-attachment":"scroll","background-type":"","background-media":"","overlay-type":"","overlay-color":"","overlay-opacity":"","overlay-gradient":""},"mobile":{"background-color":"var(--ast-global-color-4)","background-image":"","background-repeat":"repeat","background-position":"center center","background-size":"auto","background-attachment":"scroll","background-type":"","background-media":"","overlay-type":"","overlay-color":"","overlay-opacity":"","overlay-gradient":""}}},"product_brand":[],"product_cat":[890],"product_tag":[],"class_list":{"0":"post-104501","1":"product","2":"type-product","3":"status-publish","4":"has-post-thumbnail","6":"product_cat-control-microbiologic-ro-produse-oenologice","7":"pa_ecologico-autorizat-eu","8":"pa_estilo-de-vino-alb","9":"pa_estilo-de-vino-rosu","10":"pa_objetivo-protectie-microbiologica","11":"pa_objetivo-stabilizare","12":"pa_vegano-vegetarian","13":"desktop-align-left","14":"tablet-align-left","15":"mobile-align-left","17":"first","18":"instock","19":"virtual","20":"product-type-simple"},"acf":[],"_links":{"self":[{"href":"https:\/\/agrovin.com\/ro\/wp-json\/wp\/v2\/product\/104501","targetHints":{"allow":["GET"]}}],"collection":[{"href":"https:\/\/agrovin.com\/ro\/wp-json\/wp\/v2\/product"}],"about":[{"href":"https:\/\/agrovin.com\/ro\/wp-json\/wp\/v2\/types\/product"}],"version-history":[{"count":1,"href":"https:\/\/agrovin.com\/ro\/wp-json\/wp\/v2\/product\/104501\/revisions"}],"predecessor-version":[{"id":124303,"href":"https:\/\/agrovin.com\/ro\/wp-json\/wp\/v2\/product\/104501\/revisions\/124303"}],"wp:featuredmedia":[{"embeddable":true,"href":"https:\/\/agrovin.com\/ro\/wp-json\/wp\/v2\/media\/104259"}],"wp:attachment":[{"href":"https:\/\/agrovin.com\/ro\/wp-json\/wp\/v2\/media?parent=104501"}],"wp:term":[{"taxonomy":"product_brand","embeddable":true,"href":"https:\/\/agrovin.com\/ro\/wp-json\/wp\/v2\/product_brand?post=104501"},{"taxonomy":"product_cat","embeddable":true,"href":"https:\/\/agrovin.com\/ro\/wp-json\/wp\/v2\/product_cat?post=104501"},{"taxonomy":"product_tag","embeddable":true,"href":"https:\/\/agrovin.com\/ro\/wp-json\/wp\/v2\/product_tag?post=104501"}],"curies":[{"name":"wp","href":"https:\/\/api.w.org\/{rel}","templated":true}]}}