{"id":104098,"date":"2023-05-10T15:42:45","date_gmt":"2023-05-10T14:42:47","guid":{"rendered":"https:\/\/agrovin.com\/?post_type=product&#038;p=104098"},"modified":"2024-06-20T11:17:05","modified_gmt":"2024-06-20T10:17:05","slug":"viniferm-direct","status":"publish","type":"product","link":"https:\/\/agrovin.com\/ro\/produse-oenologice\/drojdie\/viniferm-direct\/","title":{"rendered":"VINIFERM DIRECT"},"content":{"rendered":"<h4>CARACTERISTICI<\/h4>\n<p>Viniferm Direct este o drojdie cu un profil varietal marcat care, datorit\u0103 eliber\u0103rii ridicate de polizaharide, \u00eembun\u0103t\u0103\u021be\u0219te fine\u021bea \u00een gur\u0103 \u00een vinurile structurate cu o component\u0103 polifenolic\u0103 ridicat\u0103. De asemenea, ajut\u0103 la reechilibrarea vinurilor ob\u021binute din struguri cu o maturare mai pu\u021bin echilibrat\u0103.<\/p>\n<h4>DOZE<\/h4>\n<p>Vinificare \u00een adaos direct: 30-40 g\/hl<\/p>\n<p>Vinificare \u00een rehidratare tradi\u021bional\u0103: 20-30 g\/hl<\/p>\n<h4>INSTRUC\u021aIUNI DE UTILIZARE<\/h4>\n<p>Viniferm Direct poate fi utilizat at\u00e2t \u00een rehidratare tradi\u021bional\u0103, c\u00e2t \u0219i \u00een adaos direct.<\/p>\n<p><strong>Rehidratare:<\/strong><\/p>\n<p>1. Se adaug\u0103 drojdiile uscate \u00een 10 ori greutatea lor \u00een ap\u0103 la 35- 40\u00b0C (10 litri de ap\u0103 pentru 1 kg de drojdie).<\/p>\n<p>2. A\u0219tepta\u021bi 10 minute.<\/p>\n<p>3. Se agit\u0103 amestecul.<\/p>\n<p>4. A\u0219tepta\u021bi 10 minute \u0219i ad\u0103uga\u021bi \u00een must, av\u00e2nd grij\u0103 s\u0103 evita\u021bi o diferen\u021b\u0103 mai mare de 10\u00b0C \u00eentre mediul rehidratat \u0219i must.<\/p>\n<p><strong>Ad\u0103ugare direct\u0103:<\/strong><\/p>\n<p>Lucr\u0103rile de adi\u021bie direct\u0103 pot fi efectuate pe o frac\u021biune de must sau pe capac:<\/p>\n<p><strong>Ad\u0103ugare pe capac:<\/strong><\/p>\n<p>1. Se presar\u0103 pe capac, asigur\u00e2nd o bun\u0103 acoperire a capacului. 2. Se presar\u0103 pe capac.<\/p>\n<p>2. Efectua\u021bi un pompare deschis timp de 30 de minute dup\u0103 ad\u0103ugarea drojdiei.<\/p>\n<p><strong>Ad\u0103ugare pe frac\u021biunea de must:<\/strong><\/p>\n<p>1. Se adaug\u0103 peste o frac\u021biune de must (Minimum 20 de ori greutatea sa \u00een must).<\/p>\n<p>2. A\u0219tepta\u021bi 10 minute.<\/p>\n<p>3. Se agit\u0103 amestecul.<\/p>\n<p>4. A\u0219tepta\u021bi 10 minute \u0219i ad\u0103uga\u021bi \u00een rezervor.<\/p>\n<p>5. Dup\u0103 ad\u0103ugarea \u00een rezervor, efectua\u021bi o pompare deschis\u0103.<\/p>\n","protected":false},"excerpt":{"rendered":"<p>Viniferm Direct este o drojdie special selectat\u0103 pentru o aplicare u\u0219oar\u0103 \u00een cram\u0103, cu o bun\u0103 adaptabilitate la condi\u021biile limit\u0103 ale mustului.<\/p>\n<p>Procesul de produc\u021bie \u0219i caracteristicile intrinseci ale tulpinii de drojdie favorizeaz\u0103 implementarea Viniferm Direct f\u0103r\u0103 hidratarea tradi\u021bional\u0103 a drojdiei.<\/p>\n<p>Potrivit pentru vinurile ro\u0219ii \u00een care se dore\u0219te punerea \u00een valoare a profilului varietal. \u00cembun\u0103t\u0103\u021birea calit\u0103\u021bilor organoleptice ale vinurilor provenite din struguri cu o component\u0103 taninic\u0103 ridicat\u0103 sau cu un echilibru de maturare mai redus.<\/p>\n","protected":false},"featured_media":104111,"template":"","meta":{"_acf_changed":false,"inline_featured_image":false,"site-sidebar-layout":"default","site-content-layout":"default","ast-site-content-layout":"default","site-content-style":"default","site-sidebar-style":"default","ast-global-header-display":"","ast-banner-title-visibility":"","ast-main-header-display":"","ast-hfb-above-header-display":"","ast-hfb-below-header-display":"","ast-hfb-mobile-header-display":"","site-post-title":"","ast-breadcrumbs-content":"","ast-featured-img":"","footer-sml-layout":"","ast-disable-related-posts":"","theme-transparent-header-meta":"default","adv-header-id-meta":"","stick-header-meta":"","header-above-stick-meta":"","header-main-stick-meta":"","header-below-stick-meta":"","astra-migrate-meta-layouts":"default","ast-page-background-enabled":"default","ast-page-background-meta":{"desktop":{"background-color":"var(--ast-global-color-5)","background-image":"","background-repeat":"repeat","background-position":"center center","background-size":"auto","background-attachment":"scroll","background-type":"","background-media":"","overlay-type":"","overlay-color":"","overlay-opacity":"","overlay-gradient":""},"tablet":{"background-color":"","background-image":"","background-repeat":"repeat","background-position":"center center","background-size":"auto","background-attachment":"scroll","background-type":"","background-media":"","overlay-type":"","overlay-color":"","overlay-opacity":"","overlay-gradient":""},"mobile":{"background-color":"","background-image":"","background-repeat":"repeat","background-position":"center center","background-size":"auto","background-attachment":"scroll","background-type":"","background-media":"","overlay-type":"","overlay-color":"","overlay-opacity":"","overlay-gradient":""}},"ast-content-background-meta":{"desktop":{"background-color":"var(--ast-global-color-4)","background-image":"","background-repeat":"repeat","background-position":"center center","background-size":"auto","background-attachment":"scroll","background-type":"","background-media":"","overlay-type":"","overlay-color":"","overlay-opacity":"","overlay-gradient":""},"tablet":{"background-color":"var(--ast-global-color-4)","background-image":"","background-repeat":"repeat","background-position":"center center","background-size":"auto","background-attachment":"scroll","background-type":"","background-media":"","overlay-type":"","overlay-color":"","overlay-opacity":"","overlay-gradient":""},"mobile":{"background-color":"var(--ast-global-color-4)","background-image":"","background-repeat":"repeat","background-position":"center center","background-size":"auto","background-attachment":"scroll","background-type":"","background-media":"","overlay-type":"","overlay-color":"","overlay-opacity":"","overlay-gradient":""}}},"product_brand":[],"product_cat":[2089],"product_tag":[],"class_list":{"0":"post-104098","1":"product","2":"type-product","3":"status-publish","4":"has-post-thumbnail","6":"product_cat-drojdie","7":"pa_ecologico-autorizat-eu","8":"pa_estilo-de-vino-rosu","9":"pa_vegano-vegetarian","10":"desktop-align-left","11":"tablet-align-left","12":"mobile-align-left","14":"first","15":"instock","16":"virtual","17":"product-type-simple"},"acf":[],"_links":{"self":[{"href":"https:\/\/agrovin.com\/ro\/wp-json\/wp\/v2\/product\/104098","targetHints":{"allow":["GET"]}}],"collection":[{"href":"https:\/\/agrovin.com\/ro\/wp-json\/wp\/v2\/product"}],"about":[{"href":"https:\/\/agrovin.com\/ro\/wp-json\/wp\/v2\/types\/product"}],"version-history":[{"count":0,"href":"https:\/\/agrovin.com\/ro\/wp-json\/wp\/v2\/product\/104098\/revisions"}],"wp:featuredmedia":[{"embeddable":true,"href":"https:\/\/agrovin.com\/ro\/wp-json\/wp\/v2\/media\/104111"}],"wp:attachment":[{"href":"https:\/\/agrovin.com\/ro\/wp-json\/wp\/v2\/media?parent=104098"}],"wp:term":[{"taxonomy":"product_brand","embeddable":true,"href":"https:\/\/agrovin.com\/ro\/wp-json\/wp\/v2\/product_brand?post=104098"},{"taxonomy":"product_cat","embeddable":true,"href":"https:\/\/agrovin.com\/ro\/wp-json\/wp\/v2\/product_cat?post=104098"},{"taxonomy":"product_tag","embeddable":true,"href":"https:\/\/agrovin.com\/ro\/wp-json\/wp\/v2\/product_tag?post=104098"}],"curies":[{"name":"wp","href":"https:\/\/api.w.org\/{rel}","templated":true}]}}