{"id":102266,"date":"2023-02-20T20:59:15","date_gmt":"2023-02-20T20:30:32","guid":{"rendered":"https:\/\/agrovin.com\/?post_type=product&#038;p=102266"},"modified":"2023-02-20T21:30:32","modified_gmt":"2023-02-20T20:30:32","slug":"beco-acf-07","status":"publish","type":"product","link":"https:\/\/agrovin.com\/ro\/produse-oenologice\/produse-filtrare\/beco-acf-07\/","title":{"rendered":"BECO ACF 07"},"content":{"rendered":"<h3>CARACTERISTICI<\/h3>\n<p>Acestea \u00ee\u0219i exercit\u0103 efectul de filtrare \u00een zona anterioar\u0103 \u0219i profund\u0103 a structurii materialului (filtrare static\u0103 \u00een profunzime). Porozitatea acestor pl\u0103ci este ob\u021binut\u0103 ca urmare a amestecului de materiale grosiere \u0219i fine, a c\u0103ror propor\u021bie este predeterminat\u0103 pentru fiecare tip de plac\u0103.<br \/>\nPlaca de c\u0103rbune activ BECO ACF 07 este un material inert microporos, sp\u0103lat cu acid, activat cu abur. \u00cen timpul decolor\u0103rii produselor, se creeaz\u0103 o leg\u0103tur\u0103 fizic\u0103 \u00eentre c\u0103rbunele activ \u0219i poluan\u021bii sau coloran\u021bii de pe suprafa\u021ba sa interioar\u0103, care este nepolar\u0103, dob\u00e2ndind o afinitate ridicat\u0103 pentru moleculele organice.<br \/>\nSistemul de filtrare \u00een profunzime ofer\u0103 o serie de avantaje fa\u021b\u0103 de alte metode de filtrare cu pl\u0103ci filtrante BECO:<br \/>\nSistemele de filtrare prin sit\u0103 sunt combinate cu efectul de adsorb\u021bie.<br \/>\nStructura diferen\u021biat\u0103 a porilor, \u00een func\u021bie de tipul de filtru, \u0219i suprafa\u021ba interioar\u0103 maxim\u0103 asigur\u0103 \u00eentotdeauna o bun\u0103 eficien\u021b\u0103 de clarificare cu performan\u021be ridicate.<\/p>\n<p>Avantajele specifice ale BECO ACF 07:<\/p>\n<ul>\n<li>Capacitate mare de adsorb\u021bie pentru decolorare \u0219i \u00eendep\u0103rtarea aromelor nedorite.<\/li>\n<li>Structur\u0103 fibroas\u0103 \u0219i poroas\u0103 diferen\u021biat\u0103, cu o suprafa\u021b\u0103 interioar\u0103 mare pentru o gam\u0103 larg\u0103 de aplica\u021bii \u0219i condi\u021bii de lucru.<\/li>\n<li>Foarte u\u0219or de utilizat, permi\u021b\u00e2nd o manipulare f\u0103r\u0103 praf.<\/li>\n<\/ul>\n","protected":false},"excerpt":{"rendered":"<p>Placa de filtrare BECO ACF 07 este utilizat\u0103 \u00een procesele care necesit\u0103 o filtrare riguroas\u0103 a lichidelor \u00een industria chimic\u0103, farmaceutic\u0103, cosmetic\u0103, alimentar\u0103 \u0219i biotehnologic\u0103. Are o capacitate mare de absorb\u021bie datorit\u0103 con\u021binutului ridicat de carbon activ.<\/p>\n","protected":false},"featured_media":14595,"template":"","meta":{"_acf_changed":false,"inline_featured_image":false,"site-sidebar-layout":"default","site-content-layout":"default","ast-site-content-layout":"default","site-content-style":"default","site-sidebar-style":"default","ast-global-header-display":"","ast-banner-title-visibility":"","ast-main-header-display":"","ast-hfb-above-header-display":"","ast-hfb-below-header-display":"","ast-hfb-mobile-header-display":"","site-post-title":"","ast-breadcrumbs-content":"","ast-featured-img":"","footer-sml-layout":"","ast-disable-related-posts":"","theme-transparent-header-meta":"default","adv-header-id-meta":"","stick-header-meta":"","header-above-stick-meta":"","header-main-stick-meta":"","header-below-stick-meta":"","astra-migrate-meta-layouts":"default","ast-page-background-enabled":"default","ast-page-background-meta":{"desktop":{"background-color":"var(--ast-global-color-5)","background-image":"","background-repeat":"repeat","background-position":"center center","background-size":"auto","background-attachment":"scroll","background-type":"","background-media":"","overlay-type":"","overlay-color":"","overlay-opacity":"","overlay-gradient":""},"tablet":{"background-color":"","background-image":"","background-repeat":"repeat","background-position":"center center","background-size":"auto","background-attachment":"scroll","background-type":"","background-media":"","overlay-type":"","overlay-color":"","overlay-opacity":"","overlay-gradient":""},"mobile":{"background-color":"","background-image":"","background-repeat":"repeat","background-position":"center center","background-size":"auto","background-attachment":"scroll","background-type":"","background-media":"","overlay-type":"","overlay-color":"","overlay-opacity":"","overlay-gradient":""}},"ast-content-background-meta":{"desktop":{"background-color":"var(--ast-global-color-4)","background-image":"","background-repeat":"repeat","background-position":"center center","background-size":"auto","background-attachment":"scroll","background-type":"","background-media":"","overlay-type":"","overlay-color":"","overlay-opacity":"","overlay-gradient":""},"tablet":{"background-color":"var(--ast-global-color-4)","background-image":"","background-repeat":"repeat","background-position":"center center","background-size":"auto","background-attachment":"scroll","background-type":"","background-media":"","overlay-type":"","overlay-color":"","overlay-opacity":"","overlay-gradient":""},"mobile":{"background-color":"var(--ast-global-color-4)","background-image":"","background-repeat":"repeat","background-position":"center center","background-size":"auto","background-attachment":"scroll","background-type":"","background-media":"","overlay-type":"","overlay-color":"","overlay-opacity":"","overlay-gradient":""}}},"product_brand":[],"product_cat":[360],"product_tag":[],"class_list":{"0":"post-102266","1":"product","2":"type-product","3":"status-publish","4":"has-post-thumbnail","6":"product_cat-produse-filtrare","7":"desktop-align-left","8":"tablet-align-left","9":"mobile-align-left","11":"first","12":"instock","13":"shipping-taxable","14":"product-type-simple"},"acf":[],"_links":{"self":[{"href":"https:\/\/agrovin.com\/ro\/wp-json\/wp\/v2\/product\/102266","targetHints":{"allow":["GET"]}}],"collection":[{"href":"https:\/\/agrovin.com\/ro\/wp-json\/wp\/v2\/product"}],"about":[{"href":"https:\/\/agrovin.com\/ro\/wp-json\/wp\/v2\/types\/product"}],"version-history":[{"count":0,"href":"https:\/\/agrovin.com\/ro\/wp-json\/wp\/v2\/product\/102266\/revisions"}],"wp:featuredmedia":[{"embeddable":true,"href":"https:\/\/agrovin.com\/ro\/wp-json\/wp\/v2\/media\/14595"}],"wp:attachment":[{"href":"https:\/\/agrovin.com\/ro\/wp-json\/wp\/v2\/media?parent=102266"}],"wp:term":[{"taxonomy":"product_brand","embeddable":true,"href":"https:\/\/agrovin.com\/ro\/wp-json\/wp\/v2\/product_brand?post=102266"},{"taxonomy":"product_cat","embeddable":true,"href":"https:\/\/agrovin.com\/ro\/wp-json\/wp\/v2\/product_cat?post=102266"},{"taxonomy":"product_tag","embeddable":true,"href":"https:\/\/agrovin.com\/ro\/wp-json\/wp\/v2\/product_tag?post=102266"}],"curies":[{"name":"wp","href":"https:\/\/api.w.org\/{rel}","templated":true}]}}