{"id":102213,"date":"2023-02-20T11:24:20","date_gmt":"2023-02-20T10:23:44","guid":{"rendered":"https:\/\/agrovin.com\/?post_type=product&#038;p=102213"},"modified":"2024-08-22T18:20:11","modified_gmt":"2024-08-22T17:20:11","slug":"becopad","status":"publish","type":"product","link":"https:\/\/agrovin.com\/ro\/produse-oenologice\/produse-filtrare\/becopad\/","title":{"rendered":"BECOPAD"},"content":{"rendered":"<h3>CARACTERISTICI<\/h3>\n<p>BECOPAD este o nou\u0103 tehnologie de filtrare \u00een profunzime f\u0103r\u0103 agregate minerale, de la filtrarea grosier\u0103 p\u00e2n\u0103 la filtrarea pentru reducerea substan\u021bial\u0103 a con\u021binutului microbian al lichidului alimentar.<br \/>\nBEGEROW a dezvoltat aceast\u0103 inova\u021bie \u00eempreun\u0103 cu propria echip\u0103 de cercetare. Folosind tehnologia \u201cbepure\u00ae\u201d, fibrele de celuloz\u0103 de \u00eenalt\u0103 puritate sunt \u00eempletite pentru a forma o structur\u0103 unic\u0103 \u0219i compact\u0103, care nu necesit\u0103 ad\u0103ugarea de componente anorganice pentru a reduce porozitatea \u0219i a ob\u021bine astfel o eficien\u021b\u0103 mai mare de re\u021binere a microorganismelor. Pl\u0103cile BECOPAD se disting prin puritatea lor ridicat\u0103; con\u021binutul de ioni \u0219i substan\u021be care pot altera profilul senzorial al alimentelor este semnificativ mai mic dec\u00e2t \u00een cazul pl\u0103cilor conven\u021bionale.<br \/>\nPrin utilizarea pl\u0103cilor BECOPAD, volumul de ap\u0103 de sp\u0103lare este redus cu 50%, ciclurile de filtrare sunt prelungite cu p\u00e2n\u0103 la 20%, pierderile prin picurare sunt reduse cu p\u00e2n\u0103 la 99%, iar pierderile de culoare datorate adsorb\u021biei sunt reduse la minimum. Acestea sunt fabricate f\u0103r\u0103 aditivi minerali, ceea ce elimin\u0103 contribu\u021bia ionilor solubili (Fe \u0219i Al) \u00een vin \u0219i face din ele un produs biodegradabil.<\/p>\n<h3>APLICA\u021aIE<\/h3>\n<p>Tehnologia BECOPAD poate fi utilizat\u0103 pentru filtrarea oric\u0103rui aliment lichid, de la filtrarea grosier\u0103 p\u00e2n\u0103 la filtrarea \u00een scopul reducerii substan\u021biale a con\u021binutului microbian.<\/p>\n<ul>\n<li>BECOPAD 115C: Filtrare cu un grad ridicat de reten\u021bie a microorganismelor. Acest mediu de filtrare \u00een profunzime este utilizat \u00een mod ideal ca protec\u021bie a membranei.<\/li>\n<li>BECOPAD 120: Filtrat cu un grad ridicat de reten\u021bie a microorganismelor. Filtrare pentru separarea bacteriilor \u00een produsele supra\u00eenc\u0103rcate sau sensibile.<\/li>\n<li>BECOPAD 170: Filtrare cu un grad ridicat de reten\u021bie a microorganismelor pentru umplere sau depozitare \u00een cazul unui debit ridicat.<\/li>\n<li>BECOPAD 220: Filtrare cu un grad ridicat de reten\u021bie a microorganismelor pentru sarcini medii de produc\u021bie.<\/li>\n<li>BECOPAD 270: Filtrare cu un grad variabil de reten\u021bie a microorganismelor pentru sarcini de produc\u021bie mai mici.<\/li>\n<li>BECOPAD 350: Filtrare cu un grad variabil de reten\u021bie a microorganismelor, reducerea drojdiei \u0219i a bacteriilor.<\/li>\n<li>BECOPAD 450: filtrat de clarificare pentru re\u021binerea particulelor fine.<\/li>\n<li>BECOPAD 550: filtrat de clarificare pentru re\u021binerea particulelor grosiere.<\/li>\n<\/ul>\n","protected":false},"excerpt":{"rendered":"<p>Pl\u0103ci filtrante de ad\u00e2ncime f\u0103r\u0103 agregate minerale, pentru industria alimentar\u0103 \u0219i a vinului. BECOPAD dezvolt\u0103 o nou\u0103 tehnologie de filtrare \u00een profunzime f\u0103r\u0103 agregate minerale, de la filtrarea grosier\u0103 p\u00e2n\u0103 la filtrarea pentru reducerea substan\u021bial\u0103 a con\u021binutului microbian al lichidului alimentar. Folosind tehnologia \u201cbepure\u00ae\u201d, fibrele de celuloz\u0103 de \u00eenalt\u0103 puritate sunt \u00eempletite pentru a forma o structur\u0103 unic\u0103 \u0219i compact\u0103, care nu necesit\u0103 ad\u0103ugarea de compu\u0219i minerali pentru a reduce porozitatea \u0219i a ob\u021bine astfel o eficien\u021b\u0103 mai mare de re\u021binere a microorganismelor.<\/p>\n<p>Pl\u0103cile BECOPAD se disting prin puritatea lor ridicat\u0103; con\u021binutul de ioni \u0219i substan\u021be care pot altera profilul senzorial al alimentelor este semnificativ mai mic dec\u00e2t \u00een cazul pl\u0103cilor conven\u021bionale. Tipul de filtrare care trebuie efectuat \u00een func\u021bie de cur\u0103\u021benie \u0219i\/sau de procentul de reten\u021bie a\u00a0microorganismelor\u00a0poate fi ales din gama larg\u0103 de pl\u0103ci BECOPAD disponibile.<\/p>\n<p><span class=\"filtracion-n\">\u25b8 BECOPAD.<\/span>\u00a0<span class=\"descargar\"><a href=\"https:\/\/agrovin.com\/agrv\/pdf\/filtracion\/placas\/BECOPAD.pdf\" target=\"_blank\" rel=\"noopener noreferrer\">(desc\u0103rcare)<\/a><\/span><br \/>\n<span class=\"filtracion-n\">\u25b8 BECOPAD \u2013 Vin.<\/span>\u00a0<span class=\"descargar\"><a href=\"https:\/\/agrovin.com\/agrv\/pdf\/filtracion\/placas\/becopad_vino.pdf\" target=\"_blank\" rel=\"noopener noreferrer\">(desc\u0103rcare)<\/a><\/span><br \/>\n<span class=\"filtracion-n\">\u25b8 BECOPAD \u2013 Cea mai pur\u0103 cale spre vinuri grozave.<\/span>\u00a0<span class=\"descargar\"><a href=\"https:\/\/agrovin.com\/agrv\/pdf\/filtracion\/placas\/beco_camino.pdf\" target=\"_blank\" rel=\"noopener noreferrer\">(desc\u0103rcare)<\/a><\/span><br \/>\n<span class=\"filtracion-n\">\u25b8 BECOPAD \u2013 Cea mai delicat\u0103 filtrare pentru vinurile premium.<\/span>\u00a0<span class=\"descargar\"><a href=\"https:\/\/agrovin.com\/agrv\/pdf\/filtracion\/placas\/becopad_filtracion.pdf\" target=\"_blank\" rel=\"noopener noreferrer\">(desc\u0103rcare)<\/a><\/span><br \/>\n<span class=\"filtracion-n\">\u25b8 BECOPAD \u2013 tehnologie de filtrare de ultim\u0103 genera\u021bie.<\/span>\u00a0<span class=\"descargar\"><a href=\"https:\/\/agrovin.com\/agrv\/pdf\/filtracion\/placas\/becopad_tecnica.pdf\" target=\"_blank\" rel=\"noopener noreferrer\">(desc\u0103rcare)<\/a><\/span><\/p>\n","protected":false},"featured_media":14595,"template":"","meta":{"_acf_changed":false,"inline_featured_image":false,"site-sidebar-layout":"default","site-content-layout":"default","ast-site-content-layout":"default","site-content-style":"default","site-sidebar-style":"default","ast-global-header-display":"","ast-banner-title-visibility":"","ast-main-header-display":"","ast-hfb-above-header-display":"","ast-hfb-below-header-display":"","ast-hfb-mobile-header-display":"","site-post-title":"","ast-breadcrumbs-content":"","ast-featured-img":"","footer-sml-layout":"","ast-disable-related-posts":"","theme-transparent-header-meta":"default","adv-header-id-meta":"","stick-header-meta":"","header-above-stick-meta":"","header-main-stick-meta":"","header-below-stick-meta":"","astra-migrate-meta-layouts":"default","ast-page-background-enabled":"default","ast-page-background-meta":{"desktop":{"background-color":"var(--ast-global-color-5)","background-image":"","background-repeat":"repeat","background-position":"center center","background-size":"auto","background-attachment":"scroll","background-type":"","background-media":"","overlay-type":"","overlay-color":"","overlay-opacity":"","overlay-gradient":""},"tablet":{"background-color":"","background-image":"","background-repeat":"repeat","background-position":"center center","background-size":"auto","background-attachment":"scroll","background-type":"","background-media":"","overlay-type":"","overlay-color":"","overlay-opacity":"","overlay-gradient":""},"mobile":{"background-color":"","background-image":"","background-repeat":"repeat","background-position":"center center","background-size":"auto","background-attachment":"scroll","background-type":"","background-media":"","overlay-type":"","overlay-color":"","overlay-opacity":"","overlay-gradient":""}},"ast-content-background-meta":{"desktop":{"background-color":"var(--ast-global-color-4)","background-image":"","background-repeat":"repeat","background-position":"center center","background-size":"auto","background-attachment":"scroll","background-type":"","background-media":"","overlay-type":"","overlay-color":"","overlay-opacity":"","overlay-gradient":""},"tablet":{"background-color":"var(--ast-global-color-4)","background-image":"","background-repeat":"repeat","background-position":"center center","background-size":"auto","background-attachment":"scroll","background-type":"","background-media":"","overlay-type":"","overlay-color":"","overlay-opacity":"","overlay-gradient":""},"mobile":{"background-color":"var(--ast-global-color-4)","background-image":"","background-repeat":"repeat","background-position":"center center","background-size":"auto","background-attachment":"scroll","background-type":"","background-media":"","overlay-type":"","overlay-color":"","overlay-opacity":"","overlay-gradient":""}}},"product_brand":[],"product_cat":[360],"product_tag":[],"class_list":{"0":"post-102213","1":"product","2":"type-product","3":"status-publish","4":"has-post-thumbnail","6":"product_cat-produse-filtrare","7":"desktop-align-left","8":"tablet-align-left","9":"mobile-align-left","11":"first","12":"instock","13":"shipping-taxable","14":"product-type-simple"},"acf":[],"_links":{"self":[{"href":"https:\/\/agrovin.com\/ro\/wp-json\/wp\/v2\/product\/102213","targetHints":{"allow":["GET"]}}],"collection":[{"href":"https:\/\/agrovin.com\/ro\/wp-json\/wp\/v2\/product"}],"about":[{"href":"https:\/\/agrovin.com\/ro\/wp-json\/wp\/v2\/types\/product"}],"version-history":[{"count":1,"href":"https:\/\/agrovin.com\/ro\/wp-json\/wp\/v2\/product\/102213\/revisions"}],"predecessor-version":[{"id":116209,"href":"https:\/\/agrovin.com\/ro\/wp-json\/wp\/v2\/product\/102213\/revisions\/116209"}],"wp:featuredmedia":[{"embeddable":true,"href":"https:\/\/agrovin.com\/ro\/wp-json\/wp\/v2\/media\/14595"}],"wp:attachment":[{"href":"https:\/\/agrovin.com\/ro\/wp-json\/wp\/v2\/media?parent=102213"}],"wp:term":[{"taxonomy":"product_brand","embeddable":true,"href":"https:\/\/agrovin.com\/ro\/wp-json\/wp\/v2\/product_brand?post=102213"},{"taxonomy":"product_cat","embeddable":true,"href":"https:\/\/agrovin.com\/ro\/wp-json\/wp\/v2\/product_cat?post=102213"},{"taxonomy":"product_tag","embeddable":true,"href":"https:\/\/agrovin.com\/ro\/wp-json\/wp\/v2\/product_tag?post=102213"}],"curies":[{"name":"wp","href":"https:\/\/api.w.org\/{rel}","templated":true}]}}